{"id":174729,"date":"2022-10-20T01:30:25","date_gmt":"2022-10-19T23:30:25","guid":{"rendered":"http:\/\/dev.claret.cat\/producte\/per-que-plorem\/"},"modified":"2023-01-28T15:19:25","modified_gmt":"2023-01-28T14:19:25","slug":"per-que-plorem-9788417440145","status":"publish","type":"product","link":"https:\/\/www.claret.cat\/es\/libro\/per-que-plorem-9788417440145\/","title":{"rendered":"PER QU\u00c8 PLOREM?"},"content":{"rendered":"<p>\u00abPer qu\u00e8 plorem?\u00bb, pregunta el Mario a la mare. I ella li parla de n\u00favols, del mar, de pedres, de cofres i de murs.<br \/>Un po\u00e8tic \u00e0lbum il\u00b7lustrat que ens recorda que les ll\u00e0grimes ens reguen molt lentament i ens fan cr\u00e9ixer, ens calmen i s\u00f3n un b\u00e0lsam per a les ferides. I que tots plorem: nenes i nens, petits i grans, alts i baixos\u2026<\/p>\n","protected":false},"excerpt":{"rendered":"<p>PINTADERA, FRAN<\/p>\n","protected":false},"featured_media":174730,"template":"","meta":{"_acf_changed":false,"om_disable_all_campaigns":false,"rs_blank_template":"","rs_page_bg_color":"","slide_template_v7":"","inline_featured_image":false,"_monsterinsights_skip_tracking":false,"_monsterinsights_sitenote_active":false,"_monsterinsights_sitenote_note":"","_monsterinsights_sitenote_category":0},"product_brand":[],"product_cat":[86],"product_tag":[],"class_list":{"0":"post-174729","1":"product","2":"type-product","3":"status-publish","4":"has-post-thumbnail","6":"product_cat-infantil","8":"first","9":"instock","10":"taxable","11":"shipping-taxable","12":"purchasable","13":"product-type-simple"},"acf":{"autor":"PINTADERA, FRAN","codart":"841744014","libros-coleccion":"\u00c0lbums","ediciones":"1","encuadernacion":"Carton\u00e9","fecha_de_publicacion":"01\/10\/2018","novedad":"1","paginas":"40","subtitulo":"","orden":"0","portada":"0","idioma":"cat","editorial":[{"ID":6116,"post_author":"3","post_date":"2022-07-28 17:45:14","post_date_gmt":"2022-07-28 15:45:14","post_content":"","post_title":"Akiara Books","post_excerpt":"","post_status":"publish","comment_status":"closed","ping_status":"closed","post_password":"","post_name":"akiara-books","to_ping":"","pinged":"","post_modified":"2022-07-28 17:45:14","post_modified_gmt":"2022-07-28 15:45:14","post_content_filtered":"","post_parent":0,"guid":"http:\/\/dev.claret.cat\/editorial\/akiara-books\/","menu_order":0,"post_type":"editorial","post_mime_type":"","comment_count":"0","filter":"raw"}],"autores-libros":[{"ID":156047,"post_author":"3","post_date":"2022-10-14 15:17:42","post_date_gmt":"2022-10-14 13:17:42","post_content":"","post_title":"FRAN PINTADERA","post_excerpt":"","post_status":"publish","comment_status":"closed","ping_status":"closed","post_password":"","post_name":"fran-pintadera","to_ping":"","pinged":"","post_modified":"2022-10-14 15:17:42","post_modified_gmt":"2022-10-14 13:17:42","post_content_filtered":"","post_parent":0,"guid":"http:\/\/dev.claret.cat\/autor\/fran-pintadera\/","menu_order":0,"post_type":"autor","post_mime_type":"","comment_count":"0","filter":"raw"}]},"aioseo_notices":[],"_links":{"self":[{"href":"https:\/\/www.claret.cat\/es\/wp-json\/wp\/v2\/product\/174729","targetHints":{"allow":["GET"]}}],"collection":[{"href":"https:\/\/www.claret.cat\/es\/wp-json\/wp\/v2\/product"}],"about":[{"href":"https:\/\/www.claret.cat\/es\/wp-json\/wp\/v2\/types\/product"}],"wp:featuredmedia":[{"embeddable":true,"href":"https:\/\/www.claret.cat\/es\/wp-json\/wp\/v2\/media\/174730"}],"wp:attachment":[{"href":"https:\/\/www.claret.cat\/es\/wp-json\/wp\/v2\/media?parent=174729"}],"wp:term":[{"taxonomy":"product_brand","embeddable":true,"href":"https:\/\/www.claret.cat\/es\/wp-json\/wp\/v2\/product_brand?post=174729"},{"taxonomy":"product_cat","embeddable":true,"href":"https:\/\/www.claret.cat\/es\/wp-json\/wp\/v2\/product_cat?post=174729"},{"taxonomy":"product_tag","embeddable":true,"href":"https:\/\/www.claret.cat\/es\/wp-json\/wp\/v2\/product_tag?post=174729"}],"curies":[{"name":"wp","href":"https:\/\/api.w.org\/{rel}","templated":true}]}}