{"id":174732,"date":"2022-10-20T01:30:29","date_gmt":"2022-10-19T23:30:29","guid":{"rendered":"http:\/\/dev.claret.cat\/producte\/por-que-lloramos\/"},"modified":"2023-01-28T11:35:48","modified_gmt":"2023-01-28T10:35:48","slug":"por-que-lloramos-9788417440152","status":"publish","type":"product","link":"https:\/\/www.claret.cat\/es\/libro\/por-que-lloramos-9788417440152\/","title":{"rendered":"\u00bfPOR QU\u00c9 LLORAMOS?"},"content":{"rendered":"<p>\u00ab\u00bfPor qu\u00e9 lloramos?\u00bb, pregunta Mario a su madre. Y ella le habla de nubes, del mar, de piedras, de cofres y de muros.<br \/>Un po\u00e9tico \u00e1lbum ilustrado que nos recuerda que las l\u00e1grimas nos riegan muy lentamente y nos ayudan a crecer, nos calman y son un b\u00e1lsamo para las heridas. Y que todos lloramos: ni\u00f1as y ni\u00f1os, peque\u00f1os y grandes, altos y bajos\u2026<\/p>\n","protected":false},"excerpt":{"rendered":"<p>PINTADERA, FRAN<\/p>\n","protected":false},"featured_media":174733,"template":"","meta":{"_acf_changed":false,"om_disable_all_campaigns":false,"rs_blank_template":"","rs_page_bg_color":"","slide_template_v7":"","inline_featured_image":false,"_monsterinsights_skip_tracking":false,"_monsterinsights_sitenote_active":false,"_monsterinsights_sitenote_note":"","_monsterinsights_sitenote_category":0},"product_brand":[],"product_cat":[86],"product_tag":[],"class_list":{"0":"post-174732","1":"product","2":"type-product","3":"status-publish","4":"has-post-thumbnail","6":"product_cat-infantil","8":"first","9":"instock","10":"taxable","11":"shipping-taxable","12":"purchasable","13":"product-type-simple"},"acf":{"autor":"PINTADERA, FRAN","codart":"841744015","libros-coleccion":"Reportaxe","ediciones":"1","encuadernacion":"Carton\u00e9","fecha_de_publicacion":"01\/10\/2018","novedad":"1","paginas":"40","subtitulo":"","orden":"0","portada":"0","idioma":"spa","editorial":[{"ID":6116,"post_author":"3","post_date":"2022-07-28 17:45:14","post_date_gmt":"2022-07-28 15:45:14","post_content":"","post_title":"Akiara Books","post_excerpt":"","post_status":"publish","comment_status":"closed","ping_status":"closed","post_password":"","post_name":"akiara-books","to_ping":"","pinged":"","post_modified":"2022-07-28 17:45:14","post_modified_gmt":"2022-07-28 15:45:14","post_content_filtered":"","post_parent":0,"guid":"http:\/\/dev.claret.cat\/editorial\/akiara-books\/","menu_order":0,"post_type":"editorial","post_mime_type":"","comment_count":"0","filter":"raw"}],"autores-libros":[{"ID":156047,"post_author":"3","post_date":"2022-10-14 15:17:42","post_date_gmt":"2022-10-14 13:17:42","post_content":"","post_title":"FRAN PINTADERA","post_excerpt":"","post_status":"publish","comment_status":"closed","ping_status":"closed","post_password":"","post_name":"fran-pintadera","to_ping":"","pinged":"","post_modified":"2022-10-14 15:17:42","post_modified_gmt":"2022-10-14 13:17:42","post_content_filtered":"","post_parent":0,"guid":"http:\/\/dev.claret.cat\/autor\/fran-pintadera\/","menu_order":0,"post_type":"autor","post_mime_type":"","comment_count":"0","filter":"raw"}]},"aioseo_notices":[],"_links":{"self":[{"href":"https:\/\/www.claret.cat\/es\/wp-json\/wp\/v2\/product\/174732","targetHints":{"allow":["GET"]}}],"collection":[{"href":"https:\/\/www.claret.cat\/es\/wp-json\/wp\/v2\/product"}],"about":[{"href":"https:\/\/www.claret.cat\/es\/wp-json\/wp\/v2\/types\/product"}],"wp:featuredmedia":[{"embeddable":true,"href":"https:\/\/www.claret.cat\/es\/wp-json\/wp\/v2\/media\/174733"}],"wp:attachment":[{"href":"https:\/\/www.claret.cat\/es\/wp-json\/wp\/v2\/media?parent=174732"}],"wp:term":[{"taxonomy":"product_brand","embeddable":true,"href":"https:\/\/www.claret.cat\/es\/wp-json\/wp\/v2\/product_brand?post=174732"},{"taxonomy":"product_cat","embeddable":true,"href":"https:\/\/www.claret.cat\/es\/wp-json\/wp\/v2\/product_cat?post=174732"},{"taxonomy":"product_tag","embeddable":true,"href":"https:\/\/www.claret.cat\/es\/wp-json\/wp\/v2\/product_tag?post=174732"}],"curies":[{"name":"wp","href":"https:\/\/api.w.org\/{rel}","templated":true}]}}