{"id":174750,"date":"2022-10-20T01:30:51","date_gmt":"2022-10-19T23:30:51","guid":{"rendered":"http:\/\/dev.claret.cat\/producte\/100-secrets-dels-oceans\/"},"modified":"2023-01-28T00:56:21","modified_gmt":"2023-01-27T23:56:21","slug":"100-secrets-dels-oceans-9788490347614","status":"publish","type":"product","link":"https:\/\/www.claret.cat\/es\/libro\/100-secrets-dels-oceans-9788490347614\/","title":{"rendered":"100 SECRETS DELS OCEANS"},"content":{"rendered":"<p>Quin \u00e9s el secret molecular de l\u2019aroma del mar? Com es forma un tsunami? Quin lligam hi ha entre la Lluna i el pl\u00e0ncton? Per quin motiu es pesquen m\u00e9s gambes els divendres? Quina for\u00e7a empeny els icebergs en una direcci\u00f3 diferent de la del vent? Els calamars es comuniquen amb senyals de llum sobre el seu cos? Com afecten els oceans en el clima de la Terra? La superviv\u00e8ncia de quin organisme mar\u00ed dep\u00e8n de tenir orgasmes simultanis? D\u2019on va sortir l\u2019aigua dels oceans? Les 100 curiositats que trobem en aquest llibre ens ajuden a descobrir, entendre i valorar els oceans. Uns oceans que, no ho oblidem, constitueixen la major part del nostre planeta, i tamb\u00e9 la m\u00e9s desconeguda, i dels quals la nostra vida dep\u00e8n molt m\u00e9s estretament del que pot semblar.<\/p>\n","protected":false},"excerpt":{"rendered":"<p>CLOSA I AUTET , DANIEL \/ GARC\u00c9S I PIERES , ESTHER<\/p>\n","protected":false},"featured_media":320511,"template":"","meta":{"_acf_changed":false,"om_disable_all_campaigns":false,"rs_blank_template":"","rs_page_bg_color":"","slide_template_v7":"","inline_featured_image":false,"_monsterinsights_skip_tracking":false,"_monsterinsights_sitenote_active":false,"_monsterinsights_sitenote_note":"","_monsterinsights_sitenote_category":0},"product_brand":[],"product_cat":[104,554],"product_tag":[],"class_list":{"0":"post-174750","1":"product","2":"type-product","3":"status-publish","4":"has-post-thumbnail","6":"product_cat-ciencia","7":"product_cat-ciencia-5_otras-spa","9":"first","10":"instock","11":"taxable","12":"shipping-taxable","13":"purchasable","14":"product-type-simple"},"acf":{"autor":"CLOSA I AUTET , DANIEL \/ GARC\u00c9S I PIERES , ESTHER","codart":"849034761","libros-coleccion":"De 100 en 100","ediciones":"1","encuadernacion":"R\u00fastica","fecha_de_publicacion":"01\/10\/2018","novedad":"1","paginas":"216","subtitulo":"","orden":"0","portada":"0","idioma":"cat","editorial":[{"ID":6171,"post_author":"3","post_date":"2022-07-28 17:46:25","post_date_gmt":"2022-07-28 15:46:25","post_content":"","post_title":"COSSETANIA EDICIONS","post_excerpt":"","post_status":"publish","comment_status":"closed","ping_status":"closed","post_password":"","post_name":"cossetania-edicions","to_ping":"","pinged":"","post_modified":"2022-07-28 17:46:25","post_modified_gmt":"2022-07-28 15:46:25","post_content_filtered":"","post_parent":0,"guid":"http:\/\/dev.claret.cat\/editorial\/cossetania-edicions\/","menu_order":0,"post_type":"editorial","post_mime_type":"","comment_count":"0","filter":"raw"}],"autores-libros":[{"ID":320510,"post_author":"3","post_date":"2023-01-03 00:24:56","post_date_gmt":"2023-01-02 23:24:56","post_content":"","post_title":"ESTHER GARC\u00c9S I PIERES","post_excerpt":"","post_status":"publish","comment_status":"closed","ping_status":"closed","post_password":"","post_name":"esther-garces-i-pieres","to_ping":"","pinged":"","post_modified":"2023-01-03 00:24:56","post_modified_gmt":"2023-01-02 23:24:56","post_content_filtered":"","post_parent":0,"guid":"https:\/\/www.claret.cat\/autor\/esther-garces-i-pieres\/","menu_order":0,"post_type":"autor","post_mime_type":"","comment_count":"0","filter":"raw"},{"ID":153561,"post_author":"3","post_date":"2022-10-14 14:57:44","post_date_gmt":"2022-10-14 12:57:44","post_content":"","post_title":"DANIEL CLOSA I AUTET","post_excerpt":"","post_status":"publish","comment_status":"closed","ping_status":"closed","post_password":"","post_name":"daniel-closa-i-autet","to_ping":"","pinged":"","post_modified":"2022-10-14 14:57:44","post_modified_gmt":"2022-10-14 12:57:44","post_content_filtered":"","post_parent":0,"guid":"http:\/\/dev.claret.cat\/autor\/daniel-closa-i-autet\/","menu_order":0,"post_type":"autor","post_mime_type":"","comment_count":"0","filter":"raw"}]},"aioseo_notices":[],"_links":{"self":[{"href":"https:\/\/www.claret.cat\/es\/wp-json\/wp\/v2\/product\/174750","targetHints":{"allow":["GET"]}}],"collection":[{"href":"https:\/\/www.claret.cat\/es\/wp-json\/wp\/v2\/product"}],"about":[{"href":"https:\/\/www.claret.cat\/es\/wp-json\/wp\/v2\/types\/product"}],"wp:featuredmedia":[{"embeddable":true,"href":"https:\/\/www.claret.cat\/es\/wp-json\/wp\/v2\/media\/320511"}],"wp:attachment":[{"href":"https:\/\/www.claret.cat\/es\/wp-json\/wp\/v2\/media?parent=174750"}],"wp:term":[{"taxonomy":"product_brand","embeddable":true,"href":"https:\/\/www.claret.cat\/es\/wp-json\/wp\/v2\/product_brand?post=174750"},{"taxonomy":"product_cat","embeddable":true,"href":"https:\/\/www.claret.cat\/es\/wp-json\/wp\/v2\/product_cat?post=174750"},{"taxonomy":"product_tag","embeddable":true,"href":"https:\/\/www.claret.cat\/es\/wp-json\/wp\/v2\/product_tag?post=174750"}],"curies":[{"name":"wp","href":"https:\/\/api.w.org\/{rel}","templated":true}]}}