{"id":174765,"date":"2022-10-20T01:31:09","date_gmt":"2022-10-19T23:31:09","guid":{"rendered":"http:\/\/dev.claret.cat\/producte\/delicies-en-llauna\/"},"modified":"2023-01-28T16:59:14","modified_gmt":"2023-01-28T15:59:14","slug":"delicies-en-llauna-9788490347782","status":"publish","type":"product","link":"https:\/\/www.claret.cat\/es\/libro\/delicies-en-llauna-9788490347782\/","title":{"rendered":"DEL\u00cdCIES EN LLAUNA"},"content":{"rendered":"<p>Tan f\u00e0cil com obrir una llauna i posar-hi un toc personal. Aquestes noves i originals tapes sorprendran gratament a familiars, amics i convidats. Receptes f\u00e0cils i r\u00e0pides de preparar, amb llaunes que sempre tens a m\u00e0 al rebost: anxoves, ous de peix, olives, gules, sardines, escopinyes&#8230; i moltes m\u00e9s<\/p>\n","protected":false},"excerpt":{"rendered":"<p>MONN\u00c9 CAMPA\u00d1\u00c1, TONI<\/p>\n","protected":false},"featured_media":320532,"template":"","meta":{"_acf_changed":false,"om_disable_all_campaigns":false,"rs_blank_template":"","rs_page_bg_color":"","slide_template_v7":"","inline_featured_image":false,"_monsterinsights_skip_tracking":false,"_monsterinsights_sitenote_active":false,"_monsterinsights_sitenote_note":"","_monsterinsights_sitenote_category":0},"product_brand":[],"product_cat":[553,103],"product_tag":[],"class_list":{"0":"post-174765","1":"product","2":"type-product","3":"status-publish","4":"has-post-thumbnail","6":"product_cat-cocina","7":"product_cat-cuina","9":"first","10":"instock","11":"taxable","12":"shipping-taxable","13":"purchasable","14":"product-type-simple"},"acf":{"autor":"MONN\u00c9 CAMPA\u00d1\u00c1, TONI","codart":"849034778","libros-coleccion":"NOVELAS ORIGINALES","ediciones":"1","encuadernacion":"Carton\u00e9","fecha_de_publicacion":"01\/10\/2018","novedad":"1","paginas":"62","subtitulo":"","orden":"0","portada":"0","idioma":"cat","editorial":[{"ID":6171,"post_author":"3","post_date":"2022-07-28 17:46:25","post_date_gmt":"2022-07-28 15:46:25","post_content":"","post_title":"COSSETANIA EDICIONS","post_excerpt":"","post_status":"publish","comment_status":"closed","ping_status":"closed","post_password":"","post_name":"cossetania-edicions","to_ping":"","pinged":"","post_modified":"2022-07-28 17:46:25","post_modified_gmt":"2022-07-28 15:46:25","post_content_filtered":"","post_parent":0,"guid":"http:\/\/dev.claret.cat\/editorial\/cossetania-edicions\/","menu_order":0,"post_type":"editorial","post_mime_type":"","comment_count":"0","filter":"raw"}],"autores-libros":[{"ID":319845,"post_author":"3","post_date":"2023-01-02 23:41:54","post_date_gmt":"2023-01-02 22:41:54","post_content":"","post_title":"TONI MONN\u00c9 CAMPA\u00d1\u00c1","post_excerpt":"","post_status":"publish","comment_status":"closed","ping_status":"closed","post_password":"","post_name":"toni-monne-campana","to_ping":"","pinged":"","post_modified":"2023-01-02 23:41:54","post_modified_gmt":"2023-01-02 22:41:54","post_content_filtered":"","post_parent":0,"guid":"https:\/\/www.claret.cat\/autor\/toni-monne-campana\/","menu_order":0,"post_type":"autor","post_mime_type":"","comment_count":"0","filter":"raw"}]},"aioseo_notices":[],"_links":{"self":[{"href":"https:\/\/www.claret.cat\/es\/wp-json\/wp\/v2\/product\/174765","targetHints":{"allow":["GET"]}}],"collection":[{"href":"https:\/\/www.claret.cat\/es\/wp-json\/wp\/v2\/product"}],"about":[{"href":"https:\/\/www.claret.cat\/es\/wp-json\/wp\/v2\/types\/product"}],"wp:featuredmedia":[{"embeddable":true,"href":"https:\/\/www.claret.cat\/es\/wp-json\/wp\/v2\/media\/320532"}],"wp:attachment":[{"href":"https:\/\/www.claret.cat\/es\/wp-json\/wp\/v2\/media?parent=174765"}],"wp:term":[{"taxonomy":"product_brand","embeddable":true,"href":"https:\/\/www.claret.cat\/es\/wp-json\/wp\/v2\/product_brand?post=174765"},{"taxonomy":"product_cat","embeddable":true,"href":"https:\/\/www.claret.cat\/es\/wp-json\/wp\/v2\/product_cat?post=174765"},{"taxonomy":"product_tag","embeddable":true,"href":"https:\/\/www.claret.cat\/es\/wp-json\/wp\/v2\/product_tag?post=174765"}],"curies":[{"name":"wp","href":"https:\/\/api.w.org\/{rel}","templated":true}]}}