{"id":174771,"date":"2022-10-20T01:31:16","date_gmt":"2022-10-19T23:31:16","guid":{"rendered":"http:\/\/dev.claret.cat\/producte\/indiana-o-las-pasiones-de-madame-delmare\/"},"modified":"2023-01-28T03:52:59","modified_gmt":"2023-01-28T02:52:59","slug":"indiana-o-las-pasiones-de-madame-delmare-9788494687563","status":"publish","type":"product","link":"https:\/\/www.claret.cat\/es\/libro\/indiana-o-las-pasiones-de-madame-delmare-9788494687563\/","title":{"rendered":"INDIANA, O LAS PASIONES DE MADAME DELMARE"},"content":{"rendered":"<p>Apasionante novela que narra la historia de Indiana, una bella e inocente joven obligada a contraer un matrimonio de conveniencia con el se\u00f1or Delmare, un estricto y anciano coronel ya retirado. La joven e infeliz esposa vive una existencia anodina en una rica mansi\u00f3n de provincias hasta que se enamora perdidamente del apuesto Raymon de Rami\u00e8re,un arist\u00f3crata fr\u00edvolo y aparentemente encantador que subvierte toda su existencia.La inconstancia en los sentimientos de Raymon y su enga\u00f1osa personalidad har\u00e1n tambalear el coraz\u00f3n de madame Delmare entre la indignaci\u00f3n y una atracci\u00f3n imposible de dominar, poniendo en peligro su honor.La novela,abordando temas como el adulterio y la desigualdad de g\u00e9nero,esconde una s\u00faplica apasionada por un cambio en las injustas leyes matrimoniales de la \u00e9poca.<\/p>\n","protected":false},"excerpt":{"rendered":"<p>SAND, GEORGE<\/p>\n","protected":false},"featured_media":174772,"template":"","meta":{"_acf_changed":false,"om_disable_all_campaigns":false,"rs_blank_template":"","rs_page_bg_color":"","slide_template_v7":"","inline_featured_image":false,"_monsterinsights_skip_tracking":false,"_monsterinsights_sitenote_active":false,"_monsterinsights_sitenote_note":"","_monsterinsights_sitenote_category":0},"product_brand":[],"product_cat":[87],"product_tag":[],"class_list":{"0":"post-174771","1":"product","2":"type-product","3":"status-publish","4":"has-post-thumbnail","6":"product_cat-literatura","8":"first","9":"instock","10":"taxable","11":"shipping-taxable","12":"purchasable","13":"product-type-simple"},"acf":{"autor":"SAND, GEORGE","codart":"849468756","libros-coleccion":"DELICATESSEN","ediciones":"1","encuadernacion":"Carton\u00e9","fecha_de_publicacion":"01\/10\/2018","novedad":"1","paginas":"334","subtitulo":"EDICI\u00d3N ILUSTRADA","orden":"0","portada":"0","idioma":"spa","editorial":[{"ID":147707,"post_author":"3","post_date":"2022-10-14 11:52:37","post_date_gmt":"2022-10-14 09:52:37","post_content":"","post_title":"DEPOCA","post_excerpt":"","post_status":"publish","comment_status":"closed","ping_status":"closed","post_password":"","post_name":"depoca","to_ping":"","pinged":"","post_modified":"2022-10-14 11:52:37","post_modified_gmt":"2022-10-14 09:52:37","post_content_filtered":"","post_parent":0,"guid":"http:\/\/dev.claret.cat\/editorial\/depoca\/","menu_order":0,"post_type":"editorial","post_mime_type":"","comment_count":"0","filter":"raw"}],"autores-libros":[{"ID":156744,"post_author":"3","post_date":"2022-10-14 15:23:16","post_date_gmt":"2022-10-14 13:23:16","post_content":"","post_title":"GEORGE SAND","post_excerpt":"","post_status":"publish","comment_status":"closed","ping_status":"closed","post_password":"","post_name":"george-sand","to_ping":"","pinged":"","post_modified":"2022-10-14 15:23:16","post_modified_gmt":"2022-10-14 13:23:16","post_content_filtered":"","post_parent":0,"guid":"http:\/\/dev.claret.cat\/autor\/george-sand\/","menu_order":0,"post_type":"autor","post_mime_type":"","comment_count":"0","filter":"raw"}]},"aioseo_notices":[],"_links":{"self":[{"href":"https:\/\/www.claret.cat\/es\/wp-json\/wp\/v2\/product\/174771","targetHints":{"allow":["GET"]}}],"collection":[{"href":"https:\/\/www.claret.cat\/es\/wp-json\/wp\/v2\/product"}],"about":[{"href":"https:\/\/www.claret.cat\/es\/wp-json\/wp\/v2\/types\/product"}],"wp:featuredmedia":[{"embeddable":true,"href":"https:\/\/www.claret.cat\/es\/wp-json\/wp\/v2\/media\/174772"}],"wp:attachment":[{"href":"https:\/\/www.claret.cat\/es\/wp-json\/wp\/v2\/media?parent=174771"}],"wp:term":[{"taxonomy":"product_brand","embeddable":true,"href":"https:\/\/www.claret.cat\/es\/wp-json\/wp\/v2\/product_brand?post=174771"},{"taxonomy":"product_cat","embeddable":true,"href":"https:\/\/www.claret.cat\/es\/wp-json\/wp\/v2\/product_cat?post=174771"},{"taxonomy":"product_tag","embeddable":true,"href":"https:\/\/www.claret.cat\/es\/wp-json\/wp\/v2\/product_tag?post=174771"}],"curies":[{"name":"wp","href":"https:\/\/api.w.org\/{rel}","templated":true}]}}