{"id":1748,"date":"2022-07-27T20:59:43","date_gmt":"2022-07-27T18:59:43","guid":{"rendered":"http:\/\/dev.claret.cat\/producto\/ensena-a-tus-hijos-a-ser-ordenados-9788491649069\/"},"modified":"2023-01-28T00:53:48","modified_gmt":"2023-01-27T23:53:48","slug":"ensena-a-tus-hijos-a-ser-ordenados-9788491649069","status":"publish","type":"product","link":"https:\/\/www.claret.cat\/es\/libro\/ensena-a-tus-hijos-a-ser-ordenados-9788491649069\/","title":{"rendered":"ENSE\u00d1A A TUS HIJOS A SER ORDENADOS"},"content":{"rendered":"<p>Todos los padres sue\u00f1an con tener hijos ordenados, pero no saben c\u00f3mo educarlos para alcanzar ese fin. Este libro pr\u00e1ctico, escrito por una especialista en organizaci\u00f3n infantil, les ayudar\u00e1 a lograrlo con un m\u00e9todo eficaz y divertido que, adem\u00e1s, contribuir\u00e1 a la armon\u00eda familiar.Dedicado a madres, padres y educadores que conviven con ni\u00f1os hasta aproximadamente los 10 a\u00f1os de edad, ofrece herramientas, claves y numerosos ejemplos para una educaci\u00f3n en el orden sin gritos ni peleas, sin sensaci\u00f3n general de caos, y disfrutando de dicha ense\u00f1anza.\u00bfPreparados para descubrirlos?<\/p>\n","protected":false},"excerpt":{"rendered":"<p>FERR\u00c1NDEZ, PATRICIA<\/p>\n","protected":false},"featured_media":65616,"template":"","meta":{"_acf_changed":false,"om_disable_all_campaigns":false,"rs_blank_template":"","rs_page_bg_color":"","slide_template_v7":"","inline_featured_image":false,"_monsterinsights_skip_tracking":false,"_monsterinsights_sitenote_active":false,"_monsterinsights_sitenote_note":"","_monsterinsights_sitenote_category":0},"product_brand":[],"product_cat":[187,452],"product_tag":[],"class_list":{"0":"post-1748","1":"product","2":"type-product","3":"status-publish","4":"has-post-thumbnail","6":"product_cat-organitzacio-i-gestio","7":"product_cat-organizacion-y-gestion","9":"first","10":"instock","11":"taxable","12":"shipping-taxable","13":"purchasable","14":"product-type-simple"},"acf":{"autor":"FERR\u00c1NDEZ, PATRICIA","codart":"849164906","ediciones":"1","encuadernacion":"R\u00fastica","fecha_de_publicacion":"01\/10\/2020","novedad":"1","paginas":"299","subtitulo":"UN M\u00c9TODO EFICAZ Y DIVERTIDO PARA ALCANZAR LA ARMON\u00cdA FAMILIAR","orden":"0","portada":"0","idioma":"spa","libros-coleccion":"Psicolog\u00eda y salud","autores-libros":[{"ID":5922,"post_author":"3","post_date":"2022-07-28 17:34:22","post_date_gmt":"2022-07-28 15:34:22","post_content":"","post_title":"PATRICIA FERR\u00c1NDEZ","post_excerpt":"","post_status":"publish","comment_status":"closed","ping_status":"closed","post_password":"","post_name":"patricia-ferrandez","to_ping":"","pinged":"","post_modified":"2022-07-28 17:34:22","post_modified_gmt":"2022-07-28 15:34:22","post_content_filtered":"","post_parent":0,"guid":"http:\/\/dev.claret.cat\/autor\/patricia-ferrandez\/","menu_order":0,"post_type":"autor","post_mime_type":"","comment_count":"0","filter":"raw"}],"editorial":[{"ID":6277,"post_author":"3","post_date":"2022-07-28 17:48:44","post_date_gmt":"2022-07-28 15:48:44","post_content":"","post_title":"LA ESFERA DE LOS LIBROS","post_excerpt":"","post_status":"publish","comment_status":"closed","ping_status":"closed","post_password":"","post_name":"la-esfera-de-los-libros","to_ping":"","pinged":"","post_modified":"2022-07-28 17:48:44","post_modified_gmt":"2022-07-28 15:48:44","post_content_filtered":"","post_parent":0,"guid":"http:\/\/dev.claret.cat\/editorial\/la-esfera-de-los-libros\/","menu_order":0,"post_type":"editorial","post_mime_type":"","comment_count":"0","filter":"raw"}]},"aioseo_notices":[],"_links":{"self":[{"href":"https:\/\/www.claret.cat\/es\/wp-json\/wp\/v2\/product\/1748","targetHints":{"allow":["GET"]}}],"collection":[{"href":"https:\/\/www.claret.cat\/es\/wp-json\/wp\/v2\/product"}],"about":[{"href":"https:\/\/www.claret.cat\/es\/wp-json\/wp\/v2\/types\/product"}],"wp:featuredmedia":[{"embeddable":true,"href":"https:\/\/www.claret.cat\/es\/wp-json\/wp\/v2\/media\/65616"}],"wp:attachment":[{"href":"https:\/\/www.claret.cat\/es\/wp-json\/wp\/v2\/media?parent=1748"}],"wp:term":[{"taxonomy":"product_brand","embeddable":true,"href":"https:\/\/www.claret.cat\/es\/wp-json\/wp\/v2\/product_brand?post=1748"},{"taxonomy":"product_cat","embeddable":true,"href":"https:\/\/www.claret.cat\/es\/wp-json\/wp\/v2\/product_cat?post=1748"},{"taxonomy":"product_tag","embeddable":true,"href":"https:\/\/www.claret.cat\/es\/wp-json\/wp\/v2\/product_tag?post=1748"}],"curies":[{"name":"wp","href":"https:\/\/api.w.org\/{rel}","templated":true}]}}