{"id":174876,"date":"2022-10-20T01:33:21","date_gmt":"2022-10-19T23:33:21","guid":{"rendered":"http:\/\/dev.claret.cat\/producte\/a-tocar-del-cel\/"},"modified":"2023-01-28T11:14:40","modified_gmt":"2023-01-28T10:14:40","slug":"a-tocar-del-cel-9788490347409","status":"publish","type":"product","link":"https:\/\/www.claret.cat\/es\/libro\/a-tocar-del-cel-9788490347409\/","title":{"rendered":"A TOCAR DEL CEL"},"content":{"rendered":"<p>Enlairades, a tocar del cel, moltes ermites del nostre pa\u00eds busquen apropar-se a D\u00e9u. En aquest llibre trobareu una vintena d&#8217;itineraris per fer a peu i en cotxe que us permetran visitar diferents ermites i santuaris repartits per tot el territori catal\u00e0, com s\u00f3n l&#8217;ermita de Sant Quirc de Durro a l&#8217;Alta Ribagor\u00e7a, l&#8217;ermita de Puigcerver al Baix Camp, el santuari del Far a la Selva o el santuari de Bellmunt a Osona. A m\u00e9s, s&#8217;hi inclou un cap\u00edtol final amb una trentena m\u00e9s d&#8217;ermites, classificades per comarques, que tamb\u00e9 convida a la descoberta. Es tracta d&#8217;un llibre imbu\u00eft d&#8217;una certa espiritualitat que, de ben segur, us permetr\u00e0 escoltar les hist\u00f2ries sorprenents dels ermitans de cada santuari sobre les llegendes, la fundaci\u00f3 i altres an\u00e8cdotes al voltant del lloc.<\/p>\n","protected":false},"excerpt":{"rendered":"<p>BASTART I CASS\u00c9, JORDI<\/p>\n","protected":false},"featured_media":320490,"template":"","meta":{"_acf_changed":false,"om_disable_all_campaigns":false,"rs_blank_template":"","rs_page_bg_color":"","slide_template_v7":"","inline_featured_image":false,"_monsterinsights_skip_tracking":false,"_monsterinsights_sitenote_active":false,"_monsterinsights_sitenote_note":"","_monsterinsights_sitenote_category":0},"product_brand":[],"product_cat":[110,560,557,107],"product_tag":[],"class_list":{"0":"post-174876","1":"product","2":"type-product","3":"status-publish","4":"has-post-thumbnail","6":"product_cat-art","7":"product_cat-arte","8":"product_cat-guias-de-viaje","9":"product_cat-guies-de-viatge","11":"first","12":"instock","13":"taxable","14":"shipping-taxable","15":"purchasable","16":"product-type-simple"},"acf":{"autor":"BASTART I CASS\u00c9, JORDI","codart":"849034740","libros-coleccion":"Azimut Turisme","ediciones":"1","encuadernacion":"R\u00fastica","fecha_de_publicacion":"01\/10\/2018","novedad":"1","paginas":"143","subtitulo":"50 ERMITES I SANTUARIS DE MUNTANYA DE CATALUNYA","orden":"0","portada":"0","idioma":"cat","editorial":[{"ID":6171,"post_author":"3","post_date":"2022-07-28 17:46:25","post_date_gmt":"2022-07-28 15:46:25","post_content":"","post_title":"COSSETANIA EDICIONS","post_excerpt":"","post_status":"publish","comment_status":"closed","ping_status":"closed","post_password":"","post_name":"cossetania-edicions","to_ping":"","pinged":"","post_modified":"2022-07-28 17:46:25","post_modified_gmt":"2022-07-28 15:46:25","post_content_filtered":"","post_parent":0,"guid":"http:\/\/dev.claret.cat\/editorial\/cossetania-edicions\/","menu_order":0,"post_type":"editorial","post_mime_type":"","comment_count":"0","filter":"raw"}],"autores-libros":[{"ID":159827,"post_author":"3","post_date":"2022-10-14 15:48:03","post_date_gmt":"2022-10-14 13:48:03","post_content":"","post_title":"JORDI BASTART I CASS\u00c9","post_excerpt":"","post_status":"publish","comment_status":"closed","ping_status":"closed","post_password":"","post_name":"jordi-bastart-i-casse","to_ping":"","pinged":"","post_modified":"2022-10-14 15:48:03","post_modified_gmt":"2022-10-14 13:48:03","post_content_filtered":"","post_parent":0,"guid":"http:\/\/dev.claret.cat\/autor\/jordi-bastart-i-casse\/","menu_order":0,"post_type":"autor","post_mime_type":"","comment_count":"0","filter":"raw"}]},"aioseo_notices":[],"_links":{"self":[{"href":"https:\/\/www.claret.cat\/es\/wp-json\/wp\/v2\/product\/174876","targetHints":{"allow":["GET"]}}],"collection":[{"href":"https:\/\/www.claret.cat\/es\/wp-json\/wp\/v2\/product"}],"about":[{"href":"https:\/\/www.claret.cat\/es\/wp-json\/wp\/v2\/types\/product"}],"wp:featuredmedia":[{"embeddable":true,"href":"https:\/\/www.claret.cat\/es\/wp-json\/wp\/v2\/media\/320490"}],"wp:attachment":[{"href":"https:\/\/www.claret.cat\/es\/wp-json\/wp\/v2\/media?parent=174876"}],"wp:term":[{"taxonomy":"product_brand","embeddable":true,"href":"https:\/\/www.claret.cat\/es\/wp-json\/wp\/v2\/product_brand?post=174876"},{"taxonomy":"product_cat","embeddable":true,"href":"https:\/\/www.claret.cat\/es\/wp-json\/wp\/v2\/product_cat?post=174876"},{"taxonomy":"product_tag","embeddable":true,"href":"https:\/\/www.claret.cat\/es\/wp-json\/wp\/v2\/product_tag?post=174876"}],"curies":[{"name":"wp","href":"https:\/\/api.w.org\/{rel}","templated":true}]}}