{"id":174891,"date":"2022-10-20T01:33:39","date_gmt":"2022-10-19T23:33:39","guid":{"rendered":"http:\/\/dev.claret.cat\/producte\/fotografia-digital-en-blanco-y-negro\/"},"modified":"2025-04-28T12:15:17","modified_gmt":"2025-04-28T10:15:17","slug":"fotografia-digital-en-blanco-y-negro-9788415131861","status":"publish","type":"product","link":"https:\/\/www.claret.cat\/es\/libro\/fotografia-digital-en-blanco-y-negro-9788415131861\/","title":{"rendered":"FOTOGRAF\u00cdA DIGITAL EN BLANCO Y NEGRO"},"content":{"rendered":"<p>La fotograf\u00eda es una disciplina art\u00edstica que se ha mantenido siempre en constante evoluci\u00f3n, del colodi\u00f3n al negativo fotogr\u00e1fico, y de \u00e9ste al archivo de imagen digital. En este largo camino, parece que la fotograf\u00eda en blanco y negro hubiera tenido que desaparecer, para dejar paso a otras formas de expresi\u00f3n m\u00e1s actuales; sin embargo, hoy sigue m\u00e1s viva que nunca, ofreciendo al fot\u00f3grafo moderno las herramientas necesarias para dominar el arte de la fotograf\u00eda monocrom\u00e1tica.<br \/>Este libro aborda de una manera sencilla y did\u00e1ctica, las nuevas t\u00e9cnicas de fotograf\u00eda digital para obtener im\u00e1genes en blanco y negro. En sus cap\u00edtulos, se desgranan minuciosa y gr\u00e1ficamente, aspectos tan importantes como el concepto de visi\u00f3n fotogr\u00e1fica, el procesado de un archivo raw, los nuevos m\u00e9todos de conversi\u00f3n monocrom\u00e1tica, o las t\u00e9cnicas de tratamiento de una fotograf\u00eda en blanco y negro, a trav\u00e9s del \u201claboratorio digital\u201d.<br \/>El resultado del m\u00e9todo de trabajo propuesto es visible en una segunda parte del libro, a trav\u00e9s de 50 fotograf\u00edas del autor que se completan con amplias y detalladas explicaciones sobre su concepci\u00f3n, desarrollo y ejecuci\u00f3n t\u00e9cnica.<br \/>Gabriel Brau Gelabert nos ofrece a trav\u00e9s de esta obra, un rico y minucioso recorrido por el camino de la fotograf\u00eda digital monocrom\u00e1tica, en el que las emociones se transforman en luces y las sensaciones en sombras, para describir un mundo bajo la apasionante mirada del blanco y negro.<\/p>\n","protected":false},"excerpt":{"rendered":"<p>BRAU GELABERT, GABRIEL<\/p>\n","protected":false},"featured_media":1019305,"template":"","meta":{"_acf_changed":false,"om_disable_all_campaigns":false,"rs_blank_template":"","rs_page_bg_color":"","slide_template_v7":"","inline_featured_image":false,"_monsterinsights_skip_tracking":false,"_monsterinsights_sitenote_active":false,"_monsterinsights_sitenote_note":"","_monsterinsights_sitenote_category":0},"product_brand":[],"product_cat":[110,560],"product_tag":[],"class_list":{"0":"post-174891","1":"product","2":"type-product","3":"status-publish","4":"has-post-thumbnail","6":"product_cat-art","7":"product_cat-arte","9":"first","10":"outofstock","11":"taxable","12":"shipping-taxable","13":"purchasable","14":"product-type-simple"},"acf":{"autor":"BRAU GELABERT, GABRIEL","codart":"841513186","libros-coleccion":"FotoRuta","ediciones":"1","encuadernacion":"R\u00fastica","fecha_de_publicacion":"01\/10\/2018","novedad":"1","paginas":"160","subtitulo":"CONSIGUE REALIZAR 50 IM\u00c1GENES ESPECTACULARES","orden":"0","portada":"0","idioma":"spa","editorial":[{"ID":148317,"post_author":"3","post_date":"2022-10-14 11:57:18","post_date_gmt":"2022-10-14 09:57:18","post_content":"","post_title":"JDEJ EDITORES","post_excerpt":"","post_status":"publish","comment_status":"closed","ping_status":"closed","post_password":"","post_name":"jdej-editores","to_ping":"","pinged":"","post_modified":"2022-10-14 11:57:18","post_modified_gmt":"2022-10-14 09:57:18","post_content_filtered":"","post_parent":0,"guid":"http:\/\/dev.claret.cat\/editorial\/jdej-editores\/","menu_order":0,"post_type":"editorial","post_mime_type":"","comment_count":"0","filter":"raw"}],"booktrailer":"","resenas":"","autores-libros":[{"ID":422889,"post_author":"3","post_date":"2023-05-16 07:28:13","post_date_gmt":"2023-05-16 05:28:13","post_content":"","post_title":"GABRIEL BRAU GELABERT","post_excerpt":"","post_status":"publish","comment_status":"closed","ping_status":"closed","post_password":"","post_name":"gabriel-brau-gelabert","to_ping":"","pinged":"","post_modified":"2023-05-16 07:28:13","post_modified_gmt":"2023-05-16 05:28:13","post_content_filtered":"","post_parent":0,"guid":"https:\/\/www.claret.cat\/autor\/gabriel-brau-gelabert\/","menu_order":0,"post_type":"autor","post_mime_type":"","comment_count":"0","filter":"raw"}]},"aioseo_notices":[],"_links":{"self":[{"href":"https:\/\/www.claret.cat\/es\/wp-json\/wp\/v2\/product\/174891","targetHints":{"allow":["GET"]}}],"collection":[{"href":"https:\/\/www.claret.cat\/es\/wp-json\/wp\/v2\/product"}],"about":[{"href":"https:\/\/www.claret.cat\/es\/wp-json\/wp\/v2\/types\/product"}],"wp:featuredmedia":[{"embeddable":true,"href":"https:\/\/www.claret.cat\/es\/wp-json\/wp\/v2\/media\/1019305"}],"wp:attachment":[{"href":"https:\/\/www.claret.cat\/es\/wp-json\/wp\/v2\/media?parent=174891"}],"wp:term":[{"taxonomy":"product_brand","embeddable":true,"href":"https:\/\/www.claret.cat\/es\/wp-json\/wp\/v2\/product_brand?post=174891"},{"taxonomy":"product_cat","embeddable":true,"href":"https:\/\/www.claret.cat\/es\/wp-json\/wp\/v2\/product_cat?post=174891"},{"taxonomy":"product_tag","embeddable":true,"href":"https:\/\/www.claret.cat\/es\/wp-json\/wp\/v2\/product_tag?post=174891"}],"curies":[{"name":"wp","href":"https:\/\/api.w.org\/{rel}","templated":true}]}}