{"id":174900,"date":"2022-10-20T01:33:49","date_gmt":"2022-10-19T23:33:49","guid":{"rendered":"http:\/\/dev.claret.cat\/producte\/sabes-quien-es\/"},"modified":"2023-01-28T02:56:16","modified_gmt":"2023-01-28T01:56:16","slug":"sabes-quien-es-9788491393207","status":"publish","type":"product","link":"https:\/\/www.claret.cat\/es\/libro\/sabes-quien-es-9788491393207\/","title":{"rendered":"\u00bfSABES QUI\u00c9N ES?"},"content":{"rendered":"<p>Andrea Cooper sabe todo de su madre Laura. Sabe que ha pasado toda su vida en la peque\u00f1a ciudad costera de Belle Isle; sabe que jam\u00e1s le ha guardado un secreto. Porqu\u00e9 todos sabemos todo de nuestras madres, \u00bfno?<br \/>Todo cambia cuando una visita al centro comercial se convierte en un ba\u00f1o de sangre y Andrea ve una faceta completamente desconocida de Laura. Porque parece que, antes de que Laura fuera Laura, era una persona completamente distinta. Durante treinta a\u00f1os ha estado escondiendo su anterior identidad, con un perfil bajo con la esperanza de que nadie pudiera encontrarla. Pero ahora est\u00e1 expuesta y nada volver\u00e1 a ser lo mismo nunca m\u00e1s.<br \/>La polic\u00eda quiere respuestas y la inocencia de Laura est\u00e1 comprometida, pero no va a hablar con nadie, ni siquiera con su propia hija. Andrea tendr\u00e1 que emprender un viaje desesperado siguiendo las sutiles huellas del pasado de su madre. Y si no consigue desvelar los secretos que se esconden puede que no haya futuro para ninguna de las dos.<\/p>\n","protected":false},"excerpt":{"rendered":"<p>SLAUGHTER, KARIN<\/p>\n","protected":false},"featured_media":174901,"template":"","meta":{"_acf_changed":false,"om_disable_all_campaigns":false,"rs_blank_template":"","rs_page_bg_color":"","slide_template_v7":"","inline_featured_image":false,"_monsterinsights_skip_tracking":false,"_monsterinsights_sitenote_active":false,"_monsterinsights_sitenote_note":"","_monsterinsights_sitenote_category":0},"product_brand":[],"product_cat":[87],"product_tag":[],"class_list":{"0":"post-174900","1":"product","2":"type-product","3":"status-publish","4":"has-post-thumbnail","6":"product_cat-literatura","8":"first","9":"instock","10":"taxable","11":"shipping-taxable","12":"purchasable","13":"product-type-simple"},"acf":{"autor":"SLAUGHTER, KARIN","codart":"849139320","libros-coleccion":"HARPERCOLLINS","ediciones":"1","encuadernacion":"R\u00fastica","fecha_de_publicacion":"01\/10\/2018","novedad":"1","paginas":"526","subtitulo":"","orden":"0","portada":"0","idioma":"spa","editorial":[{"ID":148249,"post_author":"3","post_date":"2022-10-14 11:56:47","post_date_gmt":"2022-10-14 09:56:47","post_content":"","post_title":"HarperCollins","post_excerpt":"","post_status":"publish","comment_status":"closed","ping_status":"closed","post_password":"","post_name":"harpercollins","to_ping":"","pinged":"","post_modified":"2022-10-14 11:56:47","post_modified_gmt":"2022-10-14 09:56:47","post_content_filtered":"","post_parent":0,"guid":"http:\/\/dev.claret.cat\/editorial\/harpercollins\/","menu_order":0,"post_type":"editorial","post_mime_type":"","comment_count":"0","filter":"raw"}],"autores-libros":[{"ID":161430,"post_author":"3","post_date":"2022-10-14 17:18:09","post_date_gmt":"2022-10-14 15:18:09","post_content":"","post_title":"KARIN SLAUGHTER","post_excerpt":"","post_status":"publish","comment_status":"closed","ping_status":"closed","post_password":"","post_name":"karin-slaughter","to_ping":"","pinged":"","post_modified":"2022-10-14 17:18:09","post_modified_gmt":"2022-10-14 15:18:09","post_content_filtered":"","post_parent":0,"guid":"http:\/\/dev.claret.cat\/autor\/karin-slaughter\/","menu_order":0,"post_type":"autor","post_mime_type":"","comment_count":"0","filter":"raw"}]},"aioseo_notices":[],"_links":{"self":[{"href":"https:\/\/www.claret.cat\/es\/wp-json\/wp\/v2\/product\/174900","targetHints":{"allow":["GET"]}}],"collection":[{"href":"https:\/\/www.claret.cat\/es\/wp-json\/wp\/v2\/product"}],"about":[{"href":"https:\/\/www.claret.cat\/es\/wp-json\/wp\/v2\/types\/product"}],"wp:featuredmedia":[{"embeddable":true,"href":"https:\/\/www.claret.cat\/es\/wp-json\/wp\/v2\/media\/174901"}],"wp:attachment":[{"href":"https:\/\/www.claret.cat\/es\/wp-json\/wp\/v2\/media?parent=174900"}],"wp:term":[{"taxonomy":"product_brand","embeddable":true,"href":"https:\/\/www.claret.cat\/es\/wp-json\/wp\/v2\/product_brand?post=174900"},{"taxonomy":"product_cat","embeddable":true,"href":"https:\/\/www.claret.cat\/es\/wp-json\/wp\/v2\/product_cat?post=174900"},{"taxonomy":"product_tag","embeddable":true,"href":"https:\/\/www.claret.cat\/es\/wp-json\/wp\/v2\/product_tag?post=174900"}],"curies":[{"name":"wp","href":"https:\/\/api.w.org\/{rel}","templated":true}]}}