{"id":17506,"date":"2022-10-01T23:31:06","date_gmt":"2022-10-01T21:31:06","guid":{"rendered":"http:\/\/dev.claret.cat\/producte\/75-consejos-para-sobrevivir-a-los-examenes-75-consejos-5\/"},"modified":"2023-01-28T16:23:40","modified_gmt":"2023-01-28T15:23:40","slug":"75-consejos-para-sobrevivir-a-los-examenes-75-consejos-5-9788420419015","status":"publish","type":"product","link":"https:\/\/www.claret.cat\/es\/libro\/75-consejos-para-sobrevivir-a-los-examenes-75-consejos-5-9788420419015\/","title":{"rendered":"75 CONSEJOS PARA SOBREVIVIR A LOS EX\u00c1MENES (75 CONSEJOS 5)"},"content":{"rendered":"<p>\u00bfEst\u00e1s harto de estudiar? \u00a1No te preocupes! El diario m\u00e1s tronchante jam\u00e1s escrito te trae 75 soluciones para hacerte m\u00e1s llevadero el mal trago de los ex\u00e1menes<br \/> Si est\u00e1s cansado de estudiar, si tu profe es un &#8216;motivao&#8217; de los ex\u00e1menes, si quieres sacar buenas notas con poco esfuerzo&#8230; \u00a1aqu\u00ed tienes la soluci\u00f3n!<\/p>\n<p> Vale, de hacer los ex\u00e1menes no te libras, pero te aseguro que con mis 75 consejos conseguir\u00e1s un mont\u00f3n de tiempo libre para las cosas importantes de verdad: Internet, la Nintendo, el m\u00f3vil, ser popular&#8230;<br \/>  \u00bfQu\u00e9 no te lo crees? Pues venga, abre el libro y \u00a1\u00a1alucina!!<\/p>\n","protected":false},"excerpt":{"rendered":"<p>FRISA,MAR\u00cdA<\/p>\n","protected":false},"featured_media":77148,"template":"","meta":{"_acf_changed":false,"om_disable_all_campaigns":false,"rs_blank_template":"","rs_page_bg_color":"","slide_template_v7":"","inline_featured_image":false,"_monsterinsights_skip_tracking":false,"_monsterinsights_sitenote_active":false,"_monsterinsights_sitenote_note":"","_monsterinsights_sitenote_category":0},"product_brand":[],"product_cat":[16],"product_tag":[],"class_list":{"0":"post-17506","1":"product","2":"type-product","3":"status-publish","4":"has-post-thumbnail","6":"product_cat-sense-categoria","8":"first","9":"instock","10":"taxable","11":"shipping-taxable","12":"purchasable","13":"product-type-simple"},"acf":{"autor":"FRISA,MAR\u00cdA","codart":"842041901","libros-coleccion":"","ediciones":"1","encuadernacion":"Carton\u00e9","fecha_de_publicacion":"01\/05\/2015","novedad":"0","paginas":"100","subtitulo":"(CON PEGATINAS)","orden":"999","portada":"0","idioma":"spa","editorial":[{"ID":147392,"post_author":"3","post_date":"2022-10-14 11:50:13","post_date_gmt":"2022-10-14 09:50:13","post_content":"","post_title":"ALFAGUARA, EDITORIAL","post_excerpt":"","post_status":"publish","comment_status":"closed","ping_status":"closed","post_password":"","post_name":"alfaguara-editorial","to_ping":"","pinged":"","post_modified":"2022-10-14 11:50:13","post_modified_gmt":"2022-10-14 09:50:13","post_content_filtered":"","post_parent":0,"guid":"http:\/\/dev.claret.cat\/editorial\/alfaguara-editorial\/","menu_order":0,"post_type":"editorial","post_mime_type":"","comment_count":"0","filter":"raw"}],"autores-libros":[{"ID":163623,"post_author":"3","post_date":"2022-10-14 17:40:31","post_date_gmt":"2022-10-14 15:40:31","post_content":"","post_title":"MAR\u00cdA FRISA","post_excerpt":"","post_status":"publish","comment_status":"closed","ping_status":"closed","post_password":"","post_name":"maria-frisa","to_ping":"","pinged":"","post_modified":"2022-10-14 17:40:31","post_modified_gmt":"2022-10-14 15:40:31","post_content_filtered":"","post_parent":0,"guid":"http:\/\/dev.claret.cat\/autor\/maria-frisa\/","menu_order":0,"post_type":"autor","post_mime_type":"","comment_count":"0","filter":"raw"}]},"aioseo_notices":[],"_links":{"self":[{"href":"https:\/\/www.claret.cat\/es\/wp-json\/wp\/v2\/product\/17506","targetHints":{"allow":["GET"]}}],"collection":[{"href":"https:\/\/www.claret.cat\/es\/wp-json\/wp\/v2\/product"}],"about":[{"href":"https:\/\/www.claret.cat\/es\/wp-json\/wp\/v2\/types\/product"}],"wp:featuredmedia":[{"embeddable":true,"href":"https:\/\/www.claret.cat\/es\/wp-json\/wp\/v2\/media\/77148"}],"wp:attachment":[{"href":"https:\/\/www.claret.cat\/es\/wp-json\/wp\/v2\/media?parent=17506"}],"wp:term":[{"taxonomy":"product_brand","embeddable":true,"href":"https:\/\/www.claret.cat\/es\/wp-json\/wp\/v2\/product_brand?post=17506"},{"taxonomy":"product_cat","embeddable":true,"href":"https:\/\/www.claret.cat\/es\/wp-json\/wp\/v2\/product_cat?post=17506"},{"taxonomy":"product_tag","embeddable":true,"href":"https:\/\/www.claret.cat\/es\/wp-json\/wp\/v2\/product_tag?post=17506"}],"curies":[{"name":"wp","href":"https:\/\/api.w.org\/{rel}","templated":true}]}}