{"id":17509,"date":"2022-10-01T23:31:08","date_gmt":"2022-10-01T21:31:08","guid":{"rendered":"http:\/\/dev.claret.cat\/producte\/75-consells-per-sobreviure-als-examens-75-consells-5\/"},"modified":"2023-01-28T13:51:28","modified_gmt":"2023-01-28T12:51:28","slug":"75-consells-per-sobreviure-als-examens-75-consells-5-9788420419022","status":"publish","type":"product","link":"https:\/\/www.claret.cat\/es\/libro\/75-consells-per-sobreviure-als-examens-75-consells-5-9788420419022\/","title":{"rendered":"75 CONSELLS PER SOBREVIURE ALS EXAMENS (75 CONSELLS 5)"},"content":{"rendered":"<p>Est\u00e0s fart d&#8221;estudiar? No t&#8221;angoixis! El diari m\u00e9s divertit que mai s&#8221;ha escrit et porta 75 solucions per fer-te m\u00e9s suportable el mal tr\u00e0ngol dels ex\u00e0mens<br \/> Si est\u00e0s cansat d&#8221;estudiar, si el teu profe \u00e9s un &#8216;motivat&#8217; dels ex\u00e0mens, si vols treure bones notes sense haver d&#8221;esfor\u00e7ar-te gaire&#8230; \u00a1Aqu\u00ed tens la soluci\u00f3!<\/p>\n<p> D&#8221;acord, de fer els ex\u00e0mens no te&#8221;n lliurar\u00e0s, per\u00f2 de ben segur que amb els meus 75 consells aconseguir\u00e0s un munt de temps lliure per dedicar a les coses importants de veritat: Internet, la Nintendo, el m\u00f2bil, ser popular&#8230;<br \/>  Qu\u00e8 no t&#8221;ho creus? Doncs va, obre aquest llibre i al\u00b7lucina!!<\/p>\n","protected":false},"excerpt":{"rendered":"<p>FRISA,MAR\u00cdA<\/p>\n","protected":false},"featured_media":77144,"template":"","meta":{"_acf_changed":false,"om_disable_all_campaigns":false,"rs_blank_template":"","rs_page_bg_color":"","slide_template_v7":"","inline_featured_image":false,"_monsterinsights_skip_tracking":false,"_monsterinsights_sitenote_active":false,"_monsterinsights_sitenote_note":"","_monsterinsights_sitenote_category":0},"product_brand":[],"product_cat":[16],"product_tag":[],"class_list":{"0":"post-17509","1":"product","2":"type-product","3":"status-publish","4":"has-post-thumbnail","6":"product_cat-sense-categoria","8":"first","9":"instock","10":"taxable","11":"shipping-taxable","12":"purchasable","13":"product-type-simple"},"acf":{"autor":"FRISA,MAR\u00cdA","codart":"842041902","libros-coleccion":"","ediciones":"1","encuadernacion":"Carton\u00e9","fecha_de_publicacion":"01\/05\/2015","novedad":"0","paginas":"100","subtitulo":"(AMB ENGANXINES)","orden":"999","portada":"0","idioma":"spa","editorial":[{"ID":147392,"post_author":"3","post_date":"2022-10-14 11:50:13","post_date_gmt":"2022-10-14 09:50:13","post_content":"","post_title":"ALFAGUARA, EDITORIAL","post_excerpt":"","post_status":"publish","comment_status":"closed","ping_status":"closed","post_password":"","post_name":"alfaguara-editorial","to_ping":"","pinged":"","post_modified":"2022-10-14 11:50:13","post_modified_gmt":"2022-10-14 09:50:13","post_content_filtered":"","post_parent":0,"guid":"http:\/\/dev.claret.cat\/editorial\/alfaguara-editorial\/","menu_order":0,"post_type":"editorial","post_mime_type":"","comment_count":"0","filter":"raw"}],"autores-libros":[{"ID":163623,"post_author":"3","post_date":"2022-10-14 17:40:31","post_date_gmt":"2022-10-14 15:40:31","post_content":"","post_title":"MAR\u00cdA FRISA","post_excerpt":"","post_status":"publish","comment_status":"closed","ping_status":"closed","post_password":"","post_name":"maria-frisa","to_ping":"","pinged":"","post_modified":"2022-10-14 17:40:31","post_modified_gmt":"2022-10-14 15:40:31","post_content_filtered":"","post_parent":0,"guid":"http:\/\/dev.claret.cat\/autor\/maria-frisa\/","menu_order":0,"post_type":"autor","post_mime_type":"","comment_count":"0","filter":"raw"}]},"aioseo_notices":[],"_links":{"self":[{"href":"https:\/\/www.claret.cat\/es\/wp-json\/wp\/v2\/product\/17509","targetHints":{"allow":["GET"]}}],"collection":[{"href":"https:\/\/www.claret.cat\/es\/wp-json\/wp\/v2\/product"}],"about":[{"href":"https:\/\/www.claret.cat\/es\/wp-json\/wp\/v2\/types\/product"}],"wp:featuredmedia":[{"embeddable":true,"href":"https:\/\/www.claret.cat\/es\/wp-json\/wp\/v2\/media\/77144"}],"wp:attachment":[{"href":"https:\/\/www.claret.cat\/es\/wp-json\/wp\/v2\/media?parent=17509"}],"wp:term":[{"taxonomy":"product_brand","embeddable":true,"href":"https:\/\/www.claret.cat\/es\/wp-json\/wp\/v2\/product_brand?post=17509"},{"taxonomy":"product_cat","embeddable":true,"href":"https:\/\/www.claret.cat\/es\/wp-json\/wp\/v2\/product_cat?post=17509"},{"taxonomy":"product_tag","embeddable":true,"href":"https:\/\/www.claret.cat\/es\/wp-json\/wp\/v2\/product_tag?post=17509"}],"curies":[{"name":"wp","href":"https:\/\/api.w.org\/{rel}","templated":true}]}}