{"id":175131,"date":"2022-10-20T01:38:16","date_gmt":"2022-10-19T23:38:16","guid":{"rendered":"http:\/\/dev.claret.cat\/producte\/100-mujeres-que-cambiaron-el-mundo\/"},"modified":"2025-04-07T12:29:47","modified_gmt":"2025-04-07T10:29:47","slug":"100-mujeres-que-cambiaron-el-mundo-9788427215023","status":"publish","type":"product","link":"https:\/\/www.claret.cat\/es\/libro\/100-mujeres-que-cambiaron-el-mundo-9788427215023\/","title":{"rendered":"100 MUJERES QUE CAMBIARON EL MUNDO"},"content":{"rendered":"<p>\u00bfSabes qui\u00e9n es la escritora m\u00e1s le\u00edda de todos los tiempos? \u00bfY qui\u00e9n fue la primera hacker de la historia?<br \/>\u00bfO qui\u00e9n invent\u00f3 la tecnolog\u00eda que permiti\u00f3 la creaci\u00f3n de Internet? 100 mujeres que cambiaron el mundo te descubrir\u00e1 las historias de cient\u00edficas, como Marie Curie, fil\u00f3sofas, como Mar\u00eda Zambrano, pol\u00edticas, como Clara Campoamor, o escritoras, como Agatha Christie y Rosal\u00eda de Castro. Mujeres brillantes, inteligentes y valientes que contribuyeron a mejorar nuestro mundo y rompieron las barreras que, por la \u00e9poca en la que les toc\u00f3 vivir, les fueron impuestas.<\/p>\n","protected":false},"excerpt":{"rendered":"<p>ELMERT , SANDRA \/ GONZALEZ AREVALO, SONIA<\/p>\n","protected":false},"featured_media":175132,"template":"","meta":{"_acf_changed":false,"om_disable_all_campaigns":false,"rs_blank_template":"","rs_page_bg_color":"","slide_template_v7":"","inline_featured_image":false,"_monsterinsights_skip_tracking":false,"_monsterinsights_sitenote_active":false,"_monsterinsights_sitenote_note":"","_monsterinsights_sitenote_category":0},"product_brand":[],"product_cat":[549,99,352,86,566,117],"product_tag":[],"class_list":{"0":"post-175131","1":"product","2":"type-product","3":"status-publish","4":"has-post-thumbnail","6":"product_cat-biografias","7":"product_cat-biografies","8":"product_cat-infantil-3_infantil-juvenil-spa","9":"product_cat-infantil","10":"product_cat-juvenil-3_infantil-juvenil-spa-spa","11":"product_cat-juvenil","13":"first","14":"instock","15":"taxable","16":"shipping-taxable","17":"purchasable","18":"product-type-simple"},"acf":{"autor":"ELMERT , SANDRA \/ GONZALEZ AREVALO, SONIA","codart":"842721502","libros-coleccion":"NO FICCION INFANTIL","ediciones":"1","encuadernacion":"Carton\u00e9","fecha_de_publicacion":"01\/10\/2018","novedad":"1","paginas":"208","subtitulo":"","orden":"0","portada":"0","idioma":"spa","editorial":[{"ID":6346,"post_author":"3","post_date":"2022-07-28 17:50:13","post_date_gmt":"2022-07-28 15:50:13","post_content":"","post_title":"RBA Molino","post_excerpt":"","post_status":"publish","comment_status":"closed","ping_status":"closed","post_password":"","post_name":"rba-molino","to_ping":"","pinged":"","post_modified":"2022-07-28 17:50:13","post_modified_gmt":"2022-07-28 15:50:13","post_content_filtered":"","post_parent":0,"guid":"http:\/\/dev.claret.cat\/editorial\/rba-molino\/","menu_order":0,"post_type":"editorial","post_mime_type":"","comment_count":"0","filter":"raw"}],"autores-libros":[{"ID":428454,"post_author":"3","post_date":"2023-05-16 09:27:22","post_date_gmt":"2023-05-16 07:27:22","post_content":"","post_title":"SANDRA ELMERT","post_excerpt":"","post_status":"publish","comment_status":"closed","ping_status":"closed","post_password":"","post_name":"sandra-elmert","to_ping":"","pinged":"","post_modified":"2023-05-16 09:27:22","post_modified_gmt":"2023-05-16 07:27:22","post_content_filtered":"","post_parent":0,"guid":"https:\/\/www.claret.cat\/autor\/sandra-elmert\/","menu_order":0,"post_type":"autor","post_mime_type":"","comment_count":"0","filter":"raw"},{"ID":169667,"post_author":"3","post_date":"2022-10-14 22:29:04","post_date_gmt":"2022-10-14 20:29:04","post_content":"","post_title":"SONIA GONZALEZ AREVALO","post_excerpt":"","post_status":"publish","comment_status":"closed","ping_status":"closed","post_password":"","post_name":"sonia-gonzalez-arevalo","to_ping":"","pinged":"","post_modified":"2022-10-14 22:29:04","post_modified_gmt":"2022-10-14 20:29:04","post_content_filtered":"","post_parent":0,"guid":"http:\/\/dev.claret.cat\/autor\/sonia-gonzalez-arevalo\/","menu_order":0,"post_type":"autor","post_mime_type":"","comment_count":"0","filter":"raw"}]},"aioseo_notices":[],"_links":{"self":[{"href":"https:\/\/www.claret.cat\/es\/wp-json\/wp\/v2\/product\/175131","targetHints":{"allow":["GET"]}}],"collection":[{"href":"https:\/\/www.claret.cat\/es\/wp-json\/wp\/v2\/product"}],"about":[{"href":"https:\/\/www.claret.cat\/es\/wp-json\/wp\/v2\/types\/product"}],"wp:featuredmedia":[{"embeddable":true,"href":"https:\/\/www.claret.cat\/es\/wp-json\/wp\/v2\/media\/175132"}],"wp:attachment":[{"href":"https:\/\/www.claret.cat\/es\/wp-json\/wp\/v2\/media?parent=175131"}],"wp:term":[{"taxonomy":"product_brand","embeddable":true,"href":"https:\/\/www.claret.cat\/es\/wp-json\/wp\/v2\/product_brand?post=175131"},{"taxonomy":"product_cat","embeddable":true,"href":"https:\/\/www.claret.cat\/es\/wp-json\/wp\/v2\/product_cat?post=175131"},{"taxonomy":"product_tag","embeddable":true,"href":"https:\/\/www.claret.cat\/es\/wp-json\/wp\/v2\/product_tag?post=175131"}],"curies":[{"name":"wp","href":"https:\/\/api.w.org\/{rel}","templated":true}]}}