{"id":175179,"date":"2022-10-20T01:39:06","date_gmt":"2022-10-19T23:39:06","guid":{"rendered":"http:\/\/dev.claret.cat\/producte\/teatre-polemic\/"},"modified":"2023-01-28T07:42:52","modified_gmt":"2023-01-28T06:42:52","slug":"teatre-polemic-9788416853243","status":"publish","type":"product","link":"https:\/\/www.claret.cat\/es\/libro\/teatre-polemic-9788416853243\/","title":{"rendered":"TEATRE POL\u00c8MIC"},"content":{"rendered":"<p>A la primera d\u00e8cada del segle XX, en un clima d&#8217;ebullici\u00f3 social a Catalunya, en plena lluita pol\u00edtica entre catalanistes i republicans, Santiago Rusi\u00f1ol es decanta, superada la seva etapa simbolista, per portar als escenaris un teatre absolutament popular, marcadament pol\u00edtic. Amb esperit pol\u00e8mic i amb l&#8217;irreverent sentit de l&#8217;humor que sempre el va acompanyar, el ja reconegut artista i escriptor s&#8217;aplica a combatre tots aquells discursos ideol\u00f2gics encaminats a aconseguir, en detriment del benestar d&#8217;individus i col\u00b7lectivitat, un rendiment electoral. Per aix\u00f2, desemmascarar\u00e0 els t\u00f2pics del progressisme, del tradicionalisme, del catolicisme, del catalanisme, del republicanisme i de l&#8217;espanyolisme a trav\u00e9s del q\u00fcestionament d&#8217;automatismes de llenguatge, s\u00edmbols, mites o estereotips, alguns dels quals, s\u00f3n encara plenament vigents. El volum inclou sis obres de teatre de les m\u00e9s conegudes, aplaudides i pol\u00e8miques de Santiago Rusi\u00f1ol: Llibertat! (1901), Els Jocs Florals de Canprosa (1902), L&#8217;H\u00e8roe (1903), El M\u00edstic (1903), El bon policia (1905) i La merienda fraternal (1907).<\/p>\n","protected":false},"excerpt":{"rendered":"<p>RUSI\u00d1OL, SANTIAGO<\/p>\n","protected":false},"featured_media":175180,"template":"","meta":{"_acf_changed":false,"om_disable_all_campaigns":false,"rs_blank_template":"","rs_page_bg_color":"","slide_template_v7":"","inline_featured_image":false,"_monsterinsights_skip_tracking":false,"_monsterinsights_sitenote_active":false,"_monsterinsights_sitenote_note":"","_monsterinsights_sitenote_category":0},"product_brand":[],"product_cat":[16],"product_tag":[],"class_list":{"0":"post-175179","1":"product","2":"type-product","3":"status-publish","4":"has-post-thumbnail","6":"product_cat-sense-categoria","8":"first","9":"instock","10":"taxable","11":"shipping-taxable","12":"purchasable","13":"product-type-simple"},"acf":{"autor":"RUSI\u00d1OL, SANTIAGO","codart":"841685324","libros-coleccion":"","ediciones":"1","encuadernacion":"R\u00fastica","fecha_de_publicacion":"01\/10\/2018","novedad":"1","paginas":"356","subtitulo":"","orden":"0","portada":"0","idioma":"cat","editorial":[{"ID":148405,"post_author":"3","post_date":"2022-10-14 11:57:59","post_date_gmt":"2022-10-14 09:57:59","post_content":"","post_title":"L'AVEN\u00c7","post_excerpt":"","post_status":"publish","comment_status":"closed","ping_status":"closed","post_password":"","post_name":"lavenc-2","to_ping":"","pinged":"","post_modified":"2022-10-14 11:57:59","post_modified_gmt":"2022-10-14 09:57:59","post_content_filtered":"","post_parent":0,"guid":"http:\/\/dev.claret.cat\/editorial\/lavenc-2\/","menu_order":0,"post_type":"editorial","post_mime_type":"","comment_count":"0","filter":"raw"}],"autores-libros":[{"ID":169065,"post_author":"3","post_date":"2022-10-14 22:24:12","post_date_gmt":"2022-10-14 20:24:12","post_content":"","post_title":"SANTIAGO RUSI\u00d1OL","post_excerpt":"","post_status":"publish","comment_status":"closed","ping_status":"closed","post_password":"","post_name":"santiago-rusinol","to_ping":"","pinged":"","post_modified":"2022-10-14 22:24:12","post_modified_gmt":"2022-10-14 20:24:12","post_content_filtered":"","post_parent":0,"guid":"http:\/\/dev.claret.cat\/autor\/santiago-rusinol\/","menu_order":0,"post_type":"autor","post_mime_type":"","comment_count":"0","filter":"raw"}]},"aioseo_notices":[],"_links":{"self":[{"href":"https:\/\/www.claret.cat\/es\/wp-json\/wp\/v2\/product\/175179","targetHints":{"allow":["GET"]}}],"collection":[{"href":"https:\/\/www.claret.cat\/es\/wp-json\/wp\/v2\/product"}],"about":[{"href":"https:\/\/www.claret.cat\/es\/wp-json\/wp\/v2\/types\/product"}],"wp:featuredmedia":[{"embeddable":true,"href":"https:\/\/www.claret.cat\/es\/wp-json\/wp\/v2\/media\/175180"}],"wp:attachment":[{"href":"https:\/\/www.claret.cat\/es\/wp-json\/wp\/v2\/media?parent=175179"}],"wp:term":[{"taxonomy":"product_brand","embeddable":true,"href":"https:\/\/www.claret.cat\/es\/wp-json\/wp\/v2\/product_brand?post=175179"},{"taxonomy":"product_cat","embeddable":true,"href":"https:\/\/www.claret.cat\/es\/wp-json\/wp\/v2\/product_cat?post=175179"},{"taxonomy":"product_tag","embeddable":true,"href":"https:\/\/www.claret.cat\/es\/wp-json\/wp\/v2\/product_tag?post=175179"}],"curies":[{"name":"wp","href":"https:\/\/api.w.org\/{rel}","templated":true}]}}