{"id":175185,"date":"2022-10-20T01:39:13","date_gmt":"2022-10-19T23:39:13","guid":{"rendered":"http:\/\/dev.claret.cat\/producte\/mi-primer-libro-de-cocina-coreana\/"},"modified":"2023-01-28T06:00:41","modified_gmt":"2023-01-28T05:00:41","slug":"mi-primer-libro-de-cocina-coreana-9788416890804","status":"publish","type":"product","link":"https:\/\/www.claret.cat\/es\/libro\/mi-primer-libro-de-cocina-coreana-9788416890804\/","title":{"rendered":"MI PRIMER LIBRO DE COCINA COREANA"},"content":{"rendered":"<p>Muchos piensan que la comida coreana es compleja y dif\u00edcil de preparar. En realidad, es muy sencilla. Se requieren una serie de ingredientes b\u00e1sicos, pero, una vez que se han llenado la despensa y el frigor\u00edfico, todo est\u00e1 a punto para empezar a elaborar deliciosos platos. <br \/> Mi primer libro de cocina coreana contiene numerosas recetas para preparar los banchan m\u00e1s populares; el famoso kimchi; exquisitos platos de fideos, arroz, carne y pescado; bocadillos r\u00e1pidos y sencillos, e incluso dulces tentaciones. Con todas ellas, los comensales se sentir\u00e1n satisfechos y se despedir\u00e1n diciendo, al igual que los coreanos: \u00abMuch\u00edsimas gracias. Ha sido un verdadero placer\u00bb.<\/p>\n","protected":false},"excerpt":{"rendered":"<p>HWANG, CAROLINE \/ LINDER, LISA<\/p>\n","protected":false},"featured_media":175186,"template":"","meta":{"_acf_changed":false,"om_disable_all_campaigns":false,"rs_blank_template":"","rs_page_bg_color":"","slide_template_v7":"","inline_featured_image":false,"_monsterinsights_skip_tracking":false,"_monsterinsights_sitenote_active":false,"_monsterinsights_sitenote_note":"","_monsterinsights_sitenote_category":0},"product_brand":[],"product_cat":[103],"product_tag":[],"class_list":{"0":"post-175185","1":"product","2":"type-product","3":"status-publish","4":"has-post-thumbnail","6":"product_cat-cuina","8":"first","9":"instock","10":"taxable","11":"shipping-taxable","12":"purchasable","13":"product-type-simple"},"acf":{"autor":"HWANG, CAROLINE \/ LINDER, LISA","codart":"841689080","libros-coleccion":"Gastronom\u00eda","ediciones":"1","encuadernacion":"Carton\u00e9","fecha_de_publicacion":"01\/10\/2018","novedad":"1","paginas":"256","subtitulo":"","orden":"0","portada":"0","idioma":"spa","autores-libros":[{"ID":162258,"post_author":"3","post_date":"2022-10-14 17:29:35","post_date_gmt":"2022-10-14 15:29:35","post_content":"","post_title":"LISA LINDER","post_excerpt":"","post_status":"publish","comment_status":"closed","ping_status":"closed","post_password":"","post_name":"lisa-linder","to_ping":"","pinged":"","post_modified":"2022-10-14 17:29:35","post_modified_gmt":"2022-10-14 15:29:35","post_content_filtered":"","post_parent":0,"guid":"http:\/\/dev.claret.cat\/autor\/lisa-linder\/","menu_order":0,"post_type":"autor","post_mime_type":"","comment_count":"0","filter":"raw"},{"ID":152504,"post_author":"3","post_date":"2022-10-14 14:49:18","post_date_gmt":"2022-10-14 12:49:18","post_content":"","post_title":"CAROLINE HWANG","post_excerpt":"","post_status":"publish","comment_status":"closed","ping_status":"closed","post_password":"","post_name":"caroline-hwang","to_ping":"","pinged":"","post_modified":"2022-10-14 14:49:18","post_modified_gmt":"2022-10-14 12:49:18","post_content_filtered":"","post_parent":0,"guid":"http:\/\/dev.claret.cat\/autor\/caroline-hwang\/","menu_order":0,"post_type":"autor","post_mime_type":"","comment_count":"0","filter":"raw"}]},"aioseo_notices":[],"_links":{"self":[{"href":"https:\/\/www.claret.cat\/es\/wp-json\/wp\/v2\/product\/175185","targetHints":{"allow":["GET"]}}],"collection":[{"href":"https:\/\/www.claret.cat\/es\/wp-json\/wp\/v2\/product"}],"about":[{"href":"https:\/\/www.claret.cat\/es\/wp-json\/wp\/v2\/types\/product"}],"wp:featuredmedia":[{"embeddable":true,"href":"https:\/\/www.claret.cat\/es\/wp-json\/wp\/v2\/media\/175186"}],"wp:attachment":[{"href":"https:\/\/www.claret.cat\/es\/wp-json\/wp\/v2\/media?parent=175185"}],"wp:term":[{"taxonomy":"product_brand","embeddable":true,"href":"https:\/\/www.claret.cat\/es\/wp-json\/wp\/v2\/product_brand?post=175185"},{"taxonomy":"product_cat","embeddable":true,"href":"https:\/\/www.claret.cat\/es\/wp-json\/wp\/v2\/product_cat?post=175185"},{"taxonomy":"product_tag","embeddable":true,"href":"https:\/\/www.claret.cat\/es\/wp-json\/wp\/v2\/product_tag?post=175185"}],"curies":[{"name":"wp","href":"https:\/\/api.w.org\/{rel}","templated":true}]}}