{"id":175191,"date":"2022-10-20T01:39:20","date_gmt":"2022-10-19T23:39:20","guid":{"rendered":"http:\/\/dev.claret.cat\/producte\/el-legado-de-catherine-elliot\/"},"modified":"2023-01-28T07:20:46","modified_gmt":"2023-01-28T06:20:46","slug":"el-legado-de-catherine-elliot-9788416890873","status":"publish","type":"product","link":"https:\/\/www.claret.cat\/es\/libro\/el-legado-de-catherine-elliot-9788416890873\/","title":{"rendered":"EL LEGADO DE CATHERINE ELLIOT"},"content":{"rendered":"<p>Un libro une la vida de varios personajes femeninos a trav\u00e9s del tiempo. La historia comienza con la joven que lo escribe a comienzos del siglo XIX. A partir de ah\u00ed un ejemplar ir\u00e1 pasando por diferentes mujeres hasta llegar al presente. Todas interact\u00faan con el libro y dejan su huella en \u00e9l, pero leerlo tambi\u00e9n las transforma a ellas. Una met\u00e1fora del amor por los libros y de la magia de la literatura contada a trav\u00e9s de unos personajes fuertes y carism\u00e1ticos que se rebelan ante los convencionalismos de su \u00e9poca. Si es cierto que un libro puede transformarte la vida, tal vez El legado de Catherine Elliot cambiar\u00e1 la tuya<\/p>\n","protected":false},"excerpt":{"rendered":"<p>GILI, ESTHER \/ CAMBLOR, GEMMA<\/p>\n","protected":false},"featured_media":175192,"template":"","meta":{"_acf_changed":false,"om_disable_all_campaigns":false,"rs_blank_template":"","rs_page_bg_color":"","slide_template_v7":"","inline_featured_image":false,"_monsterinsights_skip_tracking":false,"_monsterinsights_sitenote_active":false,"_monsterinsights_sitenote_note":"","_monsterinsights_sitenote_category":0},"product_brand":[],"product_cat":[117,105],"product_tag":[],"class_list":{"0":"post-175191","1":"product","2":"type-product","3":"status-publish","4":"has-post-thumbnail","6":"product_cat-juvenil","7":"product_cat-regal","9":"first","10":"instock","11":"taxable","12":"shipping-taxable","13":"purchasable","14":"product-type-simple"},"acf":{"autor":"GILI, ESTHER \/ CAMBLOR, GEMMA","codart":"841689087","libros-coleccion":"Ilustraci\u00f3n","ediciones":"1","encuadernacion":"Carton\u00e9","fecha_de_publicacion":"01\/10\/2018","novedad":"1","paginas":"216","subtitulo":"","orden":"0","portada":"0","idioma":"spa","editorial":[{"ID":148409,"post_author":"3","post_date":"2022-10-14 11:58:01","post_date_gmt":"2022-10-14 09:58:01","post_content":"","post_title":"Lectura Plus","post_excerpt":"","post_status":"publish","comment_status":"closed","ping_status":"closed","post_password":"","post_name":"lectura-plus","to_ping":"","pinged":"","post_modified":"2022-10-14 11:58:01","post_modified_gmt":"2022-10-14 09:58:01","post_content_filtered":"","post_parent":0,"guid":"http:\/\/dev.claret.cat\/editorial\/lectura-plus\/","menu_order":0,"post_type":"editorial","post_mime_type":"","comment_count":"0","filter":"raw"}],"autores-libros":[{"ID":155436,"post_author":"3","post_date":"2022-10-14 15:12:49","post_date_gmt":"2022-10-14 13:12:49","post_content":"","post_title":"ESTHER GILI","post_excerpt":"","post_status":"publish","comment_status":"closed","ping_status":"closed","post_password":"","post_name":"esther-gili","to_ping":"","pinged":"","post_modified":"2022-10-14 15:12:49","post_modified_gmt":"2022-10-14 13:12:49","post_content_filtered":"","post_parent":0,"guid":"http:\/\/dev.claret.cat\/autor\/esther-gili\/","menu_order":0,"post_type":"autor","post_mime_type":"","comment_count":"0","filter":"raw"},{"ID":156664,"post_author":"3","post_date":"2022-10-14 15:22:36","post_date_gmt":"2022-10-14 13:22:36","post_content":"","post_title":"GEMMA CAMBLOR","post_excerpt":"","post_status":"publish","comment_status":"closed","ping_status":"closed","post_password":"","post_name":"gemma-camblor","to_ping":"","pinged":"","post_modified":"2022-10-14 15:22:36","post_modified_gmt":"2022-10-14 13:22:36","post_content_filtered":"","post_parent":0,"guid":"http:\/\/dev.claret.cat\/autor\/gemma-camblor\/","menu_order":0,"post_type":"autor","post_mime_type":"","comment_count":"0","filter":"raw"}]},"aioseo_notices":[],"_links":{"self":[{"href":"https:\/\/www.claret.cat\/es\/wp-json\/wp\/v2\/product\/175191","targetHints":{"allow":["GET"]}}],"collection":[{"href":"https:\/\/www.claret.cat\/es\/wp-json\/wp\/v2\/product"}],"about":[{"href":"https:\/\/www.claret.cat\/es\/wp-json\/wp\/v2\/types\/product"}],"wp:featuredmedia":[{"embeddable":true,"href":"https:\/\/www.claret.cat\/es\/wp-json\/wp\/v2\/media\/175192"}],"wp:attachment":[{"href":"https:\/\/www.claret.cat\/es\/wp-json\/wp\/v2\/media?parent=175191"}],"wp:term":[{"taxonomy":"product_brand","embeddable":true,"href":"https:\/\/www.claret.cat\/es\/wp-json\/wp\/v2\/product_brand?post=175191"},{"taxonomy":"product_cat","embeddable":true,"href":"https:\/\/www.claret.cat\/es\/wp-json\/wp\/v2\/product_cat?post=175191"},{"taxonomy":"product_tag","embeddable":true,"href":"https:\/\/www.claret.cat\/es\/wp-json\/wp\/v2\/product_tag?post=175191"}],"curies":[{"name":"wp","href":"https:\/\/api.w.org\/{rel}","templated":true}]}}