{"id":17524,"date":"2022-10-01T23:31:18","date_gmt":"2022-10-01T21:31:18","guid":{"rendered":"http:\/\/dev.claret.cat\/producte\/besos-y-hechizos-ever-after-high-4\/"},"modified":"2023-01-28T18:07:25","modified_gmt":"2023-01-28T17:07:25","slug":"besos-y-hechizos-ever-after-high-4-9788420419084","status":"publish","type":"product","link":"https:\/\/www.claret.cat\/es\/libro\/besos-y-hechizos-ever-after-high-4-9788420419084\/","title":{"rendered":"BESOS Y HECHIZOS (EVER AFTER HIGH 4)"},"content":{"rendered":"<p>\u00bfQu\u00e9 puede hacer una chica cuando convierte accidentalmente al chico que le gusta en rana?<br \/> Ginger Breadhouse no lo pas\u00f3 muy bien de ni\u00f1a siendo la hija de la Bruja de Hansel y Gretel. \u00a1No es f\u00e1cil hacer amigos cuando todo el mundo piensa que tu madre intent\u00f3 cocinar a los dos hermanos de cuento! Pero ahora Ginger estudia en Ever After High, tiene la oportunidad de forjar su propio destino, y est\u00e1 tratando de hacerse un nombre como la presentadora del videoblog Cocina M\u00e1gica. El problema es&#8230; \u00a1que necesita audiencia!<\/p>\n<p> Ginger tiene todas sus esperanzas puestas en convertir una receta m\u00e1gica del profesor Birlibirloque en una actuaci\u00f3n sensacional pero&#8230; la magia falla y, en cambio, convierte a Croador del Anca Gr\u00e1cil II, hijo del Pr\u00edncipe Rana, \u00a1en un peque\u00f1o anfibio verde! Y, cuanto m\u00e1s tiempo pasa bajo el influjo del hechizo, m\u00e1s rasgos de rana adopta. \u00bfPodr\u00e1 Ginger devolver a Croador su aspecto normal antes de que sea demasiado tarde?<\/p>\n","protected":false},"excerpt":{"rendered":"<p>SELFORS,SUZANNE<\/p>\n","protected":false},"featured_media":77118,"template":"","meta":{"_acf_changed":false,"om_disable_all_campaigns":false,"rs_blank_template":"","rs_page_bg_color":"","slide_template_v7":"","inline_featured_image":false,"_monsterinsights_skip_tracking":false,"_monsterinsights_sitenote_active":false,"_monsterinsights_sitenote_note":"","_monsterinsights_sitenote_category":0},"product_brand":[],"product_cat":[16],"product_tag":[],"class_list":{"0":"post-17524","1":"product","2":"type-product","3":"status-publish","4":"has-post-thumbnail","6":"product_cat-sense-categoria","8":"first","9":"instock","10":"taxable","11":"shipping-taxable","12":"purchasable","13":"product-type-simple"},"acf":{"autor":"SELFORS,SUZANNE","codart":"842041908","libros-coleccion":"","ediciones":"1","encuadernacion":"Carton\u00e9","fecha_de_publicacion":"01\/05\/2015","novedad":"0","paginas":"240","subtitulo":"A SCHOOL STORY","orden":"999","portada":"0","idioma":"spa","editorial":[{"ID":147392,"post_author":"3","post_date":"2022-10-14 11:50:13","post_date_gmt":"2022-10-14 09:50:13","post_content":"","post_title":"ALFAGUARA, EDITORIAL","post_excerpt":"","post_status":"publish","comment_status":"closed","ping_status":"closed","post_password":"","post_name":"alfaguara-editorial","to_ping":"","pinged":"","post_modified":"2022-10-14 11:50:13","post_modified_gmt":"2022-10-14 09:50:13","post_content_filtered":"","post_parent":0,"guid":"http:\/\/dev.claret.cat\/editorial\/alfaguara-editorial\/","menu_order":0,"post_type":"editorial","post_mime_type":"","comment_count":"0","filter":"raw"}],"autores-libros":[{"ID":170013,"post_author":"3","post_date":"2022-10-14 22:31:51","post_date_gmt":"2022-10-14 20:31:51","post_content":"","post_title":"SUZANNE SELFORS","post_excerpt":"","post_status":"publish","comment_status":"closed","ping_status":"closed","post_password":"","post_name":"suzanne-selfors","to_ping":"","pinged":"","post_modified":"2022-10-14 22:31:51","post_modified_gmt":"2022-10-14 20:31:51","post_content_filtered":"","post_parent":0,"guid":"http:\/\/dev.claret.cat\/autor\/suzanne-selfors\/","menu_order":0,"post_type":"autor","post_mime_type":"","comment_count":"0","filter":"raw"}]},"aioseo_notices":[],"_links":{"self":[{"href":"https:\/\/www.claret.cat\/es\/wp-json\/wp\/v2\/product\/17524","targetHints":{"allow":["GET"]}}],"collection":[{"href":"https:\/\/www.claret.cat\/es\/wp-json\/wp\/v2\/product"}],"about":[{"href":"https:\/\/www.claret.cat\/es\/wp-json\/wp\/v2\/types\/product"}],"wp:featuredmedia":[{"embeddable":true,"href":"https:\/\/www.claret.cat\/es\/wp-json\/wp\/v2\/media\/77118"}],"wp:attachment":[{"href":"https:\/\/www.claret.cat\/es\/wp-json\/wp\/v2\/media?parent=17524"}],"wp:term":[{"taxonomy":"product_brand","embeddable":true,"href":"https:\/\/www.claret.cat\/es\/wp-json\/wp\/v2\/product_brand?post=17524"},{"taxonomy":"product_cat","embeddable":true,"href":"https:\/\/www.claret.cat\/es\/wp-json\/wp\/v2\/product_cat?post=17524"},{"taxonomy":"product_tag","embeddable":true,"href":"https:\/\/www.claret.cat\/es\/wp-json\/wp\/v2\/product_tag?post=17524"}],"curies":[{"name":"wp","href":"https:\/\/api.w.org\/{rel}","templated":true}]}}