{"id":175329,"date":"2022-10-20T01:42:01","date_gmt":"2022-10-19T23:42:01","guid":{"rendered":"http:\/\/dev.claret.cat\/producte\/catalans-i-escocesos\/"},"modified":"2023-12-13T14:03:38","modified_gmt":"2023-12-13T13:03:38","slug":"catalans-i-escocesos-9788416930852","status":"publish","type":"product","link":"https:\/\/www.claret.cat\/es\/libro\/catalans-i-escocesos-9788416930852\/","title":{"rendered":"CATALANS I ESCOCESOS"},"content":{"rendered":"<p>La hist\u00f2ria de Catalunya i la d&#8217;Esc\u00f2cia, des de l&#8217;edat mitjana fins als refer\u00e8ndums d&#8217;independ\u00e8ncia, de la m\u00e0 del distingit historiador John H. Elliott. John H. Elliott explora les arrels d&#8217;un dels problemes contemporanis m\u00e9s apressants d&#8217;Europa. En aquest esperat i elegant retorn al tema d&#8217;un dels seus llibres clau, La revolta catalana, l&#8217;autor examina les similituds i els contrastos entre les experi\u00e8ncies escocesa i catalana al llarg de cinc-cents anys: partint dels matrimonis reials que van provocar la uni\u00f3 amb els seus ve\u00efns m\u00e9s poderosos, Anglaterra i Castella respectivament, ressegueix la seva hist\u00f2ria a trav\u00e9s dels segles, des del final de l&#8217;edat mitjana fins als dram\u00e0tics esdeveniments recents. Elliott analitza els factors pol\u00edtics, econ\u00f2mics, socials, culturals i emocionals que separen els escocesos i els catalans de les nacions, m\u00e9s grans, a les que els seus destins els van unir. I, a m\u00e9s, aporta una nova mirada al car\u00e0cter i el desenvolupament del nacionalisme europeu, la naturalesa del separatisme i el sentiment de greuge subjacent a les aspiracions secessionistes que van conduir al refer\u00e8ndum escoc\u00e8s del 2014 i al catal\u00e0 de l&#8217;1 d&#8217;octubre de 2017, amb la conseg\u00fcent declaraci\u00f3 unilateral, i fallida, d&#8217;una rep\u00fablica catalana independent.<\/p>\n","protected":false},"excerpt":{"rendered":"<p>ELLIOTT, JOHN H.<\/p>\n","protected":false},"featured_media":175330,"template":"","meta":{"_acf_changed":false,"om_disable_all_campaigns":false,"rs_blank_template":"","rs_page_bg_color":"","slide_template_v7":"","inline_featured_image":false,"_monsterinsights_skip_tracking":false,"_monsterinsights_sitenote_active":false,"_monsterinsights_sitenote_note":"","_monsterinsights_sitenote_category":0},"product_brand":[],"product_cat":[120,569],"product_tag":[],"class_list":{"0":"post-175329","1":"product","2":"type-product","3":"status-publish","4":"has-post-thumbnail","6":"product_cat-politica","7":"product_cat-politica-2_humanidades-spa","9":"first","10":"instock","11":"taxable","12":"shipping-taxable","13":"purchasable","14":"product-type-simple"},"acf":{"autor":"ELLIOTT, JOHN H.","codart":"841693085","libros-coleccion":"ACTUALITAT","ediciones":"1","encuadernacion":"Carton\u00e9","fecha_de_publicacion":"01\/10\/2018","novedad":"1","paginas":"475","subtitulo":"UNI\u00d3 I DISC\u00d2RDIA","orden":"0","portada":"0","idioma":"cat","editorial":[{"ID":6350,"post_author":"3","post_date":"2022-07-28 17:50:18","post_date_gmt":"2022-07-28 15:50:18","post_content":"","post_title":"ROSA DELS VENTS","post_excerpt":"","post_status":"publish","comment_status":"closed","ping_status":"closed","post_password":"","post_name":"rosa-dels-vents","to_ping":"","pinged":"","post_modified":"2022-07-28 17:50:18","post_modified_gmt":"2022-07-28 15:50:18","post_content_filtered":"","post_parent":0,"guid":"http:\/\/dev.claret.cat\/editorial\/rosa-dels-vents\/","menu_order":0,"post_type":"editorial","post_mime_type":"","comment_count":"0","filter":"raw"}],"autores-libros":[{"ID":293018,"post_author":"3","post_date":"2022-12-11 02:22:42","post_date_gmt":"2022-12-11 01:22:42","post_content":"","post_title":"JOHN H. ELLIOTT","post_excerpt":"","post_status":"publish","comment_status":"closed","ping_status":"closed","post_password":"","post_name":"john-h-elliott-2","to_ping":"","pinged":"","post_modified":"2022-12-11 02:22:42","post_modified_gmt":"2022-12-11 01:22:42","post_content_filtered":"","post_parent":0,"guid":"http:\/\/dev.claret.cat\/autor\/john-h-elliott-2\/","menu_order":0,"post_type":"autor","post_mime_type":"","comment_count":"0","filter":"raw"}]},"aioseo_notices":[],"_links":{"self":[{"href":"https:\/\/www.claret.cat\/es\/wp-json\/wp\/v2\/product\/175329","targetHints":{"allow":["GET"]}}],"collection":[{"href":"https:\/\/www.claret.cat\/es\/wp-json\/wp\/v2\/product"}],"about":[{"href":"https:\/\/www.claret.cat\/es\/wp-json\/wp\/v2\/types\/product"}],"wp:featuredmedia":[{"embeddable":true,"href":"https:\/\/www.claret.cat\/es\/wp-json\/wp\/v2\/media\/175330"}],"wp:attachment":[{"href":"https:\/\/www.claret.cat\/es\/wp-json\/wp\/v2\/media?parent=175329"}],"wp:term":[{"taxonomy":"product_brand","embeddable":true,"href":"https:\/\/www.claret.cat\/es\/wp-json\/wp\/v2\/product_brand?post=175329"},{"taxonomy":"product_cat","embeddable":true,"href":"https:\/\/www.claret.cat\/es\/wp-json\/wp\/v2\/product_cat?post=175329"},{"taxonomy":"product_tag","embeddable":true,"href":"https:\/\/www.claret.cat\/es\/wp-json\/wp\/v2\/product_tag?post=175329"}],"curies":[{"name":"wp","href":"https:\/\/api.w.org\/{rel}","templated":true}]}}