{"id":175356,"date":"2022-10-20T01:42:33","date_gmt":"2022-10-19T23:42:33","guid":{"rendered":"http:\/\/dev.claret.cat\/producte\/superlopez-robinson\/"},"modified":"2023-01-28T23:29:01","modified_gmt":"2023-01-28T22:29:01","slug":"superlopez-robinson-9788402421500","status":"publish","type":"product","link":"https:\/\/www.claret.cat\/es\/libro\/superlopez-robinson-9788402421500\/","title":{"rendered":"SUPERL\u00d3PEZ. ROBINSON"},"content":{"rendered":"<p>N\u00famero 193 de la colecci\u00f3n \u00abMagos del humor\u00bb. \u00a1Superl\u00f3pez lucha contra el aislamiento del ser humano! Superl\u00f3pez se siente aislado en la gran ciudad, en donde todo el mundo va a la suya, enganchado al m\u00f3vil y las redes sociales, pero sin preocuparse lo m\u00e1s m\u00ednimo por sus semejantes. En esta nueva aventura, Jan denuncia la situaci\u00f3n de aislamiento en que  vive el ser humano, con millones de supuestos amigos y seguidores, pero sin relacionarse en persona con esos \u00abamigos\u00bb. Sobre la colecci\u00f3n:<br \/> La colecci\u00f3n \u00abMagos del Humor\u00bb naci\u00f3 en la editorial Bruguera en el a\u00f1o 1984 recuperando t\u00edtulos que ya hab\u00edan sido publicados en su antecesora \u00abAses del Humor\u00bb (1969). Debido al cierre de Bruguera en 1986, en esta etapa solo llegaron a ver la luz los primeros 12 vol\u00famenes de la serie, pero en 1987 Ediciones B retom\u00f3 la publicaci\u00f3n de la colecci\u00f3n desde su primer n\u00famero hasta la actualidad. \u00abMagos del Humor\u00bb, con su formato coleccionista en tapa dura de 210 x 290 mm, es la colecci\u00f3n en la que aparecen por primera vez las aventuras in\u00e9ditas de Mortadelo y Filem\u00f3n y de Superl\u00f3pez, aunque  tambi\u00e9n puede encontrarse material de grandes personajes de Bruguera como Zipi y Zape de Escobar, 13, Rue del Percebe, Pepe Gotera y Otilio, El botones Sacarino, La familia Trapisonda y Rompetechos de Ib\u00e1\u00f1ez, Los cuentos de t\u00edo V\u00e1zquez o La familia Cebolleta de Manuel V\u00e1zquez, entre otros.<\/p>\n","protected":false},"excerpt":{"rendered":"<p>JAN,<\/p>\n","protected":false},"featured_media":175357,"template":"","meta":{"_acf_changed":false,"om_disable_all_campaigns":false,"rs_blank_template":"","rs_page_bg_color":"","slide_template_v7":"","inline_featured_image":false,"_monsterinsights_skip_tracking":false,"_monsterinsights_sitenote_active":false,"_monsterinsights_sitenote_note":"","_monsterinsights_sitenote_category":0},"product_brand":[],"product_cat":[108],"product_tag":[],"class_list":{"0":"post-175356","1":"product","2":"type-product","3":"status-publish","4":"has-post-thumbnail","6":"product_cat-comic","8":"first","9":"instock","10":"taxable","11":"shipping-taxable","12":"purchasable","13":"product-type-simple"},"acf":{"autor":"JAN,","codart":"840242150","libros-coleccion":"Bruguera Cl\u00e1sica","ediciones":"1","encuadernacion":"Carton\u00e9","fecha_de_publicacion":"01\/10\/2018","novedad":"1","paginas":"46","subtitulo":"MAGOS DEL HUMOR 193","orden":"0","portada":"0","idioma":"spa","editorial":[{"ID":147571,"post_author":"3","post_date":"2022-10-14 11:51:35","post_date_gmt":"2022-10-14 09:51:35","post_content":"","post_title":"Bruguera (Ediciones B)","post_excerpt":"","post_status":"publish","comment_status":"closed","ping_status":"closed","post_password":"","post_name":"bruguera-ediciones-b","to_ping":"","pinged":"","post_modified":"2022-10-14 11:51:35","post_modified_gmt":"2022-10-14 09:51:35","post_content_filtered":"","post_parent":0,"guid":"http:\/\/dev.claret.cat\/editorial\/bruguera-ediciones-b\/","menu_order":0,"post_type":"editorial","post_mime_type":"","comment_count":"0","filter":"raw"}],"autores-libros":[{"ID":158452,"post_author":"3","post_date":"2022-10-14 15:36:58","post_date_gmt":"2022-10-14 13:36:58","post_content":"","post_title":"JAN","post_excerpt":"","post_status":"publish","comment_status":"closed","ping_status":"closed","post_password":"","post_name":"jan","to_ping":"","pinged":"","post_modified":"2022-10-14 15:36:58","post_modified_gmt":"2022-10-14 13:36:58","post_content_filtered":"","post_parent":0,"guid":"http:\/\/dev.claret.cat\/autor\/jan\/","menu_order":0,"post_type":"autor","post_mime_type":"","comment_count":"0","filter":"raw"}]},"aioseo_notices":[],"_links":{"self":[{"href":"https:\/\/www.claret.cat\/es\/wp-json\/wp\/v2\/product\/175356","targetHints":{"allow":["GET"]}}],"collection":[{"href":"https:\/\/www.claret.cat\/es\/wp-json\/wp\/v2\/product"}],"about":[{"href":"https:\/\/www.claret.cat\/es\/wp-json\/wp\/v2\/types\/product"}],"wp:featuredmedia":[{"embeddable":true,"href":"https:\/\/www.claret.cat\/es\/wp-json\/wp\/v2\/media\/175357"}],"wp:attachment":[{"href":"https:\/\/www.claret.cat\/es\/wp-json\/wp\/v2\/media?parent=175356"}],"wp:term":[{"taxonomy":"product_brand","embeddable":true,"href":"https:\/\/www.claret.cat\/es\/wp-json\/wp\/v2\/product_brand?post=175356"},{"taxonomy":"product_cat","embeddable":true,"href":"https:\/\/www.claret.cat\/es\/wp-json\/wp\/v2\/product_cat?post=175356"},{"taxonomy":"product_tag","embeddable":true,"href":"https:\/\/www.claret.cat\/es\/wp-json\/wp\/v2\/product_tag?post=175356"}],"curies":[{"name":"wp","href":"https:\/\/api.w.org\/{rel}","templated":true}]}}