{"id":175359,"date":"2022-10-20T01:42:37","date_gmt":"2022-10-19T23:42:37","guid":{"rendered":"http:\/\/dev.claret.cat\/producte\/el-alma-del-mar\/"},"modified":"2024-02-07T14:49:56","modified_gmt":"2024-02-07T13:49:56","slug":"el-alma-del-mar-9788416222827","status":"publish","type":"product","link":"https:\/\/www.claret.cat\/es\/libro\/el-alma-del-mar-9788416222827\/","title":{"rendered":"EL ALMA DEL MAR"},"content":{"rendered":"<p>Una exploraci\u00f3n del hechizo del mar y del arte<br \/> Del autor de Leviat\u00e1n o la ballena y El mar interior, llega un maravilloso retrato compuesto por las sutiles, hermosas, inspiradas y enloquecedoras maneras en que el ser humano se ha relacionado con el planeta del agua.<br \/> En el deslumbrante cierre de su trilog\u00eda sobre el mar, Hoare parte de nuevo en un viaje en busca de las historias humanas y animales del mar, desde las personas empujadas a la desesperaci\u00f3n, a ballenas, gaviotas y esp\u00edritus de las aguas: esta es una odisea personal y literaria que nos llevar\u00e1 desde los suburbios de Londres hasta las costas europeas y del Atl\u00e1ntico. Desfilan por sus p\u00e1ginas William Shakespeare, Henry David Thoreau, Wilfred Owen, Jack London, Herman Melville, Elizabeth Barrett Browning, Virginia Woolf, Percy Bysse Shelley, Mary Shelley, Lord Byron, el almirante Nelson, David Bowie, Stanley Kubrick y muchos otros poetas y artistas, escritores modernistas y h\u00e9roes famosos o desconocidos, todos ellos relacionados con el mar, a veces de manera fatal y hermosa.<\/p>\n","protected":false},"excerpt":{"rendered":"<p>HOARE, PHILIP<\/p>\n","protected":false},"featured_media":175360,"template":"","meta":{"_acf_changed":false,"om_disable_all_campaigns":false,"rs_blank_template":"","rs_page_bg_color":"","slide_template_v7":"","inline_featured_image":false,"_monsterinsights_skip_tracking":false,"_monsterinsights_sitenote_active":false,"_monsterinsights_sitenote_note":"","_monsterinsights_sitenote_category":0},"product_brand":[],"product_cat":[87,353],"product_tag":[],"class_list":{"0":"post-175359","1":"product","2":"type-product","3":"status-publish","4":"has-post-thumbnail","6":"product_cat-literatura","7":"product_cat-literatura-2_humanidades","9":"first","10":"instock","11":"taxable","12":"shipping-taxable","13":"purchasable","14":"product-type-simple"},"acf":{"autor":"HOARE, PHILIP","codart":"841622282","libros-coleccion":"\u00c1tico de los Libros","ediciones":"1","encuadernacion":"R\u00fastica","fecha_de_publicacion":"01\/10\/2018","novedad":"1","paginas":"0","subtitulo":"","orden":"0","portada":"0","idioma":"spa","editorial":[{"ID":6131,"post_author":"3","post_date":"2022-07-28 17:45:33","post_date_gmt":"2022-07-28 15:45:33","post_content":"","post_title":"ATICO DE LOS LIBROS","post_excerpt":"","post_status":"publish","comment_status":"closed","ping_status":"closed","post_password":"","post_name":"atico-de-los-libros","to_ping":"","pinged":"","post_modified":"2022-07-28 17:45:33","post_modified_gmt":"2022-07-28 15:45:33","post_content_filtered":"","post_parent":0,"guid":"http:\/\/dev.claret.cat\/editorial\/atico-de-los-libros\/","menu_order":0,"post_type":"editorial","post_mime_type":"","comment_count":"0","filter":"raw"}],"autores-libros":[{"ID":167166,"post_author":"3","post_date":"2022-10-14 18:09:03","post_date_gmt":"2022-10-14 16:09:03","post_content":"","post_title":"PHILIP HOARE","post_excerpt":"","post_status":"publish","comment_status":"closed","ping_status":"closed","post_password":"","post_name":"philip-hoare","to_ping":"","pinged":"","post_modified":"2022-10-14 18:09:03","post_modified_gmt":"2022-10-14 16:09:03","post_content_filtered":"","post_parent":0,"guid":"http:\/\/dev.claret.cat\/autor\/philip-hoare\/","menu_order":0,"post_type":"autor","post_mime_type":"","comment_count":"0","filter":"raw"}]},"aioseo_notices":[],"_links":{"self":[{"href":"https:\/\/www.claret.cat\/es\/wp-json\/wp\/v2\/product\/175359","targetHints":{"allow":["GET"]}}],"collection":[{"href":"https:\/\/www.claret.cat\/es\/wp-json\/wp\/v2\/product"}],"about":[{"href":"https:\/\/www.claret.cat\/es\/wp-json\/wp\/v2\/types\/product"}],"wp:featuredmedia":[{"embeddable":true,"href":"https:\/\/www.claret.cat\/es\/wp-json\/wp\/v2\/media\/175360"}],"wp:attachment":[{"href":"https:\/\/www.claret.cat\/es\/wp-json\/wp\/v2\/media?parent=175359"}],"wp:term":[{"taxonomy":"product_brand","embeddable":true,"href":"https:\/\/www.claret.cat\/es\/wp-json\/wp\/v2\/product_brand?post=175359"},{"taxonomy":"product_cat","embeddable":true,"href":"https:\/\/www.claret.cat\/es\/wp-json\/wp\/v2\/product_cat?post=175359"},{"taxonomy":"product_tag","embeddable":true,"href":"https:\/\/www.claret.cat\/es\/wp-json\/wp\/v2\/product_tag?post=175359"}],"curies":[{"name":"wp","href":"https:\/\/api.w.org\/{rel}","templated":true}]}}