{"id":175410,"date":"2022-10-20T01:43:34","date_gmt":"2022-10-19T23:43:34","guid":{"rendered":"http:\/\/dev.claret.cat\/producte\/practicar-mindfulness-en-el-aula\/"},"modified":"2024-05-02T06:04:54","modified_gmt":"2024-05-02T04:04:54","slug":"practicar-mindfulness-en-el-aula-9788428832939","status":"publish","type":"product","link":"https:\/\/www.claret.cat\/es\/libro\/practicar-mindfulness-en-el-aula-9788428832939\/","title":{"rendered":"PRACTICAR MINDFULNESS EN EL AULA"},"content":{"rendered":"<p>Lorenzo S\u00e1nchez Ramos es licenciado en Psicolog\u00eda, bachiller en Teolog\u00eda y diplomado en Magisterio. Educador por vocaci\u00f3n, ejerce su actividad en el Colegio Montepellier como profesor, responsable del Departamento de Pastoral y dinamizador de planes de Mindfulness, Interioridad, Meditaci\u00f3n y desarrollo de la Inteligencia Emocional. Es Experto Universitario en Educaci\u00f3n de la Interioridad en Centros Educativos, formador de educadores, acompa\u00f1antes y animador de ni\u00f1os. Es autor de varias publicaciones y coautor de muchos libros de texto, as\u00ed como compositor de proyectos y publicaciones musicales.<\/p>\n","protected":false},"excerpt":{"rendered":"<p>S\u00c1NCHEZ RAMOS, LORENZO<\/p>\n","protected":false},"featured_media":337827,"template":"","meta":{"_acf_changed":false,"om_disable_all_campaigns":false,"rs_blank_template":"","rs_page_bg_color":"","slide_template_v7":"","inline_featured_image":false,"_monsterinsights_skip_tracking":false,"_monsterinsights_sitenote_active":false,"_monsterinsights_sitenote_note":"","_monsterinsights_sitenote_category":0},"product_brand":[],"product_cat":[90,540],"product_tag":[],"class_list":{"0":"post-175410","1":"product","2":"type-product","3":"status-publish","4":"has-post-thumbnail","6":"product_cat-altres","7":"product_cat-otros","9":"first","10":"instock","11":"taxable","12":"shipping-taxable","13":"purchasable","14":"product-type-simple"},"acf":{"autor":"S\u00c1NCHEZ RAMOS, LORENZO","codart":"842883293","libros-coleccion":"","ediciones":"1","encuadernacion":"R\u00fastica","fecha_de_publicacion":"28\/09\/2018","novedad":"1","paginas":"264","subtitulo":"RECURSOS CREATIVOS. PROPUESTAS PR\u00c1CTICAS. CANCIONES CON PAUTAS DE TRABAJO","orden":"0","portada":"0","idioma":"spa","editorial":[{"ID":6335,"post_author":"3","post_date":"2022-07-28 17:49:59","post_date_gmt":"2022-07-28 15:49:59","post_content":"","post_title":"PPC altres","post_excerpt":"","post_status":"publish","comment_status":"closed","ping_status":"closed","post_password":"","post_name":"ppc-altres","to_ping":"","pinged":"","post_modified":"2022-07-28 17:49:59","post_modified_gmt":"2022-07-28 15:49:59","post_content_filtered":"","post_parent":0,"guid":"http:\/\/dev.claret.cat\/editorial\/ppc-altres\/","menu_order":0,"post_type":"editorial","post_mime_type":"","comment_count":"0","filter":"raw"}],"autores-libros":[{"ID":5738,"post_author":"3","post_date":"2022-07-28 17:30:24","post_date_gmt":"2022-07-28 15:30:24","post_content":"","post_title":"LORENZO S\u00c1NCHEZ RAMOS","post_excerpt":"","post_status":"publish","comment_status":"closed","ping_status":"closed","post_password":"","post_name":"lorenzo-sanchez-ramos","to_ping":"","pinged":"","post_modified":"2022-07-28 17:30:24","post_modified_gmt":"2022-07-28 15:30:24","post_content_filtered":"","post_parent":0,"guid":"http:\/\/dev.claret.cat\/autor\/lorenzo-sanchez-ramos\/","menu_order":0,"post_type":"autor","post_mime_type":"","comment_count":"0","filter":"raw"}]},"aioseo_notices":[],"_links":{"self":[{"href":"https:\/\/www.claret.cat\/es\/wp-json\/wp\/v2\/product\/175410","targetHints":{"allow":["GET"]}}],"collection":[{"href":"https:\/\/www.claret.cat\/es\/wp-json\/wp\/v2\/product"}],"about":[{"href":"https:\/\/www.claret.cat\/es\/wp-json\/wp\/v2\/types\/product"}],"wp:featuredmedia":[{"embeddable":true,"href":"https:\/\/www.claret.cat\/es\/wp-json\/wp\/v2\/media\/337827"}],"wp:attachment":[{"href":"https:\/\/www.claret.cat\/es\/wp-json\/wp\/v2\/media?parent=175410"}],"wp:term":[{"taxonomy":"product_brand","embeddable":true,"href":"https:\/\/www.claret.cat\/es\/wp-json\/wp\/v2\/product_brand?post=175410"},{"taxonomy":"product_cat","embeddable":true,"href":"https:\/\/www.claret.cat\/es\/wp-json\/wp\/v2\/product_cat?post=175410"},{"taxonomy":"product_tag","embeddable":true,"href":"https:\/\/www.claret.cat\/es\/wp-json\/wp\/v2\/product_tag?post=175410"}],"curies":[{"name":"wp","href":"https:\/\/api.w.org\/{rel}","templated":true}]}}