{"id":175419,"date":"2022-10-20T01:43:44","date_gmt":"2022-10-19T23:43:44","guid":{"rendered":"http:\/\/dev.claret.cat\/producte\/fins-aqui-hem-arribat-2\/"},"modified":"2023-01-28T11:00:14","modified_gmt":"2023-01-28T10:00:14","slug":"fins-aqui-hem-arribat-9788494447341","status":"publish","type":"product","link":"https:\/\/www.claret.cat\/es\/libro\/fins-aqui-hem-arribat-9788494447341\/","title":{"rendered":"FINS AQUI HEM ARRIBAT"},"content":{"rendered":"<p>Fins aqu\u00ed hem arribat, sis\u00e8 t\u00edtol de la Col\u00b7lecci\u00f3 l\u2019Ermit\u00e0, \u00e9s una obra que ens descobreix les llegendes, les creences, els oficis, els costums, les par\u00e8mies, els rituals\u2026, com la mort forma part inexorable de la cultura pr\u00f2pia des de l\u2019inici dels \u00e9ssers humans. Un tema del qu\u00e8 se\u2019n parla poc, tot i que hi ha molt a explicar.<br \/>\u00c9s partint d\u2019aquesta base que Fins aqu\u00ed hem arribat es presenta com un llibre singular, curi\u00f3s, valent i, fins i tot, divertit, que ens parla sense embuts de qu\u00e8 fem i com celebrem el darrer ad\u00e9u. Els seus autors, Amadeu Carb\u00f3 i Jordi Cubillos, grans experts de la cultura d\u2019arrel tradicional, ens faran veure l\u2019empremta profunda que la mort i tot all\u00f2 que l\u2019envolta ha deixat en la nostra societat en tots els \u00e0mbits: costums, expressions populars, patrimoni art\u00edstic i cultural, etc. Tamb\u00e9 expliquen les transformacions provocades per la globalitzaci\u00f3 i la\u00efcitzaci\u00f3 de la societat moderna, que han fet apar\u00e8ixer noves pr\u00e0ctiques culturals com el necroturisme o han implantat amb for\u00e7a noves celebracions com Halloween.<\/p>\n","protected":false},"excerpt":{"rendered":"<p>CUBILLOS, JORDI; CARBO,AMADEU<\/p>\n","protected":false},"featured_media":175420,"template":"","meta":{"_acf_changed":false,"om_disable_all_campaigns":false,"rs_blank_template":"","rs_page_bg_color":"","slide_template_v7":"","inline_featured_image":false,"_monsterinsights_skip_tracking":false,"_monsterinsights_sitenote_active":false,"_monsterinsights_sitenote_note":"","_monsterinsights_sitenote_category":0},"product_brand":[],"product_cat":[118],"product_tag":[],"class_list":{"0":"post-175419","1":"product","2":"type-product","3":"status-publish","4":"has-post-thumbnail","6":"product_cat-mort-i-dol","8":"first","9":"instock","10":"taxable","11":"shipping-taxable","12":"purchasable","13":"product-type-simple"},"acf":{"autor":"CUBILLOS, JORDI; CARBO,AMADEU","codart":"849444734","libros-coleccion":"L'ERMIT\u00c0","ediciones":"1","encuadernacion":"Carpeta","fecha_de_publicacion":"28\/09\/2018","novedad":"1","paginas":"83","subtitulo":"QU\u00c8 FEM I COM CELEBREM EL DARRER AD\u00c9U","orden":"0","portada":"0","idioma":"cat","editorial":[{"ID":148545,"post_author":"3","post_date":"2022-10-14 11:59:05","post_date_gmt":"2022-10-14 09:59:05","post_content":"","post_title":"MORERA EDICIONS","post_excerpt":"","post_status":"publish","comment_status":"closed","ping_status":"closed","post_password":"","post_name":"morera-edicions","to_ping":"","pinged":"","post_modified":"2022-10-14 11:59:05","post_modified_gmt":"2022-10-14 09:59:05","post_content_filtered":"","post_parent":0,"guid":"http:\/\/dev.claret.cat\/editorial\/morera-edicions\/","menu_order":0,"post_type":"editorial","post_mime_type":"","comment_count":"0","filter":"raw"}],"autores-libros":[{"ID":149955,"post_author":"3","post_date":"2022-10-14 14:29:04","post_date_gmt":"2022-10-14 12:29:04","post_content":"","post_title":"AMADEU CARB\u00d3","post_excerpt":"","post_status":"publish","comment_status":"closed","ping_status":"closed","post_password":"","post_name":"amadeu-carbo","to_ping":"","pinged":"","post_modified":"2022-10-14 14:29:04","post_modified_gmt":"2022-10-14 12:29:04","post_content_filtered":"","post_parent":0,"guid":"http:\/\/dev.claret.cat\/autor\/amadeu-carbo\/","menu_order":0,"post_type":"autor","post_mime_type":"","comment_count":"0","filter":"raw"}]},"aioseo_notices":[],"_links":{"self":[{"href":"https:\/\/www.claret.cat\/es\/wp-json\/wp\/v2\/product\/175419","targetHints":{"allow":["GET"]}}],"collection":[{"href":"https:\/\/www.claret.cat\/es\/wp-json\/wp\/v2\/product"}],"about":[{"href":"https:\/\/www.claret.cat\/es\/wp-json\/wp\/v2\/types\/product"}],"wp:featuredmedia":[{"embeddable":true,"href":"https:\/\/www.claret.cat\/es\/wp-json\/wp\/v2\/media\/175420"}],"wp:attachment":[{"href":"https:\/\/www.claret.cat\/es\/wp-json\/wp\/v2\/media?parent=175419"}],"wp:term":[{"taxonomy":"product_brand","embeddable":true,"href":"https:\/\/www.claret.cat\/es\/wp-json\/wp\/v2\/product_brand?post=175419"},{"taxonomy":"product_cat","embeddable":true,"href":"https:\/\/www.claret.cat\/es\/wp-json\/wp\/v2\/product_cat?post=175419"},{"taxonomy":"product_tag","embeddable":true,"href":"https:\/\/www.claret.cat\/es\/wp-json\/wp\/v2\/product_tag?post=175419"}],"curies":[{"name":"wp","href":"https:\/\/api.w.org\/{rel}","templated":true}]}}