{"id":175443,"date":"2022-10-20T01:44:12","date_gmt":"2022-10-19T23:44:12","guid":{"rendered":"http:\/\/dev.claret.cat\/producte\/agenda-2019-gatos-literarios\/"},"modified":"2023-01-28T15:50:23","modified_gmt":"2023-01-28T14:50:23","slug":"agenda-2019-gatos-literarios-9787012673873","status":"publish","type":"product","link":"https:\/\/www.claret.cat\/es\/libro\/agenda-2019-gatos-literarios-9787012673873\/","title":{"rendered":"AGENDA 2019: GATOS LITERARIOS"},"content":{"rendered":"<p>2019 se presenta lleno de planes y para que no se te olvide ninguno hemos dise\u00f1ado estas pr\u00e1cticas y bonitas agendas para que no se te escape nada y puedas disfrutarlos al m\u00e1ximo. preciosos dise\u00f1os para ayudarte a organizar los 365 d\u00edas de este prometedor a\u00f1o!<\/p>\n","protected":false},"excerpt":{"rendered":"<p>ALMA<\/p>\n","protected":false},"featured_media":175444,"template":"","meta":{"_acf_changed":false,"om_disable_all_campaigns":false,"rs_blank_template":"","rs_page_bg_color":"","slide_template_v7":"","inline_featured_image":false,"_monsterinsights_skip_tracking":false,"_monsterinsights_sitenote_active":false,"_monsterinsights_sitenote_note":"","_monsterinsights_sitenote_category":0},"product_brand":[],"product_cat":[102],"product_tag":[],"class_list":{"0":"post-175443","1":"product","2":"type-product","3":"status-publish","4":"has-post-thumbnail","6":"product_cat-calendaris-i-agendes","8":"first","9":"instock","10":"taxable","11":"shipping-taxable","12":"purchasable","13":"product-type-simple"},"acf":{"autor":"ALMA","codart":"701267387","libros-coleccion":"","ediciones":"1","encuadernacion":"R\u00fastica","fecha_de_publicacion":"27\/09\/2018","novedad":"1","paginas":"0","subtitulo":"","orden":"0","portada":"0","idioma":"spa","autores-libros":[{"ID":149892,"post_author":"3","post_date":"2022-10-14 14:28:31","post_date_gmt":"2022-10-14 12:28:31","post_content":"","post_title":"ALMA","post_excerpt":"","post_status":"publish","comment_status":"closed","ping_status":"closed","post_password":"","post_name":"alma","to_ping":"","pinged":"","post_modified":"2022-10-14 14:28:31","post_modified_gmt":"2022-10-14 12:28:31","post_content_filtered":"","post_parent":0,"guid":"http:\/\/dev.claret.cat\/autor\/alma\/","menu_order":0,"post_type":"autor","post_mime_type":"","comment_count":"0","filter":"raw"}]},"aioseo_notices":[],"_links":{"self":[{"href":"https:\/\/www.claret.cat\/es\/wp-json\/wp\/v2\/product\/175443","targetHints":{"allow":["GET"]}}],"collection":[{"href":"https:\/\/www.claret.cat\/es\/wp-json\/wp\/v2\/product"}],"about":[{"href":"https:\/\/www.claret.cat\/es\/wp-json\/wp\/v2\/types\/product"}],"wp:featuredmedia":[{"embeddable":true,"href":"https:\/\/www.claret.cat\/es\/wp-json\/wp\/v2\/media\/175444"}],"wp:attachment":[{"href":"https:\/\/www.claret.cat\/es\/wp-json\/wp\/v2\/media?parent=175443"}],"wp:term":[{"taxonomy":"product_brand","embeddable":true,"href":"https:\/\/www.claret.cat\/es\/wp-json\/wp\/v2\/product_brand?post=175443"},{"taxonomy":"product_cat","embeddable":true,"href":"https:\/\/www.claret.cat\/es\/wp-json\/wp\/v2\/product_cat?post=175443"},{"taxonomy":"product_tag","embeddable":true,"href":"https:\/\/www.claret.cat\/es\/wp-json\/wp\/v2\/product_tag?post=175443"}],"curies":[{"name":"wp","href":"https:\/\/api.w.org\/{rel}","templated":true}]}}