{"id":175458,"date":"2022-10-20T01:44:30","date_gmt":"2022-10-19T23:44:30","guid":{"rendered":"http:\/\/dev.claret.cat\/producte\/el-discurso-del-monte-o-la-donacion-de-dios-como-padre-interpretacion\/"},"modified":"2024-05-02T06:05:09","modified_gmt":"2024-05-02T04:05:09","slug":"el-discurso-del-monte-o-la-donacion-de-dios-como-padre-interpretacion-9788428832953","status":"publish","type":"product","link":"https:\/\/www.claret.cat\/es\/libro\/el-discurso-del-monte-o-la-donacion-de-dios-como-padre-interpretacion-9788428832953\/","title":{"rendered":"EL DISCURSO DEL MONTE O LA DONACI\u00d3N DE DIOS COMO PADRE. INTERPRETACI\u00d3N"},"content":{"rendered":"<p>El Discurso del monte es la primera homil\u00eda de Jes\u00fas, seg\u00fan el evangelio de Mateo. El Maestro busca que los suyos entiendan en qu\u00e9 consiste su identidad de disc\u00edpulos y, por lo mismo, sus nuevas relaciones fundamentales que adquieren respecto a Dios, a los otros y a las cosas, y las nuevas consecuencias \u00e9ticas que conllevan estas relaciones. Sumergirse en estas p\u00e1ginas es tener la posibilidad de reencantar nuestra identidad de disc\u00edpulos para un mejor servicio a la sociedad. Estos comentarios exeg\u00e9ticos requieren de lectores que se den tiempo y que, sobre todo, busquen con pasi\u00f3n la Palabra de Dios.<\/p>\n","protected":false},"excerpt":{"rendered":"<p>SILVA RETAMALES, SANTIAGO<\/p>\n","protected":false},"featured_media":380877,"template":"","meta":{"_acf_changed":false,"om_disable_all_campaigns":false,"rs_blank_template":"","rs_page_bg_color":"","slide_template_v7":"","inline_featured_image":false,"_monsterinsights_skip_tracking":false,"_monsterinsights_sitenote_active":false,"_monsterinsights_sitenote_note":"","_monsterinsights_sitenote_category":0},"product_brand":[],"product_cat":[75,341,541,91],"product_tag":[],"class_list":{"0":"post-175458","1":"product","2":"type-product","3":"status-publish","4":"has-post-thumbnail","6":"product_cat-biblia","7":"product_cat-biblia-es","8":"product_cat-cristologia-1_espiritualidad-spa","9":"product_cat-cristologia","11":"first","12":"instock","13":"taxable","14":"shipping-taxable","15":"purchasable","16":"product-type-simple"},"acf":{"autor":"SILVA RETAMALES, SANTIAGO","codart":"842883295","libros-coleccion":"","ediciones":"1","encuadernacion":"R\u00fastica","fecha_de_publicacion":"25\/09\/2018","novedad":"1","paginas":"360","subtitulo":"INTERPRETACI\u00d3N DE MATEO 5-7","orden":"0","portada":"0","idioma":"spa","editorial":[{"ID":6335,"post_author":"3","post_date":"2022-07-28 17:49:59","post_date_gmt":"2022-07-28 15:49:59","post_content":"","post_title":"PPC altres","post_excerpt":"","post_status":"publish","comment_status":"closed","ping_status":"closed","post_password":"","post_name":"ppc-altres","to_ping":"","pinged":"","post_modified":"2022-07-28 17:49:59","post_modified_gmt":"2022-07-28 15:49:59","post_content_filtered":"","post_parent":0,"guid":"http:\/\/dev.claret.cat\/editorial\/ppc-altres\/","menu_order":0,"post_type":"editorial","post_mime_type":"","comment_count":"0","filter":"raw"}],"autores-libros":[{"ID":169069,"post_author":"3","post_date":"2022-10-14 22:24:13","post_date_gmt":"2022-10-14 20:24:13","post_content":"","post_title":"SANTIAGO SILVA RETAMALES","post_excerpt":"","post_status":"publish","comment_status":"closed","ping_status":"closed","post_password":"","post_name":"santiago-silva-retamales","to_ping":"","pinged":"","post_modified":"2022-10-14 22:24:13","post_modified_gmt":"2022-10-14 20:24:13","post_content_filtered":"","post_parent":0,"guid":"http:\/\/dev.claret.cat\/autor\/santiago-silva-retamales\/","menu_order":0,"post_type":"autor","post_mime_type":"","comment_count":"0","filter":"raw"}]},"aioseo_notices":[],"_links":{"self":[{"href":"https:\/\/www.claret.cat\/es\/wp-json\/wp\/v2\/product\/175458","targetHints":{"allow":["GET"]}}],"collection":[{"href":"https:\/\/www.claret.cat\/es\/wp-json\/wp\/v2\/product"}],"about":[{"href":"https:\/\/www.claret.cat\/es\/wp-json\/wp\/v2\/types\/product"}],"wp:featuredmedia":[{"embeddable":true,"href":"https:\/\/www.claret.cat\/es\/wp-json\/wp\/v2\/media\/380877"}],"wp:attachment":[{"href":"https:\/\/www.claret.cat\/es\/wp-json\/wp\/v2\/media?parent=175458"}],"wp:term":[{"taxonomy":"product_brand","embeddable":true,"href":"https:\/\/www.claret.cat\/es\/wp-json\/wp\/v2\/product_brand?post=175458"},{"taxonomy":"product_cat","embeddable":true,"href":"https:\/\/www.claret.cat\/es\/wp-json\/wp\/v2\/product_cat?post=175458"},{"taxonomy":"product_tag","embeddable":true,"href":"https:\/\/www.claret.cat\/es\/wp-json\/wp\/v2\/product_tag?post=175458"}],"curies":[{"name":"wp","href":"https:\/\/api.w.org\/{rel}","templated":true}]}}