{"id":175488,"date":"2022-10-20T01:45:03","date_gmt":"2022-10-19T23:45:03","guid":{"rendered":"http:\/\/dev.claret.cat\/producte\/tinc-un-drac-a-casa\/"},"modified":"2026-02-27T19:13:21","modified_gmt":"2026-02-27T18:13:21","slug":"tinc-un-drac-a-casa-9788466144759","status":"publish","type":"product","link":"https:\/\/www.claret.cat\/es\/libro\/tinc-un-drac-a-casa-9788466144759\/","title":{"rendered":"TINC UN DRAC A CASA!"},"content":{"rendered":"<p>L&#8217;\u00c0lex s&#8217;ha trobat un drac al soterrani de casa i no sap qu\u00e8 n&#8217;ha de fer! Llegeix les cartes que li envien i ajuda&#8217;l a descobrir-ho. Per\u00f2 ves amb compte! Els dracs s\u00f3n perillosos&#8230; o potser no? Amb 5 cartes urgents per obrir!<\/p>\n","protected":false},"excerpt":{"rendered":"<p>YARLETT, EMMA<\/p>\n","protected":false},"featured_media":376090,"template":"","meta":{"_acf_changed":false,"om_disable_all_campaigns":false,"rs_blank_template":"","rs_page_bg_color":"","slide_template_v7":"","inline_featured_image":false,"_monsterinsights_skip_tracking":false,"_monsterinsights_sitenote_active":false,"_monsterinsights_sitenote_note":"","_monsterinsights_sitenote_category":0},"product_brand":[],"product_cat":[131,361,352,86],"product_tag":[],"class_list":{"0":"post-175488","1":"product","2":"type-product","3":"status-publish","4":"has-post-thumbnail","6":"product_cat-contes-per-infants-0-6-anys","7":"product_cat-cuentos-para-ninos-0-6-anos","8":"product_cat-infantil-3_infantil-juvenil-spa","9":"product_cat-infantil","11":"first","12":"instock","13":"taxable","14":"shipping-taxable","15":"purchasable","16":"product-type-simple"},"acf":{"autor":"YARLETT, EMMA","codart":"846614475","libros-coleccion":"","ediciones":"1","encuadernacion":"Carton\u00e9","fecha_de_publicacion":"20\/09\/2018","novedad":"0","paginas":"32","subtitulo":"","orden":"0","portada":"0","idioma":"cat","autores-libros":[{"ID":155042,"post_author":"3","post_date":"2022-10-14 15:09:42","post_date_gmt":"2022-10-14 13:09:42","post_content":"","post_title":"EMMA YARLETT","post_excerpt":"","post_status":"publish","comment_status":"closed","ping_status":"closed","post_password":"","post_name":"emma-yarlett","to_ping":"","pinged":"","post_modified":"2022-10-14 15:09:42","post_modified_gmt":"2022-10-14 13:09:42","post_content_filtered":"","post_parent":0,"guid":"http:\/\/dev.claret.cat\/autor\/emma-yarlett\/","menu_order":0,"post_type":"autor","post_mime_type":"","comment_count":"0","filter":"raw"}],"editorial":[{"ID":261923,"post_author":"3","post_date":"2022-10-24 11:17:38","post_date_gmt":"2022-10-24 09:17:38","post_content":"","post_title":"CRU\u00cfLLA","post_excerpt":"","post_status":"publish","comment_status":"closed","ping_status":"closed","post_password":"","post_name":"cruilla","to_ping":"","pinged":"","post_modified":"2022-10-24 11:17:38","post_modified_gmt":"2022-10-24 09:17:38","post_content_filtered":"","post_parent":0,"guid":"http:\/\/dev.claret.cat\/editorial\/cruilla\/","menu_order":0,"post_type":"editorial","post_mime_type":"","comment_count":"0","filter":"raw"}],"booktrailer":"","resenas":""},"aioseo_notices":[],"_links":{"self":[{"href":"https:\/\/www.claret.cat\/es\/wp-json\/wp\/v2\/product\/175488","targetHints":{"allow":["GET"]}}],"collection":[{"href":"https:\/\/www.claret.cat\/es\/wp-json\/wp\/v2\/product"}],"about":[{"href":"https:\/\/www.claret.cat\/es\/wp-json\/wp\/v2\/types\/product"}],"wp:featuredmedia":[{"embeddable":true,"href":"https:\/\/www.claret.cat\/es\/wp-json\/wp\/v2\/media\/376090"}],"wp:attachment":[{"href":"https:\/\/www.claret.cat\/es\/wp-json\/wp\/v2\/media?parent=175488"}],"wp:term":[{"taxonomy":"product_brand","embeddable":true,"href":"https:\/\/www.claret.cat\/es\/wp-json\/wp\/v2\/product_brand?post=175488"},{"taxonomy":"product_cat","embeddable":true,"href":"https:\/\/www.claret.cat\/es\/wp-json\/wp\/v2\/product_cat?post=175488"},{"taxonomy":"product_tag","embeddable":true,"href":"https:\/\/www.claret.cat\/es\/wp-json\/wp\/v2\/product_tag?post=175488"}],"curies":[{"name":"wp","href":"https:\/\/api.w.org\/{rel}","templated":true}]}}