{"id":175641,"date":"2022-10-20T01:47:57","date_gmt":"2022-10-19T23:47:57","guid":{"rendered":"http:\/\/dev.claret.cat\/producte\/al-encuentro-de-dios-en-la-escritura-estudios-de-teologia-biblica\/"},"modified":"2024-05-23T05:23:01","modified_gmt":"2024-05-23T03:23:01","slug":"al-encuentro-de-dios-en-la-escritura-estudios-de-teologia-biblica-9788490734339","status":"publish","type":"product","link":"https:\/\/www.claret.cat\/es\/libro\/al-encuentro-de-dios-en-la-escritura-estudios-de-teologia-biblica-9788490734339\/","title":{"rendered":"AL ENCUENTRO DE DIOS EN LA ESCRITURA. ESTUDIOS DE TEOLOG\u00cdA B\u00cdBLICA"},"content":{"rendered":"<p>El Dios de la Biblia se puede considerar como un ser real o como un personaje literario. Por regla general, las teolog\u00edas b\u00edblicas cl\u00e1sicas lo tratan como un ser real, y los nuevos trabajos literarios como el protagonista de la Escritura. Se mire como se mire, el Dios b\u00edblico es un personaje complejo, con rasgos muy variados. <br \/>Los estudios aqu\u00ed presentados no pretenden ofrecer una teolog\u00eda b\u00edblica completa sobre Dios, sino una serie de pistas (su identidad, su naturaleza paterno-materna, su car\u00e1cter pac\u00edfico, su \u00edndole fontal, como Dios de la vida&#8230;) que conduzcan a su encuentro. <br \/>Las tradiciones b\u00edblicas est\u00e1n relacionadas con el \u00fanico Dios, el Creador del mundo y el Padre de Jes\u00fas. Quien lea la Biblia, de una u otra forma se encontrar\u00e1 con Dios. Objetivo del presente libro es, en definitiva, ayudar a dicho encuentro<\/p>\n","protected":false},"excerpt":{"rendered":"<p>GARC\u00cdA L\u00d3PEZ, F\u00c9LIX<\/p>\n","protected":false},"featured_media":372855,"template":"","meta":{"_acf_changed":false,"om_disable_all_campaigns":false,"rs_blank_template":"","rs_page_bg_color":"","slide_template_v7":"","inline_featured_image":false,"_monsterinsights_skip_tracking":false,"_monsterinsights_sitenote_active":false,"_monsterinsights_sitenote_note":"","_monsterinsights_sitenote_category":0},"product_brand":[],"product_cat":[341,75,541,91,544,94,342,76],"product_tag":[],"class_list":{"0":"post-175641","1":"product","2":"type-product","3":"status-publish","4":"has-post-thumbnail","6":"product_cat-biblia-es","7":"product_cat-biblia","8":"product_cat-cristologia-1_espiritualidad-spa","9":"product_cat-cristologia","10":"product_cat-religiones","11":"product_cat-religions","12":"product_cat-teologia-1_espiritualidad","13":"product_cat-teologia","15":"first","16":"instock","17":"taxable","18":"shipping-taxable","19":"purchasable","20":"product-type-simple"},"acf":{"autor":"GARC\u00cdA L\u00d3PEZ, F\u00c9LIX","codart":"849073433","libros-coleccion":"Estudios B\u00edblicos","ediciones":"1","encuadernacion":"R\u00fastica","fecha_de_publicacion":"13\/09\/2018","novedad":"1","paginas":"256","subtitulo":"ESTUDIOS DE TEOLOG\u00cdA B\u00cdBLICA","orden":"0","portada":"0","idioma":"spa","editorial":[{"ID":6390,"post_author":"3","post_date":"2022-07-28 17:51:08","post_date_gmt":"2022-07-28 15:51:08","post_content":"","post_title":"VERBO DIVINO","post_excerpt":"","post_status":"publish","comment_status":"closed","ping_status":"closed","post_password":"","post_name":"verbo-divino","to_ping":"","pinged":"","post_modified":"2022-07-28 17:51:08","post_modified_gmt":"2022-07-28 15:51:08","post_content_filtered":"","post_parent":0,"guid":"http:\/\/dev.claret.cat\/editorial\/verbo-divino\/","menu_order":0,"post_type":"editorial","post_mime_type":"","comment_count":"0","filter":"raw"}],"autores-libros":[{"ID":155729,"post_author":"3","post_date":"2022-10-14 15:15:10","post_date_gmt":"2022-10-14 13:15:10","post_content":"","post_title":"F\u00c9LIX GARC\u00cdA L\u00d3PEZ","post_excerpt":"","post_status":"publish","comment_status":"closed","ping_status":"closed","post_password":"","post_name":"felix-garcia-lopez","to_ping":"","pinged":"","post_modified":"2022-10-14 15:15:10","post_modified_gmt":"2022-10-14 13:15:10","post_content_filtered":"","post_parent":0,"guid":"http:\/\/dev.claret.cat\/autor\/felix-garcia-lopez\/","menu_order":0,"post_type":"autor","post_mime_type":"","comment_count":"0","filter":"raw"}]},"aioseo_notices":[],"_links":{"self":[{"href":"https:\/\/www.claret.cat\/es\/wp-json\/wp\/v2\/product\/175641","targetHints":{"allow":["GET"]}}],"collection":[{"href":"https:\/\/www.claret.cat\/es\/wp-json\/wp\/v2\/product"}],"about":[{"href":"https:\/\/www.claret.cat\/es\/wp-json\/wp\/v2\/types\/product"}],"wp:featuredmedia":[{"embeddable":true,"href":"https:\/\/www.claret.cat\/es\/wp-json\/wp\/v2\/media\/372855"}],"wp:attachment":[{"href":"https:\/\/www.claret.cat\/es\/wp-json\/wp\/v2\/media?parent=175641"}],"wp:term":[{"taxonomy":"product_brand","embeddable":true,"href":"https:\/\/www.claret.cat\/es\/wp-json\/wp\/v2\/product_brand?post=175641"},{"taxonomy":"product_cat","embeddable":true,"href":"https:\/\/www.claret.cat\/es\/wp-json\/wp\/v2\/product_cat?post=175641"},{"taxonomy":"product_tag","embeddable":true,"href":"https:\/\/www.claret.cat\/es\/wp-json\/wp\/v2\/product_tag?post=175641"}],"curies":[{"name":"wp","href":"https:\/\/api.w.org\/{rel}","templated":true}]}}