{"id":175656,"date":"2022-10-20T01:48:14","date_gmt":"2022-10-19T23:48:14","guid":{"rendered":"http:\/\/dev.claret.cat\/producte\/pedro-pablo-santiago-y-los-demas\/"},"modified":"2024-05-23T06:14:55","modified_gmt":"2024-05-23T04:14:55","slug":"pedro-pablo-santiago-y-los-demas-9788490236543","status":"publish","type":"product","link":"https:\/\/www.claret.cat\/es\/libro\/pedro-pablo-santiago-y-los-demas-9788490236543\/","title":{"rendered":"PEDRO, PABLO, SANTIAGO Y LOS DEM\u00c1S"},"content":{"rendered":"<p>La autora, a trav\u00e9s de los personajes m\u00e1s importantes de la primera hora del cristianismo, nos ayuda a adentrarnos en la vida de las primeras comunidades cristianas. Estas son el seno materno que hace surgir, sosegadamente, los libros que hoy conocemos como Nuevo Testamento. Es un proceso lento en el que los testigos de la primera, ahora tienen un papel trascendente: Pedro, Pablo, Santiago y muchos creyentes desconocidos. El presente trabajo, simple y al alcance de mucha gente, nos invita a entender el \u00abambiente social y religioso\u00bb en el que nacen los textos can\u00f3nicos del Nuevo Testamento.<\/p>\n","protected":false},"excerpt":{"rendered":"<p>LADOU\u00c8S, FRAN\u00c7OISE<\/p>\n","protected":false},"featured_media":359463,"template":"","meta":{"_acf_changed":false,"om_disable_all_campaigns":false,"rs_blank_template":"","rs_page_bg_color":"","slide_template_v7":"","inline_featured_image":false,"_monsterinsights_skip_tracking":false,"_monsterinsights_sitenote_active":false,"_monsterinsights_sitenote_note":"","_monsterinsights_sitenote_category":0},"product_brand":[],"product_cat":[75,341,77,343,541,91,543,93],"product_tag":[],"class_list":{"0":"post-175656","1":"product","2":"type-product","3":"status-publish","4":"has-post-thumbnail","6":"product_cat-biblia","7":"product_cat-biblia-es","8":"product_cat-catequesi","9":"product_cat-catequesis","10":"product_cat-cristologia-1_espiritualidad-spa","11":"product_cat-cristologia","12":"product_cat-eclesiologia-es","13":"product_cat-eclesiologia","15":"first","16":"instock","17":"taxable","18":"shipping-taxable","19":"purchasable","20":"product-type-simple"},"acf":{"autor":"LADOU\u00c8S, FRAN\u00c7OISE","codart":"849023654","libros-coleccion":"Claves cristianas","ediciones":"1","encuadernacion":"R\u00fastica","fecha_de_publicacion":"13\/09\/2018","novedad":"1","paginas":"112","subtitulo":"TRAS LAS HUELLAS DE LOS PRIMEROS SEGUIDORES DE JESUCRISTO","orden":"0","portada":"0","idioma":"spa","editorial":[{"ID":6155,"post_author":"3","post_date":"2022-07-28 17:46:04","post_date_gmt":"2022-07-28 15:46:04","post_content":"","post_title":"Central Catequ\u00edstica Salesiana","post_excerpt":"","post_status":"publish","comment_status":"closed","ping_status":"closed","post_password":"","post_name":"central-catequistica-salesiana","to_ping":"","pinged":"","post_modified":"2022-07-28 17:46:04","post_modified_gmt":"2022-07-28 15:46:04","post_content_filtered":"","post_parent":0,"guid":"http:\/\/dev.claret.cat\/editorial\/central-catequistica-salesiana\/","menu_order":0,"post_type":"editorial","post_mime_type":"","comment_count":"0","filter":"raw"}],"autores-libros":[{"ID":325343,"post_author":"3","post_date":"2023-01-04 12:42:07","post_date_gmt":"2023-01-04 11:42:07","post_content":"","post_title":"FRAN\u00c7OISE LADOU\u00c8S","post_excerpt":"","post_status":"publish","comment_status":"closed","ping_status":"closed","post_password":"","post_name":"francoise-ladoues","to_ping":"","pinged":"","post_modified":"2023-01-04 12:42:07","post_modified_gmt":"2023-01-04 11:42:07","post_content_filtered":"","post_parent":0,"guid":"https:\/\/www.claret.cat\/autor\/francoise-ladoues\/","menu_order":0,"post_type":"autor","post_mime_type":"","comment_count":"0","filter":"raw"}]},"aioseo_notices":[],"_links":{"self":[{"href":"https:\/\/www.claret.cat\/es\/wp-json\/wp\/v2\/product\/175656","targetHints":{"allow":["GET"]}}],"collection":[{"href":"https:\/\/www.claret.cat\/es\/wp-json\/wp\/v2\/product"}],"about":[{"href":"https:\/\/www.claret.cat\/es\/wp-json\/wp\/v2\/types\/product"}],"wp:featuredmedia":[{"embeddable":true,"href":"https:\/\/www.claret.cat\/es\/wp-json\/wp\/v2\/media\/359463"}],"wp:attachment":[{"href":"https:\/\/www.claret.cat\/es\/wp-json\/wp\/v2\/media?parent=175656"}],"wp:term":[{"taxonomy":"product_brand","embeddable":true,"href":"https:\/\/www.claret.cat\/es\/wp-json\/wp\/v2\/product_brand?post=175656"},{"taxonomy":"product_cat","embeddable":true,"href":"https:\/\/www.claret.cat\/es\/wp-json\/wp\/v2\/product_cat?post=175656"},{"taxonomy":"product_tag","embeddable":true,"href":"https:\/\/www.claret.cat\/es\/wp-json\/wp\/v2\/product_tag?post=175656"}],"curies":[{"name":"wp","href":"https:\/\/api.w.org\/{rel}","templated":true}]}}