{"id":175980,"date":"2022-10-20T01:54:04","date_gmt":"2022-10-19T23:54:04","guid":{"rendered":"http:\/\/dev.claret.cat\/producte\/genetica-futuros-genios\/"},"modified":"2023-01-28T14:40:29","modified_gmt":"2023-01-28T13:40:29","slug":"genetica-futuros-genios-9788448850555","status":"publish","type":"product","link":"https:\/\/www.claret.cat\/es\/libro\/genetica-futuros-genios-9788448850555\/","title":{"rendered":"GEN\u00c9TICA (FUTUROS GENIOS)"},"content":{"rendered":"<p>\u00a1Descubre los secretos de la ciencia con \u00abFuturos Genios\u00bb! \u00bfC\u00f3mo se define el color de nuestro pelo? \u00bfQu\u00e9 son los genes? \u00bfY las bases nitrogenadas? \u00a1Acompa\u00f1a a Valentina en esta fascinante exploraci\u00f3n del ADN y convi\u00e9rtete en un genio de la gen\u00e9tica! \u00abFuturos Genios\u00bb es una colecci\u00f3n pensada para compartir un momento  de lectura y aprendizaje en familia. A trav\u00e9s de ilustraciones sencillas  y divertidas, Carlos Pazos, divulgador cient\u00edfico conocido por su blog Mola Saber, explica las nociones b\u00e1sicas de conceptos cient\u00edficos  generales y da respuestas -comprensibles para grandes y peque\u00f1os- a preguntas que todos nos hemos planteado alguna vez.<\/p>\n","protected":false},"excerpt":{"rendered":"<p>PAZOS, CARLOS<\/p>\n","protected":false},"featured_media":175981,"template":"","meta":{"_acf_changed":false,"om_disable_all_campaigns":false,"rs_blank_template":"","rs_page_bg_color":"","slide_template_v7":"","inline_featured_image":false,"_monsterinsights_skip_tracking":false,"_monsterinsights_sitenote_active":false,"_monsterinsights_sitenote_note":"","_monsterinsights_sitenote_category":0},"product_brand":[],"product_cat":[86],"product_tag":[],"class_list":{"0":"post-175980","1":"product","2":"type-product","3":"status-publish","4":"has-post-thumbnail","6":"product_cat-infantil","8":"first","9":"instock","10":"taxable","11":"shipping-taxable","12":"purchasable","13":"product-type-simple"},"acf":{"autor":"PAZOS, CARLOS","codart":"844885055","libros-coleccion":"Peque\u00f1os creativos","ediciones":"1","encuadernacion":"Carton\u00e9","fecha_de_publicacion":"01\/09\/2018","novedad":"1","paginas":"24","subtitulo":"LA CIENCIA EXPLICADA A LOS M\u00c1S PEQUE\u00d1OS","orden":"0","portada":"0","idioma":"spa","editorial":[{"ID":6141,"post_author":"3","post_date":"2022-07-28 17:45:46","post_date_gmt":"2022-07-28 15:45:46","post_content":"","post_title":"BEASCOA","post_excerpt":"","post_status":"publish","comment_status":"closed","ping_status":"closed","post_password":"","post_name":"beascoa","to_ping":"","pinged":"","post_modified":"2022-07-28 17:45:46","post_modified_gmt":"2022-07-28 15:45:46","post_content_filtered":"","post_parent":0,"guid":"http:\/\/dev.claret.cat\/editorial\/beascoa\/","menu_order":0,"post_type":"editorial","post_mime_type":"","comment_count":"0","filter":"raw"}],"autores-libros":[{"ID":152302,"post_author":"3","post_date":"2022-10-14 14:47:41","post_date_gmt":"2022-10-14 12:47:41","post_content":"","post_title":"CARLOS PAZOS","post_excerpt":"","post_status":"publish","comment_status":"closed","ping_status":"closed","post_password":"","post_name":"carlos-pazos","to_ping":"","pinged":"","post_modified":"2022-10-14 14:47:41","post_modified_gmt":"2022-10-14 12:47:41","post_content_filtered":"","post_parent":0,"guid":"http:\/\/dev.claret.cat\/autor\/carlos-pazos\/","menu_order":0,"post_type":"autor","post_mime_type":"","comment_count":"0","filter":"raw"}]},"aioseo_notices":[],"_links":{"self":[{"href":"https:\/\/www.claret.cat\/es\/wp-json\/wp\/v2\/product\/175980","targetHints":{"allow":["GET"]}}],"collection":[{"href":"https:\/\/www.claret.cat\/es\/wp-json\/wp\/v2\/product"}],"about":[{"href":"https:\/\/www.claret.cat\/es\/wp-json\/wp\/v2\/types\/product"}],"wp:featuredmedia":[{"embeddable":true,"href":"https:\/\/www.claret.cat\/es\/wp-json\/wp\/v2\/media\/175981"}],"wp:attachment":[{"href":"https:\/\/www.claret.cat\/es\/wp-json\/wp\/v2\/media?parent=175980"}],"wp:term":[{"taxonomy":"product_brand","embeddable":true,"href":"https:\/\/www.claret.cat\/es\/wp-json\/wp\/v2\/product_brand?post=175980"},{"taxonomy":"product_cat","embeddable":true,"href":"https:\/\/www.claret.cat\/es\/wp-json\/wp\/v2\/product_cat?post=175980"},{"taxonomy":"product_tag","embeddable":true,"href":"https:\/\/www.claret.cat\/es\/wp-json\/wp\/v2\/product_tag?post=175980"}],"curies":[{"name":"wp","href":"https:\/\/api.w.org\/{rel}","templated":true}]}}