{"id":175986,"date":"2022-10-20T01:54:10","date_gmt":"2022-10-19T23:54:10","guid":{"rendered":"http:\/\/dev.claret.cat\/producte\/mi-primer-atlas-2\/"},"modified":"2026-02-26T14:51:39","modified_gmt":"2026-02-26T13:51:39","slug":"mi-primer-atlas-9788448850630","status":"publish","type":"product","link":"https:\/\/www.claret.cat\/es\/libro\/mi-primer-atlas-9788448850630\/","title":{"rendered":"MI PRIMER ATLAS"},"content":{"rendered":"<p>Un atlas ideal para que los m\u00e1s peque\u00f1os empiecen a descubrir el mundo donde viven. Los peque\u00f1os lectores podr\u00e1n viajar alrededor del mundo con este atlas  ilustrado. En \u00e9l encontrar\u00e1n 20 mapas, cada uno de los cuales refleja  una regi\u00f3n de nuestro planeta. Adem\u00e1s de los pa\u00edses de cada regi\u00f3n, se  incluye informaci\u00f3n sobre la zona, los animales m\u00e1s  caracter\u00edsticos y  los accidentes geogr\u00e1ficos m\u00e1s relevantes. En cada mapa tambi\u00e9n hay un  localizador con un mapamundi en el que se  destaca la regi\u00f3n de la que se trata para que el ni\u00f1o se sit\u00fae. \u00a1Con un p\u00f3ster gigante del mapa del mundo!<\/p>\n","protected":false},"excerpt":{"rendered":"<p>AAVV<\/p>\n","protected":false},"featured_media":175987,"template":"","meta":{"_acf_changed":false,"om_disable_all_campaigns":false,"rs_blank_template":"","rs_page_bg_color":"","slide_template_v7":"","inline_featured_image":false,"_monsterinsights_skip_tracking":false,"_monsterinsights_sitenote_active":false,"_monsterinsights_sitenote_note":"","_monsterinsights_sitenote_category":0},"product_brand":[],"product_cat":[86,352],"product_tag":[],"class_list":{"0":"post-175986","1":"product","2":"type-product","3":"status-publish","4":"has-post-thumbnail","6":"product_cat-infantil","7":"product_cat-infantil-3_infantil-juvenil-spa","9":"first","10":"instock","11":"taxable","12":"shipping-taxable","13":"purchasable","14":"product-type-simple"},"acf":{"autor":"AAVV","codart":"844885063","libros-coleccion":"Atlas","ediciones":"1","encuadernacion":"Carton\u00e9","fecha_de_publicacion":"01\/09\/2018","novedad":"1","paginas":"48","subtitulo":"(INCLUYE UN P\u00d3STER DEL MAPA DEL MUNDO)","orden":"0","portada":"0","idioma":"spa","editorial":[{"ID":6141,"post_author":"3","post_date":"2022-07-28 17:45:46","post_date_gmt":"2022-07-28 15:45:46","post_content":"","post_title":"BEASCOA","post_excerpt":"","post_status":"publish","comment_status":"closed","ping_status":"closed","post_password":"","post_name":"beascoa","to_ping":"","pinged":"","post_modified":"2022-07-28 17:45:46","post_modified_gmt":"2022-07-28 15:45:46","post_content_filtered":"","post_parent":0,"guid":"http:\/\/dev.claret.cat\/editorial\/beascoa\/","menu_order":0,"post_type":"editorial","post_mime_type":"","comment_count":"0","filter":"raw"}],"autores-libros":[{"ID":8279,"post_author":"3","post_date":"2022-09-30 09:47:23","post_date_gmt":"2022-09-30 07:47:23","post_content":"","post_title":"AAVV","post_excerpt":"","post_status":"publish","comment_status":"closed","ping_status":"closed","post_password":"","post_name":"aavv","to_ping":"","pinged":"","post_modified":"2022-09-30 09:47:23","post_modified_gmt":"2022-09-30 07:47:23","post_content_filtered":"","post_parent":0,"guid":"http:\/\/dev.claret.cat\/autor\/aavv\/","menu_order":0,"post_type":"autor","post_mime_type":"","comment_count":"0","filter":"raw"}],"booktrailer":"","resenas":""},"aioseo_notices":[],"_links":{"self":[{"href":"https:\/\/www.claret.cat\/es\/wp-json\/wp\/v2\/product\/175986","targetHints":{"allow":["GET"]}}],"collection":[{"href":"https:\/\/www.claret.cat\/es\/wp-json\/wp\/v2\/product"}],"about":[{"href":"https:\/\/www.claret.cat\/es\/wp-json\/wp\/v2\/types\/product"}],"wp:featuredmedia":[{"embeddable":true,"href":"https:\/\/www.claret.cat\/es\/wp-json\/wp\/v2\/media\/175987"}],"wp:attachment":[{"href":"https:\/\/www.claret.cat\/es\/wp-json\/wp\/v2\/media?parent=175986"}],"wp:term":[{"taxonomy":"product_brand","embeddable":true,"href":"https:\/\/www.claret.cat\/es\/wp-json\/wp\/v2\/product_brand?post=175986"},{"taxonomy":"product_cat","embeddable":true,"href":"https:\/\/www.claret.cat\/es\/wp-json\/wp\/v2\/product_cat?post=175986"},{"taxonomy":"product_tag","embeddable":true,"href":"https:\/\/www.claret.cat\/es\/wp-json\/wp\/v2\/product_tag?post=175986"}],"curies":[{"name":"wp","href":"https:\/\/api.w.org\/{rel}","templated":true}]}}