{"id":176013,"date":"2022-10-20T01:54:42","date_gmt":"2022-10-19T23:54:42","guid":{"rendered":"http:\/\/dev.claret.cat\/producte\/las-ricas-horas-de-jacominus-gainsborough\/"},"modified":"2023-01-28T12:39:49","modified_gmt":"2023-01-28T11:39:49","slug":"las-ricas-horas-de-jacominus-gainsborough-9788414016978","status":"publish","type":"product","link":"https:\/\/www.claret.cat\/es\/libro\/las-ricas-horas-de-jacominus-gainsborough-9788414016978\/","title":{"rendered":"LAS RICAS HORAS DE JACOMINUS GAINSBOROUGH"},"content":{"rendered":"<p>\u00bfRicas horas? \u00bfC\u00f3mo que ricas horas? \u00a1Digamos m\u00e1s bien toda una vida! La de Jacominus Gainsborough. Las hojas secas del parque, la lluvia, la marea baja. Un traspi\u00e9, una despedida en el muelle, un encuentro en un jard\u00edn lleno de piedras. Un p\u00edcnic, varias carreras y la sombra fresca del almendro. Todas esas cosas. Una vida.<br \/> R\u00e9becca Dautremer nos cuenta en este libro la vida completa de Jacominus y nos deleita con sus maravillosas ilustraciones.<\/p>\n","protected":false},"excerpt":{"rendered":"<p>DAUTREMER, R\u00c9BECCA<\/p>\n","protected":false},"featured_media":176014,"template":"","meta":{"_acf_changed":false,"om_disable_all_campaigns":false,"rs_blank_template":"","rs_page_bg_color":"","slide_template_v7":"","inline_featured_image":false,"_monsterinsights_skip_tracking":false,"_monsterinsights_sitenote_active":false,"_monsterinsights_sitenote_note":"","_monsterinsights_sitenote_category":0},"product_brand":[],"product_cat":[86],"product_tag":[],"class_list":{"0":"post-176013","1":"product","2":"type-product","3":"status-publish","4":"has-post-thumbnail","6":"product_cat-infantil","8":"first","9":"instock","10":"taxable","11":"shipping-taxable","12":"purchasable","13":"product-type-simple"},"acf":{"autor":"DAUTREMER, R\u00c9BECCA","codart":"841401697","libros-coleccion":"\u00c1lbumes ilustrados","ediciones":"1","encuadernacion":"Carton\u00e9","fecha_de_publicacion":"01\/09\/2018","novedad":"1","paginas":"65","subtitulo":"","orden":"0","portada":"0","idioma":"spa","editorial":[{"ID":6229,"post_author":"3","post_date":"2022-07-28 17:47:40","post_date_gmt":"2022-07-28 15:47:40","post_content":"","post_title":"Editorial Luis Vives (Edelvives)","post_excerpt":"","post_status":"publish","comment_status":"closed","ping_status":"closed","post_password":"","post_name":"editorial-luis-vives-edelvives","to_ping":"","pinged":"","post_modified":"2022-07-28 17:47:40","post_modified_gmt":"2022-07-28 15:47:40","post_content_filtered":"","post_parent":0,"guid":"http:\/\/dev.claret.cat\/editorial\/editorial-luis-vives-edelvives\/","menu_order":0,"post_type":"editorial","post_mime_type":"","comment_count":"0","filter":"raw"}],"autores-libros":[{"ID":167902,"post_author":"3","post_date":"2022-10-14 18:14:55","post_date_gmt":"2022-10-14 16:14:55","post_content":"","post_title":"R\u00c9BECCA DAUTREMER","post_excerpt":"","post_status":"publish","comment_status":"closed","ping_status":"closed","post_password":"","post_name":"rebecca-dautremer","to_ping":"","pinged":"","post_modified":"2022-10-14 18:14:55","post_modified_gmt":"2022-10-14 16:14:55","post_content_filtered":"","post_parent":0,"guid":"http:\/\/dev.claret.cat\/autor\/rebecca-dautremer\/","menu_order":0,"post_type":"autor","post_mime_type":"","comment_count":"0","filter":"raw"}]},"aioseo_notices":[],"_links":{"self":[{"href":"https:\/\/www.claret.cat\/es\/wp-json\/wp\/v2\/product\/176013","targetHints":{"allow":["GET"]}}],"collection":[{"href":"https:\/\/www.claret.cat\/es\/wp-json\/wp\/v2\/product"}],"about":[{"href":"https:\/\/www.claret.cat\/es\/wp-json\/wp\/v2\/types\/product"}],"wp:featuredmedia":[{"embeddable":true,"href":"https:\/\/www.claret.cat\/es\/wp-json\/wp\/v2\/media\/176014"}],"wp:attachment":[{"href":"https:\/\/www.claret.cat\/es\/wp-json\/wp\/v2\/media?parent=176013"}],"wp:term":[{"taxonomy":"product_brand","embeddable":true,"href":"https:\/\/www.claret.cat\/es\/wp-json\/wp\/v2\/product_brand?post=176013"},{"taxonomy":"product_cat","embeddable":true,"href":"https:\/\/www.claret.cat\/es\/wp-json\/wp\/v2\/product_cat?post=176013"},{"taxonomy":"product_tag","embeddable":true,"href":"https:\/\/www.claret.cat\/es\/wp-json\/wp\/v2\/product_tag?post=176013"}],"curies":[{"name":"wp","href":"https:\/\/api.w.org\/{rel}","templated":true}]}}