{"id":17602,"date":"2022-10-01T23:32:16","date_gmt":"2022-10-01T21:32:16","guid":{"rendered":"http:\/\/dev.claret.cat\/producte\/tirant-lo-blanc\/"},"modified":"2024-02-08T12:08:45","modified_gmt":"2024-02-08T11:08:45","slug":"tirant-lo-blanc-9788423678204","status":"publish","type":"product","link":"https:\/\/www.claret.cat\/es\/libro\/tirant-lo-blanc-9788423678204\/","title":{"rendered":"TIRANT LO BLANC"},"content":{"rendered":"<p>Les aventures i desventures del cavaller Tirant ens transportaran en un fascinant viatge des de la cort del Rei d\u2019Anglaterra on \u00e9s nomenat cavaller, a l\u2019illa de Sic\u00edlia, al setge de Rodes, al Nord l\u2019\u00c0frica i a l\u2019imperi de Contantinoble. Tirant \u00e9s el gran heroi: fort, valent, divertit, enginy\u00f3s, bon estrateg, per\u00f2 sobretot hum\u00e0, que respon a les peticions d\u2019auxili de Roda i de l\u2019emperador de Constantinoble i sospira per l\u2019amor de Carmesina.<\/p>\n","protected":false},"excerpt":{"rendered":"<p>MARTORELL, JOANOT; ROVIRA, FRANCESC (il)<\/p>\n","protected":false},"featured_media":0,"template":"","meta":{"_acf_changed":false,"om_disable_all_campaigns":false,"rs_blank_template":"","rs_page_bg_color":"","slide_template_v7":"","inline_featured_image":false,"_monsterinsights_skip_tracking":false,"_monsterinsights_sitenote_active":false,"_monsterinsights_sitenote_note":"","_monsterinsights_sitenote_category":0},"product_brand":[],"product_cat":[132,362,124,355],"product_tag":[],"class_list":{"0":"post-17602","1":"product","2":"type-product","3":"status-publish","5":"product_cat-lectures-per-preadolescents-6-12-anys","6":"product_cat-libros-preadolescentes-6-12-anos","7":"product_cat-medieval-i-barroca","8":"product_cat-medieval-y-barroca","10":"first","11":"instock","12":"taxable","13":"shipping-taxable","14":"purchasable","15":"product-type-simple"},"acf":{"autor":"MARTORELL, JOANOT; ROVIRA, FRANCESC (il)","codart":"842367820","libros-coleccion":"\u00c0lbums Il\u00b7lustrats","ediciones":"1","encuadernacion":"Carton\u00e9","fecha_de_publicacion":"22\/03\/2006","novedad":"0","paginas":"200","subtitulo":"","orden":"999","portada":"0","idioma":"spa","editorial":[{"ID":6192,"post_author":"3","post_date":"2022-07-28 17:46:52","post_date_gmt":"2022-07-28 15:46:52","post_content":"","post_title":"EDEBE altres","post_excerpt":"","post_status":"publish","comment_status":"closed","ping_status":"closed","post_password":"","post_name":"edebe-altres","to_ping":"","pinged":"","post_modified":"2022-07-28 17:46:52","post_modified_gmt":"2022-07-28 15:46:52","post_content_filtered":"","post_parent":0,"guid":"http:\/\/dev.claret.cat\/editorial\/edebe-altres\/","menu_order":0,"post_type":"editorial","post_mime_type":"","comment_count":"0","filter":"raw"}],"autores-libros":[{"ID":156064,"post_author":"3","post_date":"2022-10-14 15:17:50","post_date_gmt":"2022-10-14 13:17:50","post_content":"","post_title":"FRANCESC (il) ROVIRA","post_excerpt":"","post_status":"publish","comment_status":"closed","ping_status":"closed","post_password":"","post_name":"francesc-il-rovira","to_ping":"","pinged":"","post_modified":"2022-10-14 15:17:50","post_modified_gmt":"2022-10-14 13:17:50","post_content_filtered":"","post_parent":0,"guid":"http:\/\/dev.claret.cat\/autor\/francesc-il-rovira\/","menu_order":0,"post_type":"autor","post_mime_type":"","comment_count":"0","filter":"raw"},{"ID":159487,"post_author":"3","post_date":"2022-10-14 15:45:14","post_date_gmt":"2022-10-14 13:45:14","post_content":"","post_title":"JOANOT MARTORELL","post_excerpt":"","post_status":"publish","comment_status":"closed","ping_status":"closed","post_password":"","post_name":"joanot-martorell","to_ping":"","pinged":"","post_modified":"2022-10-14 15:45:14","post_modified_gmt":"2022-10-14 13:45:14","post_content_filtered":"","post_parent":0,"guid":"http:\/\/dev.claret.cat\/autor\/joanot-martorell\/","menu_order":0,"post_type":"autor","post_mime_type":"","comment_count":"0","filter":"raw"}]},"aioseo_notices":[],"_links":{"self":[{"href":"https:\/\/www.claret.cat\/es\/wp-json\/wp\/v2\/product\/17602","targetHints":{"allow":["GET"]}}],"collection":[{"href":"https:\/\/www.claret.cat\/es\/wp-json\/wp\/v2\/product"}],"about":[{"href":"https:\/\/www.claret.cat\/es\/wp-json\/wp\/v2\/types\/product"}],"wp:attachment":[{"href":"https:\/\/www.claret.cat\/es\/wp-json\/wp\/v2\/media?parent=17602"}],"wp:term":[{"taxonomy":"product_brand","embeddable":true,"href":"https:\/\/www.claret.cat\/es\/wp-json\/wp\/v2\/product_brand?post=17602"},{"taxonomy":"product_cat","embeddable":true,"href":"https:\/\/www.claret.cat\/es\/wp-json\/wp\/v2\/product_cat?post=17602"},{"taxonomy":"product_tag","embeddable":true,"href":"https:\/\/www.claret.cat\/es\/wp-json\/wp\/v2\/product_tag?post=17602"}],"curies":[{"name":"wp","href":"https:\/\/api.w.org\/{rel}","templated":true}]}}