{"id":176037,"date":"2022-10-20T01:55:09","date_gmt":"2022-10-19T23:55:09","guid":{"rendered":"http:\/\/dev.claret.cat\/producte\/el-correo-del-dragon\/"},"modified":"2023-01-28T04:44:53","modified_gmt":"2023-01-28T03:44:53","slug":"el-correo-del-dragon-9788414015964","status":"publish","type":"product","link":"https:\/\/www.claret.cat\/es\/libro\/el-correo-del-dragon-9788414015964\/","title":{"rendered":"EL CORREO DEL DRAG\u00d3N"},"content":{"rendered":"<p>\u00c1lex siempre ha querido tener un drag\u00f3n y \u00a1por fin lo ha conseguido! Ahora el problema est\u00e1 en saber c\u00f3mo cuidarlo? Por eso decide escribir a varias personas muy sabias que le ayudar\u00e1n a hacerlo. \u00bfQu\u00e9 consejos le dar\u00e1n?<br \/> Lee con \u00e9l las cartas que le env\u00edan los bomberos, un carnicero, un bufete de abogados, la Sociedad para la Protecci\u00f3n&#8230; y enciende tu imaginaci\u00f3n. <br \/> \u00a1Un libro lleno de humor y juegos de palabras con vistosas ilustraciones!<\/p>\n","protected":false},"excerpt":{"rendered":"<p>YARLETT, EMMA<\/p>\n","protected":false},"featured_media":176038,"template":"","meta":{"_acf_changed":false,"om_disable_all_campaigns":false,"rs_blank_template":"","rs_page_bg_color":"","slide_template_v7":"","inline_featured_image":false,"_monsterinsights_skip_tracking":false,"_monsterinsights_sitenote_active":false,"_monsterinsights_sitenote_note":"","_monsterinsights_sitenote_category":0},"product_brand":[],"product_cat":[86],"product_tag":[],"class_list":{"0":"post-176037","1":"product","2":"type-product","3":"status-publish","4":"has-post-thumbnail","6":"product_cat-infantil","8":"first","9":"instock","10":"taxable","11":"shipping-taxable","12":"purchasable","13":"product-type-simple"},"acf":{"autor":"YARLETT, EMMA","codart":"841401596","libros-coleccion":"\u00c1lbumes ilustrados","ediciones":"1","encuadernacion":"Carton\u00e9","fecha_de_publicacion":"01\/09\/2018","novedad":"1","paginas":"45","subtitulo":"","orden":"0","portada":"0","idioma":"spa","editorial":[{"ID":6229,"post_author":"3","post_date":"2022-07-28 17:47:40","post_date_gmt":"2022-07-28 15:47:40","post_content":"","post_title":"Editorial Luis Vives (Edelvives)","post_excerpt":"","post_status":"publish","comment_status":"closed","ping_status":"closed","post_password":"","post_name":"editorial-luis-vives-edelvives","to_ping":"","pinged":"","post_modified":"2022-07-28 17:47:40","post_modified_gmt":"2022-07-28 15:47:40","post_content_filtered":"","post_parent":0,"guid":"http:\/\/dev.claret.cat\/editorial\/editorial-luis-vives-edelvives\/","menu_order":0,"post_type":"editorial","post_mime_type":"","comment_count":"0","filter":"raw"}],"autores-libros":[{"ID":155042,"post_author":"3","post_date":"2022-10-14 15:09:42","post_date_gmt":"2022-10-14 13:09:42","post_content":"","post_title":"EMMA YARLETT","post_excerpt":"","post_status":"publish","comment_status":"closed","ping_status":"closed","post_password":"","post_name":"emma-yarlett","to_ping":"","pinged":"","post_modified":"2022-10-14 15:09:42","post_modified_gmt":"2022-10-14 13:09:42","post_content_filtered":"","post_parent":0,"guid":"http:\/\/dev.claret.cat\/autor\/emma-yarlett\/","menu_order":0,"post_type":"autor","post_mime_type":"","comment_count":"0","filter":"raw"}]},"aioseo_notices":[],"_links":{"self":[{"href":"https:\/\/www.claret.cat\/es\/wp-json\/wp\/v2\/product\/176037","targetHints":{"allow":["GET"]}}],"collection":[{"href":"https:\/\/www.claret.cat\/es\/wp-json\/wp\/v2\/product"}],"about":[{"href":"https:\/\/www.claret.cat\/es\/wp-json\/wp\/v2\/types\/product"}],"wp:featuredmedia":[{"embeddable":true,"href":"https:\/\/www.claret.cat\/es\/wp-json\/wp\/v2\/media\/176038"}],"wp:attachment":[{"href":"https:\/\/www.claret.cat\/es\/wp-json\/wp\/v2\/media?parent=176037"}],"wp:term":[{"taxonomy":"product_brand","embeddable":true,"href":"https:\/\/www.claret.cat\/es\/wp-json\/wp\/v2\/product_brand?post=176037"},{"taxonomy":"product_cat","embeddable":true,"href":"https:\/\/www.claret.cat\/es\/wp-json\/wp\/v2\/product_cat?post=176037"},{"taxonomy":"product_tag","embeddable":true,"href":"https:\/\/www.claret.cat\/es\/wp-json\/wp\/v2\/product_tag?post=176037"}],"curies":[{"name":"wp","href":"https:\/\/api.w.org\/{rel}","templated":true}]}}