{"id":176052,"date":"2022-10-20T01:55:25","date_gmt":"2022-10-19T23:55:25","guid":{"rendered":"http:\/\/dev.claret.cat\/producte\/solo-donde-estes-tu\/"},"modified":"2023-01-28T06:24:08","modified_gmt":"2023-01-28T05:24:08","slug":"solo-donde-estes-tu-9788414016077","status":"publish","type":"product","link":"https:\/\/www.claret.cat\/es\/libro\/solo-donde-estes-tu-9788414016077\/","title":{"rendered":"SOLO DONDE EST\u00c9S T\u00da"},"content":{"rendered":"<p>Javier piensa en pasar del instituto, disfrutar con sus caprichos y ligar con chicas, pero su vida se da la vuelta cuando inesperadamente lo env\u00edan a un rinc\u00f3n perdido del Congo, entre la selva y la sabana, a colaborar con una ONG. En aquella misi\u00f3n no solo encontrar\u00e1 una realidad que jam\u00e1s hab\u00eda imaginado, sino tambi\u00e9n a una cooperante que le ayudar\u00e1 a descubrir el verdadero amor y lo que de verdad importa en la vida.<\/p>\n","protected":false},"excerpt":{"rendered":"<p>ARIAS ARTACHO, JAVIER<\/p>\n","protected":false},"featured_media":176053,"template":"","meta":{"_acf_changed":false,"om_disable_all_campaigns":false,"rs_blank_template":"","rs_page_bg_color":"","slide_template_v7":"","inline_featured_image":false,"_monsterinsights_skip_tracking":false,"_monsterinsights_sitenote_active":false,"_monsterinsights_sitenote_note":"","_monsterinsights_sitenote_category":0},"product_brand":[],"product_cat":[117],"product_tag":[],"class_list":{"0":"post-176052","1":"product","2":"type-product","3":"status-publish","4":"has-post-thumbnail","6":"product_cat-juvenil","8":"first","9":"instock","10":"taxable","11":"shipping-taxable","12":"purchasable","13":"product-type-simple"},"acf":{"autor":"ARIAS ARTACHO, JAVIER","codart":"841401607","libros-coleccion":"LAUDE","ediciones":"1","encuadernacion":"R\u00fastica","fecha_de_publicacion":"01\/09\/2018","novedad":"1","paginas":"149","subtitulo":"","orden":"0","portada":"0","idioma":"spa","editorial":[{"ID":6229,"post_author":"3","post_date":"2022-07-28 17:47:40","post_date_gmt":"2022-07-28 15:47:40","post_content":"","post_title":"Editorial Luis Vives (Edelvives)","post_excerpt":"","post_status":"publish","comment_status":"closed","ping_status":"closed","post_password":"","post_name":"editorial-luis-vives-edelvives","to_ping":"","pinged":"","post_modified":"2022-07-28 17:47:40","post_modified_gmt":"2022-07-28 15:47:40","post_content_filtered":"","post_parent":0,"guid":"http:\/\/dev.claret.cat\/editorial\/editorial-luis-vives-edelvives\/","menu_order":0,"post_type":"editorial","post_mime_type":"","comment_count":"0","filter":"raw"}],"autores-libros":[{"ID":158667,"post_author":"3","post_date":"2022-10-14 15:38:40","post_date_gmt":"2022-10-14 13:38:40","post_content":"","post_title":"JAVIER ARIAS ARTACHO","post_excerpt":"","post_status":"publish","comment_status":"closed","ping_status":"closed","post_password":"","post_name":"javier-arias-artacho","to_ping":"","pinged":"","post_modified":"2022-10-14 15:38:40","post_modified_gmt":"2022-10-14 13:38:40","post_content_filtered":"","post_parent":0,"guid":"http:\/\/dev.claret.cat\/autor\/javier-arias-artacho\/","menu_order":0,"post_type":"autor","post_mime_type":"","comment_count":"0","filter":"raw"}]},"aioseo_notices":[],"_links":{"self":[{"href":"https:\/\/www.claret.cat\/es\/wp-json\/wp\/v2\/product\/176052","targetHints":{"allow":["GET"]}}],"collection":[{"href":"https:\/\/www.claret.cat\/es\/wp-json\/wp\/v2\/product"}],"about":[{"href":"https:\/\/www.claret.cat\/es\/wp-json\/wp\/v2\/types\/product"}],"wp:featuredmedia":[{"embeddable":true,"href":"https:\/\/www.claret.cat\/es\/wp-json\/wp\/v2\/media\/176053"}],"wp:attachment":[{"href":"https:\/\/www.claret.cat\/es\/wp-json\/wp\/v2\/media?parent=176052"}],"wp:term":[{"taxonomy":"product_brand","embeddable":true,"href":"https:\/\/www.claret.cat\/es\/wp-json\/wp\/v2\/product_brand?post=176052"},{"taxonomy":"product_cat","embeddable":true,"href":"https:\/\/www.claret.cat\/es\/wp-json\/wp\/v2\/product_cat?post=176052"},{"taxonomy":"product_tag","embeddable":true,"href":"https:\/\/www.claret.cat\/es\/wp-json\/wp\/v2\/product_tag?post=176052"}],"curies":[{"name":"wp","href":"https:\/\/api.w.org\/{rel}","templated":true}]}}