{"id":176112,"date":"2022-10-20T01:56:31","date_gmt":"2022-10-19T23:56:31","guid":{"rendered":"http:\/\/dev.claret.cat\/producte\/50-ninots\/"},"modified":"2024-01-10T10:31:09","modified_gmt":"2024-01-10T09:31:09","slug":"50-ninots-9788476519417","status":"publish","type":"product","link":"https:\/\/www.claret.cat\/es\/libro\/50-ninots-9788476519417\/","title":{"rendered":"50 NINOTS"},"content":{"rendered":"<p>Xavier Nogu\u00e9s i Casas (Barcelona, 1873-1941) descobr\u00ed la vocaci\u00f3 art\u00edstica en unes classes nocturnes de dibuix. Treball\u00e0 en diverses revistes i diaris, i public\u00e0 dos llibres. La seva activitat m\u00e9s important com a dibuixant d&#8217;humor fou el setmanari &#8216;Papitu&#8217;.<\/p>\n","protected":false},"excerpt":{"rendered":"<p>NOGU\u00c9S, XAVIER<\/p>\n","protected":false},"featured_media":176113,"template":"","meta":{"_acf_changed":false,"om_disable_all_campaigns":false,"rs_blank_template":"","rs_page_bg_color":"","slide_template_v7":"","inline_featured_image":false,"_monsterinsights_skip_tracking":false,"_monsterinsights_sitenote_active":false,"_monsterinsights_sitenote_note":"","_monsterinsights_sitenote_category":0},"product_brand":[],"product_cat":[114,563,87,353],"product_tag":[],"class_list":{"0":"post-176112","1":"product","2":"type-product","3":"status-publish","4":"has-post-thumbnail","6":"product_cat-humor-grafic","7":"product_cat-humor-grafico","8":"product_cat-literatura","9":"product_cat-literatura-2_humanidades","11":"first","12":"instock","13":"taxable","14":"shipping-taxable","15":"purchasable","16":"product-type-simple"},"acf":{"autor":"NOGU\u00c9S, XAVIER","codart":"847651941","libros-coleccion":"CENTELLES","ediciones":"1","encuadernacion":"R\u00fastica","fecha_de_publicacion":"01\/09\/2018","novedad":"1","paginas":"0","subtitulo":"","orden":"0","portada":"0","idioma":"cat","editorial":[{"ID":6273,"post_author":"3","post_date":"2022-07-28 17:48:39","post_date_gmt":"2022-07-28 15:48:39","post_content":"","post_title":"Jos\u00e9 J. Ola\u00f1eta Editor","post_excerpt":"","post_status":"publish","comment_status":"closed","ping_status":"closed","post_password":"","post_name":"jose-j-olaneta-editor","to_ping":"","pinged":"","post_modified":"2022-07-28 17:48:39","post_modified_gmt":"2022-07-28 15:48:39","post_content_filtered":"","post_parent":0,"guid":"http:\/\/dev.claret.cat\/editorial\/jose-j-olaneta-editor\/","menu_order":0,"post_type":"editorial","post_mime_type":"","comment_count":"0","filter":"raw"}],"autores-libros":[{"ID":429523,"post_author":"3","post_date":"2023-05-16 09:50:06","post_date_gmt":"2023-05-16 07:50:06","post_content":"","post_title":"XAVIER NOGUES","post_excerpt":"","post_status":"publish","comment_status":"closed","ping_status":"closed","post_password":"","post_name":"xavier-nogues","to_ping":"","pinged":"","post_modified":"2023-05-16 09:50:06","post_modified_gmt":"2023-05-16 07:50:06","post_content_filtered":"","post_parent":0,"guid":"https:\/\/www.claret.cat\/autor\/xavier-nogues\/","menu_order":0,"post_type":"autor","post_mime_type":"","comment_count":"0","filter":"raw"}]},"aioseo_notices":[],"_links":{"self":[{"href":"https:\/\/www.claret.cat\/es\/wp-json\/wp\/v2\/product\/176112","targetHints":{"allow":["GET"]}}],"collection":[{"href":"https:\/\/www.claret.cat\/es\/wp-json\/wp\/v2\/product"}],"about":[{"href":"https:\/\/www.claret.cat\/es\/wp-json\/wp\/v2\/types\/product"}],"wp:featuredmedia":[{"embeddable":true,"href":"https:\/\/www.claret.cat\/es\/wp-json\/wp\/v2\/media\/176113"}],"wp:attachment":[{"href":"https:\/\/www.claret.cat\/es\/wp-json\/wp\/v2\/media?parent=176112"}],"wp:term":[{"taxonomy":"product_brand","embeddable":true,"href":"https:\/\/www.claret.cat\/es\/wp-json\/wp\/v2\/product_brand?post=176112"},{"taxonomy":"product_cat","embeddable":true,"href":"https:\/\/www.claret.cat\/es\/wp-json\/wp\/v2\/product_cat?post=176112"},{"taxonomy":"product_tag","embeddable":true,"href":"https:\/\/www.claret.cat\/es\/wp-json\/wp\/v2\/product_tag?post=176112"}],"curies":[{"name":"wp","href":"https:\/\/api.w.org\/{rel}","templated":true}]}}