{"id":176193,"date":"2022-10-20T01:58:01","date_gmt":"2022-10-19T23:58:01","guid":{"rendered":"http:\/\/dev.claret.cat\/producte\/historias-curiosas-para-palabras-misteriosas\/"},"modified":"2023-01-28T03:32:43","modified_gmt":"2023-01-28T02:32:43","slug":"historias-curiosas-para-palabras-misteriosas-9788415943655","status":"publish","type":"product","link":"https:\/\/www.claret.cat\/es\/libro\/historias-curiosas-para-palabras-misteriosas-9788415943655\/","title":{"rendered":"HISTORIAS CURIOSAS PARA PALABRAS MISTERIOSAS"},"content":{"rendered":"<p>Este divertido libro encierra veintisiete peque\u00f1as historias que hablan de hechos curiosos o misteriosos. Recorriendo los diferentes relatos encontraremos magos algo despistados, superh\u00e9roes en situaciones bastantes rid\u00edculas, artistas muy peculiares, inventos que a\u00fan no existen, objetos y libros con sorpresas incluidas\u2026<br \/>Para el autor el objetivo principal es que te diviertas leyendo esta obra y que al mismo tiempo ampl\u00edes tu vocabulario. Por esa raz\u00f3n, en cada uno de los microcuentos aparecen dos palabras misteriosas con sus significados. Adem\u00e1s, el libro tambi\u00e9n est\u00e1 pensado para utilizarlo como un juego en grupo, cuando est\u00e9s con tus amigos o tu familia, intentando adivinar los correspondientes significados de las \u00abpalabras misteriosas\u00bb.<br \/>Juega en grupo con el libro e intenta adivinar los significados de las palabras<\/p>\n","protected":false},"excerpt":{"rendered":"<p>NU\u00d1O,FRAN<\/p>\n","protected":false},"featured_media":176194,"template":"","meta":{"_acf_changed":false,"om_disable_all_campaigns":false,"rs_blank_template":"","rs_page_bg_color":"","slide_template_v7":"","inline_featured_image":false,"_monsterinsights_skip_tracking":false,"_monsterinsights_sitenote_active":false,"_monsterinsights_sitenote_note":"","_monsterinsights_sitenote_category":0},"product_brand":[],"product_cat":[117],"product_tag":[],"class_list":{"0":"post-176193","1":"product","2":"type-product","3":"status-publish","4":"has-post-thumbnail","6":"product_cat-juvenil","8":"first","9":"instock","10":"taxable","11":"shipping-taxable","12":"purchasable","13":"product-type-simple"},"acf":{"autor":"NU\u00d1O,FRAN","codart":"841594365","libros-coleccion":"LITERATURA INFANTIL","ediciones":"1","encuadernacion":"Carpeta","fecha_de_publicacion":"01\/09\/2018","novedad":"1","paginas":"62","subtitulo":"","orden":"0","portada":"0","idioma":"spa","editorial":[{"ID":6380,"post_author":"3","post_date":"2022-07-28 17:50:57","post_date_gmt":"2022-07-28 15:50:57","post_content":"","post_title":"TORO MITICO","post_excerpt":"","post_status":"publish","comment_status":"closed","ping_status":"closed","post_password":"","post_name":"toro-mitico","to_ping":"","pinged":"","post_modified":"2022-07-28 17:50:57","post_modified_gmt":"2022-07-28 15:50:57","post_content_filtered":"","post_parent":0,"guid":"http:\/\/dev.claret.cat\/editorial\/toro-mitico\/","menu_order":0,"post_type":"editorial","post_mime_type":"","comment_count":"0","filter":"raw"}],"autores-libros":[{"ID":156045,"post_author":"3","post_date":"2022-10-14 15:17:41","post_date_gmt":"2022-10-14 13:17:41","post_content":"","post_title":"FRAN NU\u00d1O","post_excerpt":"","post_status":"publish","comment_status":"closed","ping_status":"closed","post_password":"","post_name":"fran-nuno","to_ping":"","pinged":"","post_modified":"2022-10-14 15:17:41","post_modified_gmt":"2022-10-14 13:17:41","post_content_filtered":"","post_parent":0,"guid":"http:\/\/dev.claret.cat\/autor\/fran-nuno\/","menu_order":0,"post_type":"autor","post_mime_type":"","comment_count":"0","filter":"raw"}]},"aioseo_notices":[],"_links":{"self":[{"href":"https:\/\/www.claret.cat\/es\/wp-json\/wp\/v2\/product\/176193","targetHints":{"allow":["GET"]}}],"collection":[{"href":"https:\/\/www.claret.cat\/es\/wp-json\/wp\/v2\/product"}],"about":[{"href":"https:\/\/www.claret.cat\/es\/wp-json\/wp\/v2\/types\/product"}],"wp:featuredmedia":[{"embeddable":true,"href":"https:\/\/www.claret.cat\/es\/wp-json\/wp\/v2\/media\/176194"}],"wp:attachment":[{"href":"https:\/\/www.claret.cat\/es\/wp-json\/wp\/v2\/media?parent=176193"}],"wp:term":[{"taxonomy":"product_brand","embeddable":true,"href":"https:\/\/www.claret.cat\/es\/wp-json\/wp\/v2\/product_brand?post=176193"},{"taxonomy":"product_cat","embeddable":true,"href":"https:\/\/www.claret.cat\/es\/wp-json\/wp\/v2\/product_cat?post=176193"},{"taxonomy":"product_tag","embeddable":true,"href":"https:\/\/www.claret.cat\/es\/wp-json\/wp\/v2\/product_tag?post=176193"}],"curies":[{"name":"wp","href":"https:\/\/api.w.org\/{rel}","templated":true}]}}