{"id":17624,"date":"2022-10-01T23:32:31","date_gmt":"2022-10-01T21:32:31","guid":{"rendered":"http:\/\/dev.claret.cat\/producte\/requiem-por-nagasaki\/"},"modified":"2026-01-09T18:20:19","modified_gmt":"2026-01-09T17:20:19","slug":"requiem-por-nagasaki-9788490616444","status":"publish","type":"product","link":"https:\/\/www.claret.cat\/es\/libro\/requiem-por-nagasaki-9788490616444\/","title":{"rendered":"R\u00c9QUIEM POR NAGASAKI"},"content":{"rendered":"<p>Estimulante relato de un viaje memorable desde el sinto\u00edsmo y el ate\u00edsmo hasta la fe cat\u00f3lica. Nagai pas\u00f3 su vida sanando f\u00edsica y espiritualmente a una poblaci\u00f3n destrozada por la Segunda Guerra Mundial.<\/p>\n<p> El 9 de agosto de 1945 un B-29 norteamericano lanz\u00f3 una bomba at\u00f3mica sobre la ciudad japonesa de Nagasaki, acabando en un abrir y cerrar de ojos con la vida de decenas de miles de personas e hiriendo y envenenando mortalmente a miles m\u00e1s. Entre los supervivientes se hallaba Takashi Nagai, un converso cat\u00f3lico pionero en la investigaci\u00f3n radiol\u00f3gica.Viviendo entre los escombros de una ciudad en ruinas y v\u00edctima de una leucemia causada por la sobreexposici\u00f3n a la radiaci\u00f3n, Nagai pas\u00f3 el resto de su extraordinaria vida sanando f\u00edsica y espiritualmente a una poblaci\u00f3n destrozada por la guerra.<\/p>\n<p> R\u00e9quiem por Nagasaki narra la emocionante historia de este hombre excepcional, empezando por su infancia y por los heroicos relatos y las virtudes estoicas de la religi\u00f3n sinto\u00edsta que profesaba su familia. El libro ofrece el estimulante relato de un viaje memorable desde el sinto\u00edsmo y el ate\u00edsmo hasta la fe cat\u00f3lica. La biograf\u00eda de Nagai, salpicada de curiosos detalles sobre la historia y la cultura japonesas, traza su b\u00fasqueda espiritual desde sus tiempos de estudiante de medicina en la Universidad de Nagasaki, sus a\u00f1os de servicio como m\u00e9dico militar durante la ocupaci\u00f3n japonesa de Manchuria y su regreso a Nagasaki para dedicarse al campo de la radiolog\u00eda. El hist\u00f3rico barrio cat\u00f3lico de la ciudad, donde Nagai vivi\u00f3 y fund\u00f3 una familia, se convirti\u00f3 en la zona cero de la bomba at\u00f3mica.<\/p>\n","protected":false},"excerpt":{"rendered":"<p>GLYNN, PAUL<\/p>\n","protected":false},"featured_media":68082,"template":"","meta":{"_acf_changed":false,"om_disable_all_campaigns":false,"rs_blank_template":"","rs_page_bg_color":"","slide_template_v7":"","inline_featured_image":false,"_monsterinsights_skip_tracking":false,"_monsterinsights_sitenote_active":false,"_monsterinsights_sitenote_note":"","_monsterinsights_sitenote_category":0},"product_brand":[],"product_cat":[549,99],"product_tag":[],"class_list":{"0":"post-17624","1":"product","2":"type-product","3":"status-publish","4":"has-post-thumbnail","6":"product_cat-biografias","7":"product_cat-biografies","9":"first","10":"instock","11":"taxable","12":"shipping-taxable","13":"purchasable","14":"product-type-simple"},"acf":{"autor":"GLYNN, PAUL","codart":"849061644","libros-coleccion":"Arcaduz","ediciones":"1","encuadernacion":"R\u00fastica","fecha_de_publicacion":"01\/09\/2017","novedad":"1","paginas":"320","subtitulo":"LA HISTORIA DE TAKASHI NAGAI, CONVERSO Y SUPERVIVIENTE A LA BOMBA AT\u00d3MICA","orden":"0","portada":"0","idioma":"spa","editorial":[{"ID":148621,"post_author":"3","post_date":"2022-10-14 11:59:41","post_date_gmt":"2022-10-14 09:59:41","post_content":"","post_title":"PALABRA","post_excerpt":"","post_status":"publish","comment_status":"closed","ping_status":"closed","post_password":"","post_name":"palabra","to_ping":"","pinged":"","post_modified":"2022-10-14 11:59:41","post_modified_gmt":"2022-10-14 09:59:41","post_content_filtered":"","post_parent":0,"guid":"http:\/\/dev.claret.cat\/editorial\/palabra\/","menu_order":0,"post_type":"editorial","post_mime_type":"","comment_count":"0","filter":"raw"}],"autores-libros":[{"ID":166731,"post_author":"3","post_date":"2022-10-14 18:05:36","post_date_gmt":"2022-10-14 16:05:36","post_content":"","post_title":"PAUL GLYNN","post_excerpt":"","post_status":"publish","comment_status":"closed","ping_status":"closed","post_password":"","post_name":"paul-glynn","to_ping":"","pinged":"","post_modified":"2022-10-14 18:05:36","post_modified_gmt":"2022-10-14 16:05:36","post_content_filtered":"","post_parent":0,"guid":"http:\/\/dev.claret.cat\/autor\/paul-glynn\/","menu_order":0,"post_type":"autor","post_mime_type":"","comment_count":"0","filter":"raw"}],"booktrailer":"","resenas":""},"aioseo_notices":[],"_links":{"self":[{"href":"https:\/\/www.claret.cat\/es\/wp-json\/wp\/v2\/product\/17624","targetHints":{"allow":["GET"]}}],"collection":[{"href":"https:\/\/www.claret.cat\/es\/wp-json\/wp\/v2\/product"}],"about":[{"href":"https:\/\/www.claret.cat\/es\/wp-json\/wp\/v2\/types\/product"}],"wp:featuredmedia":[{"embeddable":true,"href":"https:\/\/www.claret.cat\/es\/wp-json\/wp\/v2\/media\/68082"}],"wp:attachment":[{"href":"https:\/\/www.claret.cat\/es\/wp-json\/wp\/v2\/media?parent=17624"}],"wp:term":[{"taxonomy":"product_brand","embeddable":true,"href":"https:\/\/www.claret.cat\/es\/wp-json\/wp\/v2\/product_brand?post=17624"},{"taxonomy":"product_cat","embeddable":true,"href":"https:\/\/www.claret.cat\/es\/wp-json\/wp\/v2\/product_cat?post=17624"},{"taxonomy":"product_tag","embeddable":true,"href":"https:\/\/www.claret.cat\/es\/wp-json\/wp\/v2\/product_tag?post=17624"}],"curies":[{"name":"wp","href":"https:\/\/api.w.org\/{rel}","templated":true}]}}