{"id":176289,"date":"2022-10-20T01:59:47","date_gmt":"2022-10-19T23:59:47","guid":{"rendered":"http:\/\/dev.claret.cat\/producte\/cinco-chicos-y-eso\/"},"modified":"2023-01-28T12:48:39","modified_gmt":"2023-01-28T11:48:39","slug":"cinco-chicos-y-eso-9788494898402","status":"publish","type":"product","link":"https:\/\/www.claret.cat\/es\/libro\/cinco-chicos-y-eso-9788494898402\/","title":{"rendered":"CINCO CHICOS Y ESO"},"content":{"rendered":"<p>Cavando en un hoyo de grava en un caluroso d\u00eda de verano, cinco ni\u00f1os descubren \u201ceso\u201d: una criatura gru\u00f1ona con ojos como de caracol, orejas como de murci\u00e9lago y un cuerpo rechoncho cubierto de pelo por entero. \u2018Es\u2019 un Psammead, un antiguo hada de arena que tiene el poder de conceder a los ni\u00f1os un deseo por d\u00eda. \u00a1Eso es un sue\u00f1o hecho realidad!, pensaron los ni\u00f1os. Pero deber\u00e1n tener mucho cuidado con lo que desean: ya sea teniendo alas, tesoros o belleza, las cosas pueden no ir tan bien como uno quisiera&#8230; E. Nesbit es una de las m\u00e1s influyentes autoras de literatura infantil y juvenil de todos los tiempos. Entre sus fans m\u00e1s recientes se incluyen a Neil Gaiman, J. K. Rowling, Diana Wynne-Jones, Jacqueline Wilson, Kate Saunders o Frank Cottrell-Boyce.<\/p>\n","protected":false},"excerpt":{"rendered":"<p>NESBIT, EDITH<\/p>\n","protected":false},"featured_media":176290,"template":"","meta":{"_acf_changed":false,"om_disable_all_campaigns":false,"rs_blank_template":"","rs_page_bg_color":"","slide_template_v7":"","inline_featured_image":false,"_monsterinsights_skip_tracking":false,"_monsterinsights_sitenote_active":false,"_monsterinsights_sitenote_note":"","_monsterinsights_sitenote_category":0},"product_brand":[],"product_cat":[117],"product_tag":[],"class_list":{"0":"post-176289","1":"product","2":"type-product","3":"status-publish","4":"has-post-thumbnail","6":"product_cat-juvenil","8":"first","9":"instock","10":"taxable","11":"shipping-taxable","12":"purchasable","13":"product-type-simple"},"acf":{"autor":"NESBIT, EDITH","codart":"849489840","libros-coleccion":"D-9-A-99","ediciones":"1","encuadernacion":"R\u00fastica","fecha_de_publicacion":"01\/09\/2018","novedad":"1","paginas":"224","subtitulo":"","orden":"0","portada":"0","idioma":"spa","editorial":[{"ID":148077,"post_author":"3","post_date":"2022-10-14 11:55:27","post_date_gmt":"2022-10-14 09:55:27","post_content":"","post_title":"EL PASEO EDITORIAL","post_excerpt":"","post_status":"publish","comment_status":"closed","ping_status":"closed","post_password":"","post_name":"el-paseo-editorial","to_ping":"","pinged":"","post_modified":"2022-10-14 11:55:27","post_modified_gmt":"2022-10-14 09:55:27","post_content_filtered":"","post_parent":0,"guid":"http:\/\/dev.claret.cat\/editorial\/el-paseo-editorial\/","menu_order":0,"post_type":"editorial","post_mime_type":"","comment_count":"0","filter":"raw"}],"autores-libros":[{"ID":154511,"post_author":"3","post_date":"2022-10-14 15:05:23","post_date_gmt":"2022-10-14 13:05:23","post_content":"","post_title":"EDITH NESBIT","post_excerpt":"","post_status":"publish","comment_status":"closed","ping_status":"closed","post_password":"","post_name":"edith-nesbit","to_ping":"","pinged":"","post_modified":"2022-10-14 15:05:23","post_modified_gmt":"2022-10-14 13:05:23","post_content_filtered":"","post_parent":0,"guid":"http:\/\/dev.claret.cat\/autor\/edith-nesbit\/","menu_order":0,"post_type":"autor","post_mime_type":"","comment_count":"0","filter":"raw"}]},"aioseo_notices":[],"_links":{"self":[{"href":"https:\/\/www.claret.cat\/es\/wp-json\/wp\/v2\/product\/176289","targetHints":{"allow":["GET"]}}],"collection":[{"href":"https:\/\/www.claret.cat\/es\/wp-json\/wp\/v2\/product"}],"about":[{"href":"https:\/\/www.claret.cat\/es\/wp-json\/wp\/v2\/types\/product"}],"wp:featuredmedia":[{"embeddable":true,"href":"https:\/\/www.claret.cat\/es\/wp-json\/wp\/v2\/media\/176290"}],"wp:attachment":[{"href":"https:\/\/www.claret.cat\/es\/wp-json\/wp\/v2\/media?parent=176289"}],"wp:term":[{"taxonomy":"product_brand","embeddable":true,"href":"https:\/\/www.claret.cat\/es\/wp-json\/wp\/v2\/product_brand?post=176289"},{"taxonomy":"product_cat","embeddable":true,"href":"https:\/\/www.claret.cat\/es\/wp-json\/wp\/v2\/product_cat?post=176289"},{"taxonomy":"product_tag","embeddable":true,"href":"https:\/\/www.claret.cat\/es\/wp-json\/wp\/v2\/product_tag?post=176289"}],"curies":[{"name":"wp","href":"https:\/\/api.w.org\/{rel}","templated":true}]}}