{"id":176319,"date":"2022-10-20T02:00:21","date_gmt":"2022-10-20T00:00:21","guid":{"rendered":"http:\/\/dev.claret.cat\/producte\/siempre-nos-quedara-paris-2\/"},"modified":"2023-01-28T17:13:30","modified_gmt":"2023-01-28T16:13:30","slug":"siempre-nos-quedara-paris-9788445005477","status":"publish","type":"product","link":"https:\/\/www.claret.cat\/es\/libro\/siempre-nos-quedara-paris-9788445005477\/","title":{"rendered":"SIEMPRE NOS QUEDAR\u00c1 PAR\u00cdS"},"content":{"rendered":"<p>Durante su carrera como escritor, que dur\u00f3 m\u00e1s de medio siglo, Bradbury nos llev\u00f3 y todav\u00eda nos lleva a mundos maravillosos: hacia tierras desconocidas a trav\u00e9s de oc\u00e9anos, a bosques oscuros habitados por bestias acechantes, en naves espaciales que cruzan el espacio, atr\u00e1s en el tiempo y adelante hacia un futuro inexplorado. En Siempre nos quedar\u00e1 Par\u00eds, una colecci\u00f3n \u00fanica de veinti\u00fan relatos y un poema, el inimitable Ray Bradbury logra de nuevo lo que pocos escritores han hecho tan bien: nos deleita con una prosa que sorprende e inspira, a la vez que revela verdades y da pie a pensamientos profundos. Sus relatos nos emocionan en su reflexi\u00f3n acerca de las flaquezas y debilidades humanas, y lo hacen con la magia de siempre. Ya sea explorando las innumerables maneras de renacer, las circunstancias que pueden convertir a un hombre en un asesino, o llev\u00e1ndonos de nuevo a Marte, Bradbury nos abre su mundo. Un mundo que nos absorbe y nos conmueve.<\/p>\n","protected":false},"excerpt":{"rendered":"<p>BRADBURY, RAY<\/p>\n","protected":false},"featured_media":176320,"template":"","meta":{"_acf_changed":false,"om_disable_all_campaigns":false,"rs_blank_template":"","rs_page_bg_color":"","slide_template_v7":"","inline_featured_image":false,"_monsterinsights_skip_tracking":false,"_monsterinsights_sitenote_active":false,"_monsterinsights_sitenote_note":"","_monsterinsights_sitenote_category":0},"product_brand":[],"product_cat":[16],"product_tag":[],"class_list":{"0":"post-176319","1":"product","2":"type-product","3":"status-publish","4":"has-post-thumbnail","6":"product_cat-sense-categoria","8":"first","9":"instock","10":"taxable","11":"shipping-taxable","12":"purchasable","13":"product-type-simple"},"acf":{"autor":"BRADBURY, RAY","codart":"844500547","libros-coleccion":"Ciencia Ficci\u00f3n","ediciones":"1","encuadernacion":"R\u00fastica","fecha_de_publicacion":"01\/09\/2018","novedad":"1","paginas":"205","subtitulo":"","orden":"0","portada":"0","idioma":"spa","editorial":[{"ID":6149,"post_author":"3","post_date":"2022-07-28 17:45:56","post_date_gmt":"2022-07-28 15:45:56","post_content":"","post_title":"BOOKET","post_excerpt":"","post_status":"publish","comment_status":"closed","ping_status":"closed","post_password":"","post_name":"booket","to_ping":"","pinged":"","post_modified":"2022-07-28 17:45:56","post_modified_gmt":"2022-07-28 15:45:56","post_content_filtered":"","post_parent":0,"guid":"http:\/\/dev.claret.cat\/editorial\/booket\/","menu_order":0,"post_type":"editorial","post_mime_type":"","comment_count":"0","filter":"raw"}],"autores-libros":[{"ID":167870,"post_author":"3","post_date":"2022-10-14 18:14:40","post_date_gmt":"2022-10-14 16:14:40","post_content":"","post_title":"RAY BRADBURY","post_excerpt":"","post_status":"publish","comment_status":"closed","ping_status":"closed","post_password":"","post_name":"ray-bradbury","to_ping":"","pinged":"","post_modified":"2022-10-14 18:14:40","post_modified_gmt":"2022-10-14 16:14:40","post_content_filtered":"","post_parent":0,"guid":"http:\/\/dev.claret.cat\/autor\/ray-bradbury\/","menu_order":0,"post_type":"autor","post_mime_type":"","comment_count":"0","filter":"raw"}]},"aioseo_notices":[],"_links":{"self":[{"href":"https:\/\/www.claret.cat\/es\/wp-json\/wp\/v2\/product\/176319","targetHints":{"allow":["GET"]}}],"collection":[{"href":"https:\/\/www.claret.cat\/es\/wp-json\/wp\/v2\/product"}],"about":[{"href":"https:\/\/www.claret.cat\/es\/wp-json\/wp\/v2\/types\/product"}],"wp:featuredmedia":[{"embeddable":true,"href":"https:\/\/www.claret.cat\/es\/wp-json\/wp\/v2\/media\/176320"}],"wp:attachment":[{"href":"https:\/\/www.claret.cat\/es\/wp-json\/wp\/v2\/media?parent=176319"}],"wp:term":[{"taxonomy":"product_brand","embeddable":true,"href":"https:\/\/www.claret.cat\/es\/wp-json\/wp\/v2\/product_brand?post=176319"},{"taxonomy":"product_cat","embeddable":true,"href":"https:\/\/www.claret.cat\/es\/wp-json\/wp\/v2\/product_cat?post=176319"},{"taxonomy":"product_tag","embeddable":true,"href":"https:\/\/www.claret.cat\/es\/wp-json\/wp\/v2\/product_tag?post=176319"}],"curies":[{"name":"wp","href":"https:\/\/api.w.org\/{rel}","templated":true}]}}