{"id":176358,"date":"2022-10-20T02:01:06","date_gmt":"2022-10-20T00:01:06","guid":{"rendered":"http:\/\/dev.claret.cat\/producte\/el-refugi-del-tarek\/"},"modified":"2026-01-20T17:10:30","modified_gmt":"2026-01-20T16:10:30","slug":"el-refugi-del-tarek-9788466145336","status":"publish","type":"product","link":"https:\/\/www.claret.cat\/es\/libro\/el-refugi-del-tarek-9788466145336\/","title":{"rendered":"EL REFUGI DEL TAREK"},"content":{"rendered":"<p>L&#8217;Ariadna sempre ha anat a l&#8217;escola del poble, per\u00f2 aquest curs, la seva mare, la Lola, l&#8217;ha apuntat a un internat. La Lola \u00e9s camionera i passa setmanes fora de casa, i no creu que la filla pugui continuar vivint amb l&#8217;\u00e0via quan ella no hi \u00e9s. L&#8217;Ariadna no vol anar a l&#8217;internat i decideix amagar-se a la cabina del cami\u00f3 la nit abans que la seva mare marxi cap a Turquia. Entre mare i filla hi ha una barrera d&#8221;incomunicaci\u00f3, i l&#8217;Ariadna pensa que el viatge servir\u00e0 per unir-les.<br \/> A Turquia, un nen siri\u00e0 s&#8217;amaga al portapalets del cami\u00f3. L&#8217;Ariadna el descobreix per\u00f2 no ho explica a la Lola, que no se n&#8217;assabenta fins que no s\u00f3n a Fran\u00e7a. La policia para el cami\u00f3 a la frontera, troben el nen i els serveis socials se&#8217;n fan c\u00e0rrec. Per\u00f2 l&#8217;experi\u00e8ncia ha canviat les dues protagonistes, que a m\u00e9s han apr\u00e8s a expressar els seus sentiments i a conviure gr\u00e0cies al viatge.<\/p>\n","protected":false},"excerpt":{"rendered":"<p>VILLANUEVA I PERARNAU, MURIEL<\/p>\n","protected":false},"featured_media":1075282,"template":"","meta":{"_acf_changed":false,"om_disable_all_campaigns":false,"rs_blank_template":"","rs_page_bg_color":"","slide_template_v7":"","inline_featured_image":false,"_monsterinsights_skip_tracking":false,"_monsterinsights_sitenote_active":false,"_monsterinsights_sitenote_note":"","_monsterinsights_sitenote_category":0},"product_brand":[],"product_cat":[86,352],"product_tag":[],"class_list":{"0":"post-176358","1":"product","2":"type-product","3":"status-publish","4":"has-post-thumbnail","6":"product_cat-infantil","7":"product_cat-infantil-3_infantil-juvenil-spa","9":"first","10":"instock","11":"taxable","12":"shipping-taxable","13":"purchasable","14":"product-type-simple"},"acf":{"autor":"VILLANUEVA I PERARNAU, MURIEL","codart":"846614533","libros-coleccion":"El Barco de Vapor Roja","ediciones":"1","encuadernacion":"R\u00fastica","fecha_de_publicacion":"01\/09\/2018","novedad":"1","paginas":"161","subtitulo":"","orden":"0","portada":"0","idioma":"cat","autores-libros":[{"ID":165508,"post_author":"3","post_date":"2022-10-14 17:55:44","post_date_gmt":"2022-10-14 15:55:44","post_content":"","post_title":"MURIEL VILLANUEVA I PERARNAU","post_excerpt":"","post_status":"publish","comment_status":"closed","ping_status":"closed","post_password":"","post_name":"muriel-villanueva-i-perarnau","to_ping":"","pinged":"","post_modified":"2022-10-14 17:55:44","post_modified_gmt":"2022-10-14 15:55:44","post_content_filtered":"","post_parent":0,"guid":"http:\/\/dev.claret.cat\/autor\/muriel-villanueva-i-perarnau\/","menu_order":0,"post_type":"autor","post_mime_type":"","comment_count":"0","filter":"raw"}],"editorial":[{"ID":261923,"post_author":"3","post_date":"2022-10-24 11:17:38","post_date_gmt":"2022-10-24 09:17:38","post_content":"","post_title":"CRU\u00cfLLA","post_excerpt":"","post_status":"publish","comment_status":"closed","ping_status":"closed","post_password":"","post_name":"cruilla","to_ping":"","pinged":"","post_modified":"2022-10-24 11:17:38","post_modified_gmt":"2022-10-24 09:17:38","post_content_filtered":"","post_parent":0,"guid":"http:\/\/dev.claret.cat\/editorial\/cruilla\/","menu_order":0,"post_type":"editorial","post_mime_type":"","comment_count":"0","filter":"raw"}],"booktrailer":"","resenas":""},"aioseo_notices":[],"_links":{"self":[{"href":"https:\/\/www.claret.cat\/es\/wp-json\/wp\/v2\/product\/176358","targetHints":{"allow":["GET"]}}],"collection":[{"href":"https:\/\/www.claret.cat\/es\/wp-json\/wp\/v2\/product"}],"about":[{"href":"https:\/\/www.claret.cat\/es\/wp-json\/wp\/v2\/types\/product"}],"wp:featuredmedia":[{"embeddable":true,"href":"https:\/\/www.claret.cat\/es\/wp-json\/wp\/v2\/media\/1075282"}],"wp:attachment":[{"href":"https:\/\/www.claret.cat\/es\/wp-json\/wp\/v2\/media?parent=176358"}],"wp:term":[{"taxonomy":"product_brand","embeddable":true,"href":"https:\/\/www.claret.cat\/es\/wp-json\/wp\/v2\/product_brand?post=176358"},{"taxonomy":"product_cat","embeddable":true,"href":"https:\/\/www.claret.cat\/es\/wp-json\/wp\/v2\/product_cat?post=176358"},{"taxonomy":"product_tag","embeddable":true,"href":"https:\/\/www.claret.cat\/es\/wp-json\/wp\/v2\/product_tag?post=176358"}],"curies":[{"name":"wp","href":"https:\/\/api.w.org\/{rel}","templated":true}]}}