{"id":1764,"date":"2022-07-27T21:00:11","date_gmt":"2022-07-27T19:00:11","guid":{"rendered":"http:\/\/dev.claret.cat\/producto\/musicas-en-la-antiguedad-9788494707049\/"},"modified":"2023-01-28T22:09:06","modified_gmt":"2023-01-28T21:09:06","slug":"musicas-en-la-antiguedad-9788494707049","status":"publish","type":"product","link":"https:\/\/www.claret.cat\/es\/libro\/musicas-en-la-antiguedad-9788494707049\/","title":{"rendered":"MUSICAS EN LA ANTIG\u00dcEDAD"},"content":{"rendered":"<p>En el campo de batalla, en la mesa del poderoso o como intermediaria entre hombres y dioses, la m\u00fasica ten\u00eda funciones muy diversas en las sociedades antiguas.<br \/>\nLa Obra Social \u201dla Caixa\u201d, el Mus\u00e9e du Louvre y el Mus\u00e9e du Louvre-Lens presentan la primera exposici\u00f3n en Espa\u00f1a dedicada a la m\u00fasica de las antiguas civilizaciones de Oriente, Egipto, Grecia y Roma.<br \/>\nEste es un viaje por la m\u00fasica de la antig\u00fcedad que revela el rol de esta como legitimadora del poder, como complemento de lo sagrado y como fuente de efectos m\u00e1gicos m\u00e1s all\u00e1 del placer est\u00e9tico de escuchar. Un trayecto por un largo periodo hist\u00f3rico que tambi\u00e9n vio el nacimiento del m\u00fasico profesional y de una industria instrumental difundida por todo el Mediterr\u00e1neo, desde Oriente Pr\u00f3ximo hasta la Galia.<br \/>\nCerca de 400 obras de gran variedad, algunas de ellas nunca mostradas al p\u00fablico hasta ahora por su fragilidad, procedentes de las colecciones del Louvre y de una veintena de instituciones internacionales, incluyendo el Museo Arqueol\u00f3gico Nacional de Atenas y el Metropolitan Museum de Nueva York.<\/p>\n","protected":false},"excerpt":{"rendered":"<p>EMERIT, SYBILLE \/GUICHARD, HEL\u00c8NE \/<\/p>\n","protected":false},"featured_media":71282,"template":"","meta":{"_acf_changed":false,"om_disable_all_campaigns":false,"rs_blank_template":"","rs_page_bg_color":"","slide_template_v7":"","inline_featured_image":false,"_monsterinsights_skip_tracking":false,"_monsterinsights_sitenote_active":false,"_monsterinsights_sitenote_note":"","_monsterinsights_sitenote_category":0},"product_brand":[],"product_cat":[110,560,351,85,111,105,555],"product_tag":[],"class_list":{"0":"post-1764","1":"product","2":"type-product","3":"status-publish","4":"has-post-thumbnail","6":"product_cat-art","7":"product_cat-arte","8":"product_cat-historia-2_humanidades","9":"product_cat-historia","10":"product_cat-musica","11":"product_cat-regal","12":"product_cat-regalo","14":"first","15":"instock","16":"taxable","17":"shipping-taxable","18":"purchasable","19":"product-type-simple"},"acf":{"autor":"EMERIT, SYBILLE \/GUICHARD, HEL\u00c8NE \/","codart":"849470704","ediciones":"1","encuadernacion":"R\u00fastica","fecha_de_publicacion":"01\/01\/2018","novedad":"1","paginas":"0","subtitulo":"","orden":"0","portada":"0","idioma":"spa","libros-coleccion":"","autores-libros":[{"ID":5534,"post_author":"3","post_date":"2022-07-28 17:26:03","post_date_gmt":"2022-07-28 15:26:03","post_content":"","post_title":"H\u00c9L\u00c8NE GUICHARD","post_excerpt":"","post_status":"publish","comment_status":"closed","ping_status":"closed","post_password":"","post_name":"helene-guichard","to_ping":"","pinged":"","post_modified":"2022-07-28 17:26:03","post_modified_gmt":"2022-07-28 15:26:03","post_content_filtered":"","post_parent":0,"guid":"http:\/\/dev.claret.cat\/autor\/helene-guichard\/","menu_order":0,"post_type":"autor","post_mime_type":"","comment_count":"0","filter":"raw"},{"ID":6048,"post_author":"3","post_date":"2022-07-28 17:37:02","post_date_gmt":"2022-07-28 15:37:02","post_content":"","post_title":"SYBILLE EMERIT","post_excerpt":"","post_status":"publish","comment_status":"closed","ping_status":"closed","post_password":"","post_name":"sybille-emerit","to_ping":"","pinged":"","post_modified":"2022-07-28 17:37:02","post_modified_gmt":"2022-07-28 15:37:02","post_content_filtered":"","post_parent":0,"guid":"http:\/\/dev.claret.cat\/autor\/sybille-emerit\/","menu_order":0,"post_type":"autor","post_mime_type":"","comment_count":"0","filter":"raw"}],"editorial":[{"ID":6259,"post_author":"3","post_date":"2022-07-28 17:48:21","post_date_gmt":"2022-07-28 15:48:21","post_content":"","post_title":"FUNDACIO CAIXA DE PENSIONS","post_excerpt":"","post_status":"publish","comment_status":"closed","ping_status":"closed","post_password":"","post_name":"fundacio-caixa-de-pensions","to_ping":"","pinged":"","post_modified":"2022-07-28 17:48:21","post_modified_gmt":"2022-07-28 15:48:21","post_content_filtered":"","post_parent":0,"guid":"http:\/\/dev.claret.cat\/editorial\/fundacio-caixa-de-pensions\/","menu_order":0,"post_type":"editorial","post_mime_type":"","comment_count":"0","filter":"raw"}],"traductores-libros":"","ilustradores-libros":"","formato":"","ficha":"","muestra":"","presentacion":"","booktrailer":"","resenas":"","recomendamos":"","mas_vendido":""},"aioseo_notices":[],"_links":{"self":[{"href":"https:\/\/www.claret.cat\/es\/wp-json\/wp\/v2\/product\/1764","targetHints":{"allow":["GET"]}}],"collection":[{"href":"https:\/\/www.claret.cat\/es\/wp-json\/wp\/v2\/product"}],"about":[{"href":"https:\/\/www.claret.cat\/es\/wp-json\/wp\/v2\/types\/product"}],"wp:featuredmedia":[{"embeddable":true,"href":"https:\/\/www.claret.cat\/es\/wp-json\/wp\/v2\/media\/71282"}],"wp:attachment":[{"href":"https:\/\/www.claret.cat\/es\/wp-json\/wp\/v2\/media?parent=1764"}],"wp:term":[{"taxonomy":"product_brand","embeddable":true,"href":"https:\/\/www.claret.cat\/es\/wp-json\/wp\/v2\/product_brand?post=1764"},{"taxonomy":"product_cat","embeddable":true,"href":"https:\/\/www.claret.cat\/es\/wp-json\/wp\/v2\/product_cat?post=1764"},{"taxonomy":"product_tag","embeddable":true,"href":"https:\/\/www.claret.cat\/es\/wp-json\/wp\/v2\/product_tag?post=1764"}],"curies":[{"name":"wp","href":"https:\/\/api.w.org\/{rel}","templated":true}]}}