{"id":176433,"date":"2022-10-20T02:02:32","date_gmt":"2022-10-20T00:02:32","guid":{"rendered":"http:\/\/dev.claret.cat\/producte\/el-dedo-en-la-nariz\/"},"modified":"2023-01-28T08:13:25","modified_gmt":"2023-01-28T07:13:25","slug":"el-dedo-en-la-nariz-9788417123772","status":"publish","type":"product","link":"https:\/\/www.claret.cat\/es\/libro\/el-dedo-en-la-nariz-9788417123772\/","title":{"rendered":"EL DEDO EN LA NARIZ"},"content":{"rendered":"<p>\u00adA Sof\u00eda le ha crecido la nariz! Ya se lo hab\u00edan dicho sus padres. Y es que, esta ni\u00f1a no para de meterse el dedo en la nariz. Tanto, que su dedo se ha hecho una verdadera casa all\u00ed dentro: un sal\u00f3n, una cocina con men\u00fa degustaci\u00f3n&#8230;<\/p>\n","protected":false},"excerpt":{"rendered":"<p>G\u00d3MEZ;MERL\u00c1N, PAULA<\/p>\n","protected":false},"featured_media":176434,"template":"","meta":{"_acf_changed":false,"om_disable_all_campaigns":false,"rs_blank_template":"","rs_page_bg_color":"","slide_template_v7":"","inline_featured_image":false,"_monsterinsights_skip_tracking":false,"_monsterinsights_sitenote_active":false,"_monsterinsights_sitenote_note":"","_monsterinsights_sitenote_category":0},"product_brand":[],"product_cat":[86],"product_tag":[],"class_list":{"0":"post-176433","1":"product","2":"type-product","3":"status-publish","4":"has-post-thumbnail","6":"product_cat-infantil","8":"first","9":"instock","10":"taxable","11":"shipping-taxable","12":"purchasable","13":"product-type-simple"},"acf":{"autor":"G\u00d3MEZ;MERL\u00c1N, PAULA","codart":"841712377","libros-coleccion":"Somos8","ediciones":"1","encuadernacion":"Carton\u00e9","fecha_de_publicacion":"01\/09\/2018","novedad":"1","paginas":"35","subtitulo":"","orden":"0","portada":"0","idioma":"spa","editorial":[{"ID":148592,"post_author":"3","post_date":"2022-10-14 11:59:27","post_date_gmt":"2022-10-14 09:59:27","post_content":"","post_title":"NUBEOCHO","post_excerpt":"","post_status":"publish","comment_status":"closed","ping_status":"closed","post_password":"","post_name":"nubeocho","to_ping":"","pinged":"","post_modified":"2022-10-14 11:59:27","post_modified_gmt":"2022-10-14 09:59:27","post_content_filtered":"","post_parent":0,"guid":"http:\/\/dev.claret.cat\/editorial\/nubeocho\/","menu_order":0,"post_type":"editorial","post_mime_type":"","comment_count":"0","filter":"raw"}],"autores-libros":[{"ID":157019,"post_author":"3","post_date":"2022-10-14 15:25:28","post_date_gmt":"2022-10-14 13:25:28","post_content":"","post_title":"G\u00d3MEZ","post_excerpt":"","post_status":"publish","comment_status":"closed","ping_status":"closed","post_password":"","post_name":"gomez","to_ping":"","pinged":"","post_modified":"2022-10-14 15:25:28","post_modified_gmt":"2022-10-14 13:25:28","post_content_filtered":"","post_parent":0,"guid":"http:\/\/dev.claret.cat\/autor\/gomez\/","menu_order":0,"post_type":"autor","post_mime_type":"","comment_count":"0","filter":"raw"},{"ID":166784,"post_author":"3","post_date":"2022-10-14 18:06:01","post_date_gmt":"2022-10-14 16:06:01","post_content":"","post_title":"PAULA MERL\u00c1N","post_excerpt":"","post_status":"publish","comment_status":"closed","ping_status":"closed","post_password":"","post_name":"paula-merlan","to_ping":"","pinged":"","post_modified":"2022-10-14 18:06:01","post_modified_gmt":"2022-10-14 16:06:01","post_content_filtered":"","post_parent":0,"guid":"http:\/\/dev.claret.cat\/autor\/paula-merlan\/","menu_order":0,"post_type":"autor","post_mime_type":"","comment_count":"0","filter":"raw"}]},"aioseo_notices":[],"_links":{"self":[{"href":"https:\/\/www.claret.cat\/es\/wp-json\/wp\/v2\/product\/176433","targetHints":{"allow":["GET"]}}],"collection":[{"href":"https:\/\/www.claret.cat\/es\/wp-json\/wp\/v2\/product"}],"about":[{"href":"https:\/\/www.claret.cat\/es\/wp-json\/wp\/v2\/types\/product"}],"wp:featuredmedia":[{"embeddable":true,"href":"https:\/\/www.claret.cat\/es\/wp-json\/wp\/v2\/media\/176434"}],"wp:attachment":[{"href":"https:\/\/www.claret.cat\/es\/wp-json\/wp\/v2\/media?parent=176433"}],"wp:term":[{"taxonomy":"product_brand","embeddable":true,"href":"https:\/\/www.claret.cat\/es\/wp-json\/wp\/v2\/product_brand?post=176433"},{"taxonomy":"product_cat","embeddable":true,"href":"https:\/\/www.claret.cat\/es\/wp-json\/wp\/v2\/product_cat?post=176433"},{"taxonomy":"product_tag","embeddable":true,"href":"https:\/\/www.claret.cat\/es\/wp-json\/wp\/v2\/product_tag?post=176433"}],"curies":[{"name":"wp","href":"https:\/\/api.w.org\/{rel}","templated":true}]}}