{"id":176493,"date":"2022-10-20T02:03:39","date_gmt":"2022-10-20T00:03:39","guid":{"rendered":"http:\/\/dev.claret.cat\/producte\/neurociencia-infantil\/"},"modified":"2023-01-28T18:09:05","modified_gmt":"2023-01-28T17:09:05","slug":"neurociencia-infantil-9788427725027","status":"publish","type":"product","link":"https:\/\/www.claret.cat\/es\/libro\/neurociencia-infantil-9788427725027\/","title":{"rendered":"NEUROCIENCIA INFANTIL"},"content":{"rendered":"<p>Gracias a la neurociencia, los educadores tenemos la oportunidad de llevar a cabo nuevas pr\u00e1cticas y estrategias conscientes para ayudar a un \u00f3ptimo desarrollo del cerebro del ni\u00f1o. La calidad del cuidado y la atenci\u00f3n aumenta considerablemente cuando se comprenden los motivos por los que se deben realizar determinadas acciones. Este libro ofrece hallazgos clave de la neurociencia, en forma clara y concisa, que explican por qu\u00e9 determinados comportamientos, entornos y pr\u00e1cticas pueden ser tan \u00fatiles para asegurar la evoluci\u00f3n normal y saludable del cerebro en desarrollo. Adem\u00e1s, tambi\u00e9n encontraremos m\u00e1s de 50 estrategias f\u00e1ciles de aprender y poner en pr\u00e1ctica en entornos de atenci\u00f3n temprana y en aulas de primera infancia.<\/p>\n","protected":false},"excerpt":{"rendered":"<p>STAMM, JILL<\/p>\n","protected":false},"featured_media":176494,"template":"","meta":{"_acf_changed":false,"om_disable_all_campaigns":false,"rs_blank_template":"","rs_page_bg_color":"","slide_template_v7":"","inline_featured_image":false,"_monsterinsights_skip_tracking":false,"_monsterinsights_sitenote_active":false,"_monsterinsights_sitenote_note":"","_monsterinsights_sitenote_category":0},"product_brand":[],"product_cat":[100,81],"product_tag":[],"class_list":{"0":"post-176493","1":"product","2":"type-product","3":"status-publish","4":"has-post-thumbnail","6":"product_cat-escola-de-pares","7":"product_cat-psicologia","9":"first","10":"instock","11":"taxable","12":"shipping-taxable","13":"purchasable","14":"product-type-simple"},"acf":{"autor":"STAMM, JILL","codart":"842772502","libros-coleccion":"Primeros a\u00f1os","ediciones":"1","encuadernacion":"R\u00fastica","fecha_de_publicacion":"01\/09\/2018","novedad":"1","paginas":"124","subtitulo":"EL DESARROLLO DE LA MENTE Y EL PODER DEL CEREBRO DE 0 A 6 A\u00d1OS","orden":"0","portada":"0","idioma":"spa","editorial":[{"ID":6312,"post_author":"3","post_date":"2022-07-28 17:49:29","post_date_gmt":"2022-07-28 15:49:29","post_content":"","post_title":"NARCEA DE EDICIONES","post_excerpt":"","post_status":"publish","comment_status":"closed","ping_status":"closed","post_password":"","post_name":"narcea-de-ediciones","to_ping":"","pinged":"","post_modified":"2022-07-28 17:49:29","post_modified_gmt":"2022-07-28 15:49:29","post_content_filtered":"","post_parent":0,"guid":"http:\/\/dev.claret.cat\/editorial\/narcea-de-ediciones\/","menu_order":0,"post_type":"editorial","post_mime_type":"","comment_count":"0","filter":"raw"}]},"aioseo_notices":[],"_links":{"self":[{"href":"https:\/\/www.claret.cat\/es\/wp-json\/wp\/v2\/product\/176493","targetHints":{"allow":["GET"]}}],"collection":[{"href":"https:\/\/www.claret.cat\/es\/wp-json\/wp\/v2\/product"}],"about":[{"href":"https:\/\/www.claret.cat\/es\/wp-json\/wp\/v2\/types\/product"}],"wp:featuredmedia":[{"embeddable":true,"href":"https:\/\/www.claret.cat\/es\/wp-json\/wp\/v2\/media\/176494"}],"wp:attachment":[{"href":"https:\/\/www.claret.cat\/es\/wp-json\/wp\/v2\/media?parent=176493"}],"wp:term":[{"taxonomy":"product_brand","embeddable":true,"href":"https:\/\/www.claret.cat\/es\/wp-json\/wp\/v2\/product_brand?post=176493"},{"taxonomy":"product_cat","embeddable":true,"href":"https:\/\/www.claret.cat\/es\/wp-json\/wp\/v2\/product_cat?post=176493"},{"taxonomy":"product_tag","embeddable":true,"href":"https:\/\/www.claret.cat\/es\/wp-json\/wp\/v2\/product_tag?post=176493"}],"curies":[{"name":"wp","href":"https:\/\/api.w.org\/{rel}","templated":true}]}}