{"id":176508,"date":"2022-10-20T02:03:55","date_gmt":"2022-10-20T00:03:55","guid":{"rendered":"http:\/\/dev.claret.cat\/producte\/monstruos-tienen-miedo-de-la-luna-los\/"},"modified":"2023-01-28T07:22:14","modified_gmt":"2023-01-28T06:22:14","slug":"monstruos-tienen-miedo-de-la-luna-los-9788467932034","status":"publish","type":"product","link":"https:\/\/www.claret.cat\/es\/libro\/monstruos-tienen-miedo-de-la-luna-los-9788467932034\/","title":{"rendered":"MONSTRUOS TIENEN MIEDO DE LA LUNA, LOS"},"content":{"rendered":"<p>Un \u00e1lbum infantil para afrontar el miedo a la oscuridad (\u00a1y a los monstruos!)<br \/>La peque\u00f1a Mar\u00eda detestaba irse a dormir, ya que unos monstruos aparec\u00edan cada noche a molestarla. Le cog\u00edan de la nariz, le estiraban del pelo&#8230; \u00a1Incluso hab\u00eda uno que le sacaba la lengua y se pon\u00eda bizco!<br \/>Para que la dejaran en paz, Mar\u00eda baj\u00f3 la luna del cielo y la meti\u00f3 en su habitaci\u00f3n para que su luz alejara a los monstruos, lo que provoc\u00f3 un caos total en la ciudad. Los gatos se quedaron a oscuras, empezaron a tropezar con todo y a hacerse da\u00f1o, as\u00ed que\u2026 \u00a1las ratas tomaron la ciudad!<br \/>Algo habr\u00e1 que hacer para solucionar este l\u00edo&#8230;<\/p>\n","protected":false},"excerpt":{"rendered":"<p>SATRAPI,MARJANE<\/p>\n","protected":false},"featured_media":176509,"template":"","meta":{"_acf_changed":false,"om_disable_all_campaigns":false,"rs_blank_template":"","rs_page_bg_color":"","slide_template_v7":"","inline_featured_image":false,"_monsterinsights_skip_tracking":false,"_monsterinsights_sitenote_active":false,"_monsterinsights_sitenote_note":"","_monsterinsights_sitenote_category":0},"product_brand":[],"product_cat":[86],"product_tag":[],"class_list":{"0":"post-176508","1":"product","2":"type-product","3":"status-publish","4":"has-post-thumbnail","6":"product_cat-infantil","8":"first","9":"instock","10":"taxable","11":"shipping-taxable","12":"purchasable","13":"product-type-simple"},"acf":{"autor":"SATRAPI,MARJANE","codart":"846793203","libros-coleccion":"","ediciones":"1","encuadernacion":"Carton\u00e9","fecha_de_publicacion":"01\/09\/2018","novedad":"1","paginas":"32","subtitulo":"","orden":"0","portada":"0","idioma":"spa","editorial":[{"ID":147494,"post_author":"3","post_date":"2022-10-14 11:51:01","post_date_gmt":"2022-10-14 09:51:01","post_content":"","post_title":"ASTRONAVE","post_excerpt":"","post_status":"publish","comment_status":"closed","ping_status":"closed","post_password":"","post_name":"astronave","to_ping":"","pinged":"","post_modified":"2022-10-14 11:51:01","post_modified_gmt":"2022-10-14 09:51:01","post_content_filtered":"","post_parent":0,"guid":"http:\/\/dev.claret.cat\/editorial\/astronave\/","menu_order":0,"post_type":"editorial","post_mime_type":"","comment_count":"0","filter":"raw"}],"autores-libros":[{"ID":164054,"post_author":"3","post_date":"2022-10-14 17:43:59","post_date_gmt":"2022-10-14 15:43:59","post_content":"","post_title":"MARJANE SATRAPI","post_excerpt":"","post_status":"publish","comment_status":"closed","ping_status":"closed","post_password":"","post_name":"marjane-satrapi","to_ping":"","pinged":"","post_modified":"2022-10-14 17:43:59","post_modified_gmt":"2022-10-14 15:43:59","post_content_filtered":"","post_parent":0,"guid":"http:\/\/dev.claret.cat\/autor\/marjane-satrapi\/","menu_order":0,"post_type":"autor","post_mime_type":"","comment_count":"0","filter":"raw"}]},"aioseo_notices":[],"_links":{"self":[{"href":"https:\/\/www.claret.cat\/es\/wp-json\/wp\/v2\/product\/176508","targetHints":{"allow":["GET"]}}],"collection":[{"href":"https:\/\/www.claret.cat\/es\/wp-json\/wp\/v2\/product"}],"about":[{"href":"https:\/\/www.claret.cat\/es\/wp-json\/wp\/v2\/types\/product"}],"wp:featuredmedia":[{"embeddable":true,"href":"https:\/\/www.claret.cat\/es\/wp-json\/wp\/v2\/media\/176509"}],"wp:attachment":[{"href":"https:\/\/www.claret.cat\/es\/wp-json\/wp\/v2\/media?parent=176508"}],"wp:term":[{"taxonomy":"product_brand","embeddable":true,"href":"https:\/\/www.claret.cat\/es\/wp-json\/wp\/v2\/product_brand?post=176508"},{"taxonomy":"product_cat","embeddable":true,"href":"https:\/\/www.claret.cat\/es\/wp-json\/wp\/v2\/product_cat?post=176508"},{"taxonomy":"product_tag","embeddable":true,"href":"https:\/\/www.claret.cat\/es\/wp-json\/wp\/v2\/product_tag?post=176508"}],"curies":[{"name":"wp","href":"https:\/\/api.w.org\/{rel}","templated":true}]}}