{"id":176541,"date":"2022-10-20T02:04:34","date_gmt":"2022-10-20T00:04:34","guid":{"rendered":"http:\/\/dev.claret.cat\/producte\/secundaris\/"},"modified":"2023-01-28T05:10:53","modified_gmt":"2023-01-28T04:10:53","slug":"secundaris-9788417188535","status":"publish","type":"product","link":"https:\/\/www.claret.cat\/es\/libro\/secundaris-9788417188535\/","title":{"rendered":"SECUNDARIS"},"content":{"rendered":"<p>El Sergi ha matat un vell i campa estranyament tranquil amb una maleta plena de bitllets. La Conxi no ha fet res i est\u00e0 tancada a la pres\u00f3 procurant aprendre un nou llenguatge per no ensorrar-se. Comen\u00e7a la hist\u00f2ria. Barcelona acaba de celebrar les Olimp\u00edades glorioses i ara hi desfilen les desferres mentre es fa recompte de vict\u00f2ries i derrotes. El revers de la medalla \u00e9s el Tur\u00f3 de la Peira, un niu de secundaris que fan el que poden per no quedar redu\u00efts als clix\u00e9s d\u2019una pel\u00b7l\u00edcula de barri. El ciment criminal del constructor Sanahuja els t\u00e9 atemorits i tothom mira cap a una altra banda. Se suposa que ara, el Sergi, hauria de fer plans.<br \/>Per\u00f2 abans ha de fer la primera i \u00faltima bona obra de la seva vida, que t\u00e9 a veure amb la Conxi i amb la seva relativa innoc\u00e8ncia. Far\u00e0 aix\u00f2 i s\u2019esfumar\u00e0, diu ell, que aquesta ciutat ja l\u2019ha vist prou. Ara s\u00ed, comen\u00e7a la hist\u00f2ria.<\/p>\n","protected":false},"excerpt":{"rendered":"<p>CADENES ALAB\u00c8RNIA, N\u00daRIA<\/p>\n","protected":false},"featured_media":176542,"template":"","meta":{"_acf_changed":false,"om_disable_all_campaigns":false,"rs_blank_template":"","rs_page_bg_color":"","slide_template_v7":"","inline_featured_image":false,"_monsterinsights_skip_tracking":false,"_monsterinsights_sitenote_active":false,"_monsterinsights_sitenote_note":"","_monsterinsights_sitenote_category":0},"product_brand":[],"product_cat":[87],"product_tag":[],"class_list":{"0":"post-176541","1":"product","2":"type-product","3":"status-publish","4":"has-post-thumbnail","6":"product_cat-literatura","8":"first","9":"instock","10":"taxable","11":"shipping-taxable","12":"purchasable","13":"product-type-simple"},"acf":{"autor":"CADENES ALAB\u00c8RNIA, N\u00daRIA","codart":"841718853","libros-coleccion":"Matar el monstre","ediciones":"1","encuadernacion":"Carton\u00e9","fecha_de_publicacion":"01\/09\/2018","novedad":"1","paginas":"144","subtitulo":"","orden":"0","portada":"0","idioma":"cat","editorial":[{"ID":6222,"post_author":"3","post_date":"2022-07-28 17:47:31","post_date_gmt":"2022-07-28 15:47:31","post_content":"","post_title":"Editorial Comanegra","post_excerpt":"","post_status":"publish","comment_status":"closed","ping_status":"closed","post_password":"","post_name":"editorial-comanegra","to_ping":"","pinged":"","post_modified":"2022-07-28 17:47:31","post_modified_gmt":"2022-07-28 15:47:31","post_content_filtered":"","post_parent":0,"guid":"http:\/\/dev.claret.cat\/editorial\/editorial-comanegra\/","menu_order":0,"post_type":"editorial","post_mime_type":"","comment_count":"0","filter":"raw"}],"autores-libros":[{"ID":166014,"post_author":"3","post_date":"2022-10-14 17:59:44","post_date_gmt":"2022-10-14 15:59:44","post_content":"","post_title":"N\u00daRIA CADENES","post_excerpt":"","post_status":"publish","comment_status":"closed","ping_status":"closed","post_password":"","post_name":"nuria-cadenes-2","to_ping":"","pinged":"","post_modified":"2022-10-14 17:59:44","post_modified_gmt":"2022-10-14 15:59:44","post_content_filtered":"","post_parent":0,"guid":"http:\/\/dev.claret.cat\/autor\/nuria-cadenes-2\/","menu_order":0,"post_type":"autor","post_mime_type":"","comment_count":"0","filter":"raw"}]},"aioseo_notices":[],"_links":{"self":[{"href":"https:\/\/www.claret.cat\/es\/wp-json\/wp\/v2\/product\/176541","targetHints":{"allow":["GET"]}}],"collection":[{"href":"https:\/\/www.claret.cat\/es\/wp-json\/wp\/v2\/product"}],"about":[{"href":"https:\/\/www.claret.cat\/es\/wp-json\/wp\/v2\/types\/product"}],"wp:featuredmedia":[{"embeddable":true,"href":"https:\/\/www.claret.cat\/es\/wp-json\/wp\/v2\/media\/176542"}],"wp:attachment":[{"href":"https:\/\/www.claret.cat\/es\/wp-json\/wp\/v2\/media?parent=176541"}],"wp:term":[{"taxonomy":"product_brand","embeddable":true,"href":"https:\/\/www.claret.cat\/es\/wp-json\/wp\/v2\/product_brand?post=176541"},{"taxonomy":"product_cat","embeddable":true,"href":"https:\/\/www.claret.cat\/es\/wp-json\/wp\/v2\/product_cat?post=176541"},{"taxonomy":"product_tag","embeddable":true,"href":"https:\/\/www.claret.cat\/es\/wp-json\/wp\/v2\/product_tag?post=176541"}],"curies":[{"name":"wp","href":"https:\/\/api.w.org\/{rel}","templated":true}]}}