{"id":176604,"date":"2022-10-20T02:05:43","date_gmt":"2022-10-20T00:05:43","guid":{"rendered":"http:\/\/dev.claret.cat\/producte\/secret-kingdom-33\/"},"modified":"2025-01-31T18:24:07","modified_gmt":"2025-01-31T17:24:07","slug":"secret-kingdom-33-9788424662059","status":"publish","type":"product","link":"https:\/\/www.claret.cat\/es\/libro\/secret-kingdom-33-9788424662059\/","title":{"rendered":"SECRET KINGDOM 33"},"content":{"rendered":"<p>La reina Mal\u00edcia ha llan\u00e7at el seu malefici m\u00e9s poder\u00f3s! El Regne Secret est\u00e0 en perill. Per salvar-lo, les tres amigues hauran de trobar el tercer Objecte Encantat, per\u00f2 la sorra del rellotge continua caient, i la m\u00e0gia del regne est\u00e0 a punt de desapar\u00e8ixer. Seran a temps d&#8217;aturar la malvada reina?<\/p>\n","protected":false},"excerpt":{"rendered":"<p>BANKS, ROSIE<\/p>\n","protected":false},"featured_media":176605,"template":"","meta":{"_acf_changed":false,"om_disable_all_campaigns":false,"rs_blank_template":"","rs_page_bg_color":"","slide_template_v7":"","inline_featured_image":false,"_monsterinsights_skip_tracking":false,"_monsterinsights_sitenote_active":false,"_monsterinsights_sitenote_note":"","_monsterinsights_sitenote_category":0},"product_brand":[],"product_cat":[90,540],"product_tag":[],"class_list":{"0":"post-176604","1":"product","2":"type-product","3":"status-publish","4":"has-post-thumbnail","6":"product_cat-altres","7":"product_cat-otros","9":"first","10":"instock","11":"taxable","12":"shipping-taxable","13":"purchasable","14":"product-type-simple"},"acf":{"autor":"BANKS, ROSIE","codart":"842466205","libros-coleccion":"Secret Kingdom","ediciones":"1","encuadernacion":"R\u00fastica","fecha_de_publicacion":"01\/09\/2018","novedad":"1","paginas":"122","subtitulo":"LA LL\u00c0NTIA ENLLUERNADORA","orden":"0","portada":"0","idioma":"cat","editorial":[{"ID":148189,"post_author":"3","post_date":"2022-10-14 11:56:19","post_date_gmt":"2022-10-14 09:56:19","post_content":"","post_title":"GALERA, EDITORIAL","post_excerpt":"","post_status":"publish","comment_status":"closed","ping_status":"closed","post_password":"","post_name":"galera-editorial","to_ping":"","pinged":"","post_modified":"2022-10-14 11:56:19","post_modified_gmt":"2022-10-14 09:56:19","post_content_filtered":"","post_parent":0,"guid":"http:\/\/dev.claret.cat\/editorial\/galera-editorial\/","menu_order":0,"post_type":"editorial","post_mime_type":"","comment_count":"0","filter":"raw"}],"autores-libros":[{"ID":168598,"post_author":"3","post_date":"2022-10-14 22:20:24","post_date_gmt":"2022-10-14 20:20:24","post_content":"","post_title":"ROSIE BANKS","post_excerpt":"","post_status":"publish","comment_status":"closed","ping_status":"closed","post_password":"","post_name":"rosie-banks","to_ping":"","pinged":"","post_modified":"2022-10-14 22:20:24","post_modified_gmt":"2022-10-14 20:20:24","post_content_filtered":"","post_parent":0,"guid":"http:\/\/dev.claret.cat\/autor\/rosie-banks\/","menu_order":0,"post_type":"autor","post_mime_type":"","comment_count":"0","filter":"raw"}]},"aioseo_notices":[],"_links":{"self":[{"href":"https:\/\/www.claret.cat\/es\/wp-json\/wp\/v2\/product\/176604","targetHints":{"allow":["GET"]}}],"collection":[{"href":"https:\/\/www.claret.cat\/es\/wp-json\/wp\/v2\/product"}],"about":[{"href":"https:\/\/www.claret.cat\/es\/wp-json\/wp\/v2\/types\/product"}],"wp:featuredmedia":[{"embeddable":true,"href":"https:\/\/www.claret.cat\/es\/wp-json\/wp\/v2\/media\/176605"}],"wp:attachment":[{"href":"https:\/\/www.claret.cat\/es\/wp-json\/wp\/v2\/media?parent=176604"}],"wp:term":[{"taxonomy":"product_brand","embeddable":true,"href":"https:\/\/www.claret.cat\/es\/wp-json\/wp\/v2\/product_brand?post=176604"},{"taxonomy":"product_cat","embeddable":true,"href":"https:\/\/www.claret.cat\/es\/wp-json\/wp\/v2\/product_cat?post=176604"},{"taxonomy":"product_tag","embeddable":true,"href":"https:\/\/www.claret.cat\/es\/wp-json\/wp\/v2\/product_tag?post=176604"}],"curies":[{"name":"wp","href":"https:\/\/api.w.org\/{rel}","templated":true}]}}