{"id":176658,"date":"2022-10-20T02:06:32","date_gmt":"2022-10-20T00:06:32","guid":{"rendered":"http:\/\/dev.claret.cat\/producte\/una-festa-de-disfresses\/"},"modified":"2025-06-03T13:35:41","modified_gmt":"2025-06-03T11:35:41","slug":"una-festa-de-disfresses-9788494918216","status":"publish","type":"product","link":"https:\/\/www.claret.cat\/es\/libro\/una-festa-de-disfresses-9788494918216\/","title":{"rendered":"UNA FESTA DE DISFRESSES"},"content":{"rendered":"<p>Inclou tan sols llibre inoblidables, escrits i il\u00b7lustrats a tot arreu del m\u00f3n fa m\u00e9s de 30 anys. Premiats i de refer\u00e8ncia als seus pa\u00efsos, mai no havien arribat al nostre&#8230; fins ara. S\u00f3n contes seleccionats entre milers. S\u00f3n llibres per sempre.<\/p>\n","protected":false},"excerpt":{"rendered":"<p>CHARLIP, REMY<\/p>\n","protected":false},"featured_media":176659,"template":"","meta":{"_acf_changed":false,"om_disable_all_campaigns":false,"rs_blank_template":"","rs_page_bg_color":"","slide_template_v7":"","inline_featured_image":false,"_monsterinsights_skip_tracking":false,"_monsterinsights_sitenote_active":false,"_monsterinsights_sitenote_note":"","_monsterinsights_sitenote_category":0},"product_brand":[],"product_cat":[86,352],"product_tag":[],"class_list":{"0":"post-176658","1":"product","2":"type-product","3":"status-publish","4":"has-post-thumbnail","6":"product_cat-infantil","7":"product_cat-infantil-3_infantil-juvenil-spa","9":"first","10":"instock","11":"taxable","12":"shipping-taxable","13":"purchasable","14":"product-type-simple"},"acf":{"autor":"CHARLIP, REMY","codart":"849491821","libros-coleccion":"Vintage","ediciones":"1","encuadernacion":"R\u00fastica","fecha_de_publicacion":"01\/09\/2018","novedad":"1","paginas":"0","subtitulo":"","orden":"0","portada":"0","idioma":"cat","editorial":[{"ID":148403,"post_author":"3","post_date":"2022-10-14 11:57:58","post_date_gmt":"2022-10-14 09:57:58","post_content":"","post_title":"LATA DE SAL EDITORIAL","post_excerpt":"","post_status":"publish","comment_status":"closed","ping_status":"closed","post_password":"","post_name":"lata-de-sal-editorial","to_ping":"","pinged":"","post_modified":"2022-10-14 11:57:58","post_modified_gmt":"2022-10-14 09:57:58","post_content_filtered":"","post_parent":0,"guid":"http:\/\/dev.claret.cat\/editorial\/lata-de-sal-editorial\/","menu_order":0,"post_type":"editorial","post_mime_type":"","comment_count":"0","filter":"raw"}],"booktrailer":"","resenas":"","autores-libros":[{"ID":428005,"post_author":"3","post_date":"2023-05-16 09:17:58","post_date_gmt":"2023-05-16 07:17:58","post_content":"","post_title":"REMY CHARLIP","post_excerpt":"","post_status":"publish","comment_status":"closed","ping_status":"closed","post_password":"","post_name":"remy-charlip","to_ping":"","pinged":"","post_modified":"2023-05-16 09:17:58","post_modified_gmt":"2023-05-16 07:17:58","post_content_filtered":"","post_parent":0,"guid":"https:\/\/www.claret.cat\/autor\/remy-charlip\/","menu_order":0,"post_type":"autor","post_mime_type":"","comment_count":"0","filter":"raw"}]},"aioseo_notices":[],"_links":{"self":[{"href":"https:\/\/www.claret.cat\/es\/wp-json\/wp\/v2\/product\/176658","targetHints":{"allow":["GET"]}}],"collection":[{"href":"https:\/\/www.claret.cat\/es\/wp-json\/wp\/v2\/product"}],"about":[{"href":"https:\/\/www.claret.cat\/es\/wp-json\/wp\/v2\/types\/product"}],"wp:featuredmedia":[{"embeddable":true,"href":"https:\/\/www.claret.cat\/es\/wp-json\/wp\/v2\/media\/176659"}],"wp:attachment":[{"href":"https:\/\/www.claret.cat\/es\/wp-json\/wp\/v2\/media?parent=176658"}],"wp:term":[{"taxonomy":"product_brand","embeddable":true,"href":"https:\/\/www.claret.cat\/es\/wp-json\/wp\/v2\/product_brand?post=176658"},{"taxonomy":"product_cat","embeddable":true,"href":"https:\/\/www.claret.cat\/es\/wp-json\/wp\/v2\/product_cat?post=176658"},{"taxonomy":"product_tag","embeddable":true,"href":"https:\/\/www.claret.cat\/es\/wp-json\/wp\/v2\/product_tag?post=176658"}],"curies":[{"name":"wp","href":"https:\/\/api.w.org\/{rel}","templated":true}]}}