{"id":176712,"date":"2022-10-20T02:07:33","date_gmt":"2022-10-20T00:07:33","guid":{"rendered":"http:\/\/dev.claret.cat\/producte\/traicion\/"},"modified":"2025-02-04T18:05:48","modified_gmt":"2025-02-04T17:05:48","slug":"traicion-9788490569559","status":"publish","type":"product","link":"https:\/\/www.claret.cat\/es\/libro\/traicion-9788490569559\/","title":{"rendered":"TRAICI\u00d3N"},"content":{"rendered":"<p>Trece a\u00f1os atr\u00e1s Joe King Oliver era un honesto agente de polic\u00eda de Nueva York con una \u00fanica debilidad: las mujeres. Inconsciente de que ten\u00eda poderosos enemigos en el Cuerpo, fue v\u00edctima de una trampa que lo condujo a la prisi\u00f3n de Rikers Island durante una temporada. V\u00edctima de vejaciones \u2014pero tambi\u00e9n forzado a utilizar la violencia\u2014 y abandonado por su esposa mientras cumpl\u00eda condena, al recuperar la libertad su visi\u00f3n del mundo pas\u00f3 a ser c\u00ednica y desencantada. Hoy ejerce de detective privado con la ayuda de su hija adolescente, la \u00fanica que lo saca de su perenne soledad, y, visto que seguir las reglas y ser honesto no le fueron de mucha utilidad en el pasado, no duda en recurrir a m\u00e9todos poco ortodoxos si lo cree conveniente.<br \/>Despu\u00e9s de recibir una carta de una mujer confes\u00e1ndole que le pagaron por acusarlo de una falsa agresi\u00f3n sexual para meterlo en la sombra, Joe decide investigar qu\u00e9 excompa\u00f1eros tramaron su ca\u00edda y los motivos que les impulsaron a hacerlo. En paralelo acepta ayudar a un activista negro, conocido por su radicalismo pol\u00edtico, sobre el que pende la pena capital al ser acusado de matar a tiros a dos polic\u00edas en acto de servicio. Lo que nadie dice es que los agentes fallecidos trapicheaban con mercanc\u00edas robadas, traficaban con drogas, explotaban sexualmente a j\u00f3venes sin hogar e incluso asesinaban. Ayudado por un soci\u00f3pata sobrado de recursos, Melquarth Frost, sus pesquisas desvelar\u00e1n un entramado de corrupci\u00f3n y brutalidad contra la poblaci\u00f3n negra por parte de aquellos miembros encargados te\u00f3ricamente de su protecci\u00f3n. En busca de justicia social y redenci\u00f3n personal, el protagonista avanzar\u00e1 por una jungla de agentes de la ley y abogados taimados preocup\u00e1ndose de mantener a su hija alejada del peligro.<\/p>\n","protected":false},"excerpt":{"rendered":"<p>MOSLEY, WALTER<\/p>\n","protected":false},"featured_media":176713,"template":"","meta":{"_acf_changed":false,"om_disable_all_campaigns":false,"rs_blank_template":"","rs_page_bg_color":"","slide_template_v7":"","inline_featured_image":false,"_monsterinsights_skip_tracking":false,"_monsterinsights_sitenote_active":false,"_monsterinsights_sitenote_note":"","_monsterinsights_sitenote_category":0},"product_brand":[],"product_cat":[87,353],"product_tag":[],"class_list":{"0":"post-176712","1":"product","2":"type-product","3":"status-publish","4":"has-post-thumbnail","6":"product_cat-literatura","7":"product_cat-literatura-2_humanidades","9":"first","10":"instock","11":"taxable","12":"shipping-taxable","13":"purchasable","14":"product-type-simple"},"acf":{"autor":"MOSLEY, WALTER","codart":"849056955","libros-coleccion":"NOVELA POLIC\u00cdACA BIB","ediciones":"1","encuadernacion":"Carton\u00e9","fecha_de_publicacion":"01\/09\/2018","novedad":"1","paginas":"315","subtitulo":"PREMIO RBA NOVELA POLIC\u00cdACA 2018","orden":"0","portada":"0","idioma":"spa","editorial":[{"ID":148737,"post_author":"3","post_date":"2022-10-14 12:00:35","post_date_gmt":"2022-10-14 10:00:35","post_content":"","post_title":"RBA Libros","post_excerpt":"","post_status":"publish","comment_status":"closed","ping_status":"closed","post_password":"","post_name":"rba-libros","to_ping":"","pinged":"","post_modified":"2022-10-14 12:00:35","post_modified_gmt":"2022-10-14 10:00:35","post_content_filtered":"","post_parent":0,"guid":"http:\/\/dev.claret.cat\/editorial\/rba-libros\/","menu_order":0,"post_type":"editorial","post_mime_type":"","comment_count":"0","filter":"raw"}],"autores-libros":[{"ID":429410,"post_author":"3","post_date":"2023-05-16 09:47:43","post_date_gmt":"2023-05-16 07:47:43","post_content":"","post_title":"WALTER MOSLEY","post_excerpt":"","post_status":"publish","comment_status":"closed","ping_status":"closed","post_password":"","post_name":"walter-mosley-2","to_ping":"","pinged":"","post_modified":"2023-05-16 09:47:43","post_modified_gmt":"2023-05-16 07:47:43","post_content_filtered":"","post_parent":0,"guid":"https:\/\/www.claret.cat\/autor\/walter-mosley-2\/","menu_order":0,"post_type":"autor","post_mime_type":"","comment_count":"0","filter":"raw"}]},"aioseo_notices":[],"_links":{"self":[{"href":"https:\/\/www.claret.cat\/es\/wp-json\/wp\/v2\/product\/176712","targetHints":{"allow":["GET"]}}],"collection":[{"href":"https:\/\/www.claret.cat\/es\/wp-json\/wp\/v2\/product"}],"about":[{"href":"https:\/\/www.claret.cat\/es\/wp-json\/wp\/v2\/types\/product"}],"wp:featuredmedia":[{"embeddable":true,"href":"https:\/\/www.claret.cat\/es\/wp-json\/wp\/v2\/media\/176713"}],"wp:attachment":[{"href":"https:\/\/www.claret.cat\/es\/wp-json\/wp\/v2\/media?parent=176712"}],"wp:term":[{"taxonomy":"product_brand","embeddable":true,"href":"https:\/\/www.claret.cat\/es\/wp-json\/wp\/v2\/product_brand?post=176712"},{"taxonomy":"product_cat","embeddable":true,"href":"https:\/\/www.claret.cat\/es\/wp-json\/wp\/v2\/product_cat?post=176712"},{"taxonomy":"product_tag","embeddable":true,"href":"https:\/\/www.claret.cat\/es\/wp-json\/wp\/v2\/product_tag?post=176712"}],"curies":[{"name":"wp","href":"https:\/\/api.w.org\/{rel}","templated":true}]}}