{"id":176751,"date":"2022-10-20T02:08:20","date_gmt":"2022-10-20T00:08:20","guid":{"rendered":"http:\/\/dev.claret.cat\/producte\/mi-agenda-roja-2019\/"},"modified":"2023-01-28T05:41:17","modified_gmt":"2023-01-28T04:41:17","slug":"mi-agenda-roja-2019-9788494845840","status":"publish","type":"product","link":"https:\/\/www.claret.cat\/es\/libro\/mi-agenda-roja-2019-9788494845840\/","title":{"rendered":"MI AGENDA ROJA 2019"},"content":{"rendered":"<p>Quiz\u00e1s encontraste esta Agenda porque lo que deseas es abrir una puerta a trav\u00e9s de la cual explorar tu ciclo menstrual y escuchar todo lo que te regala mes a mes, luna a luna.<br \/>Pero tambi\u00e9n puede ser que la Agenda Roja haya llegado a ti y t\u00fa no menstr\u00faes\u2026 Porque a\u00fan no te haya venido la primera menstruaci\u00f3n, porque hayas iniciado la menopausia (y ya tengas a la luna dentro de ti), porque no tengas ovarios, o \u00fatero, porque est\u00e9s embarazada, amamantando o en el posparto\u2026 O por cualquier otra raz\u00f3n.<br \/>Y es mi intenci\u00f3n que \u2014si as\u00ed lo deseas\u2014 tambi\u00e9n hagas tuya esta agenda y sea una herramienta que te ayude a conocerte y respetarte, mes a mes. Todas las personas somos parte de este universo cambiante. Y esta es una agenda para todos los cuerpos. Una agenda que nos acompa\u00f1a en el camino del auto-cuidado y del respeto.<\/p>\n","protected":false},"excerpt":{"rendered":"<p>MARIN,FRANCIS\/ROMERO,CRISTINA<\/p>\n","protected":false},"featured_media":176752,"template":"","meta":{"_acf_changed":false,"om_disable_all_campaigns":false,"rs_blank_template":"","rs_page_bg_color":"","slide_template_v7":"","inline_featured_image":false,"_monsterinsights_skip_tracking":false,"_monsterinsights_sitenote_active":false,"_monsterinsights_sitenote_note":"","_monsterinsights_sitenote_category":0},"product_brand":[],"product_cat":[102],"product_tag":[],"class_list":{"0":"post-176751","1":"product","2":"type-product","3":"status-publish","4":"has-post-thumbnail","6":"product_cat-calendaris-i-agendes","8":"first","9":"instock","10":"taxable","11":"shipping-taxable","12":"purchasable","13":"product-type-simple"},"acf":{"autor":"MARIN,FRANCIS\/ROMERO,CRISTINA","codart":"849484584","libros-coleccion":"","ediciones":"1","encuadernacion":"R\u00fastica","fecha_de_publicacion":"01\/09\/2018","novedad":"1","paginas":"0","subtitulo":"","orden":"0","portada":"0","idioma":"spa","editorial":[{"ID":148598,"post_author":"3","post_date":"2022-10-14 11:59:29","post_date_gmt":"2022-10-14 09:59:29","post_content":"","post_title":"OB STARE EDITORIAL","post_excerpt":"","post_status":"publish","comment_status":"closed","ping_status":"closed","post_password":"","post_name":"ob-stare-editorial","to_ping":"","pinged":"","post_modified":"2022-10-14 11:59:29","post_modified_gmt":"2022-10-14 09:59:29","post_content_filtered":"","post_parent":0,"guid":"http:\/\/dev.claret.cat\/editorial\/ob-stare-editorial\/","menu_order":0,"post_type":"editorial","post_mime_type":"","comment_count":"0","filter":"raw"}],"autores-libros":[{"ID":156193,"post_author":"3","post_date":"2022-10-14 15:18:51","post_date_gmt":"2022-10-14 13:18:51","post_content":"","post_title":"FRANCIS MARIN","post_excerpt":"","post_status":"publish","comment_status":"closed","ping_status":"closed","post_password":"","post_name":"francis-marin","to_ping":"","pinged":"","post_modified":"2022-10-14 15:18:51","post_modified_gmt":"2022-10-14 13:18:51","post_content_filtered":"","post_parent":0,"guid":"http:\/\/dev.claret.cat\/autor\/francis-marin\/","menu_order":0,"post_type":"autor","post_mime_type":"","comment_count":"0","filter":"raw"},{"ID":153389,"post_author":"3","post_date":"2022-10-14 14:56:23","post_date_gmt":"2022-10-14 12:56:23","post_content":"","post_title":"CRISTINA ROMERO","post_excerpt":"","post_status":"publish","comment_status":"closed","ping_status":"closed","post_password":"","post_name":"cristina-romero","to_ping":"","pinged":"","post_modified":"2022-10-14 14:56:23","post_modified_gmt":"2022-10-14 12:56:23","post_content_filtered":"","post_parent":0,"guid":"http:\/\/dev.claret.cat\/autor\/cristina-romero\/","menu_order":0,"post_type":"autor","post_mime_type":"","comment_count":"0","filter":"raw"}]},"aioseo_notices":[],"_links":{"self":[{"href":"https:\/\/www.claret.cat\/es\/wp-json\/wp\/v2\/product\/176751","targetHints":{"allow":["GET"]}}],"collection":[{"href":"https:\/\/www.claret.cat\/es\/wp-json\/wp\/v2\/product"}],"about":[{"href":"https:\/\/www.claret.cat\/es\/wp-json\/wp\/v2\/types\/product"}],"wp:featuredmedia":[{"embeddable":true,"href":"https:\/\/www.claret.cat\/es\/wp-json\/wp\/v2\/media\/176752"}],"wp:attachment":[{"href":"https:\/\/www.claret.cat\/es\/wp-json\/wp\/v2\/media?parent=176751"}],"wp:term":[{"taxonomy":"product_brand","embeddable":true,"href":"https:\/\/www.claret.cat\/es\/wp-json\/wp\/v2\/product_brand?post=176751"},{"taxonomy":"product_cat","embeddable":true,"href":"https:\/\/www.claret.cat\/es\/wp-json\/wp\/v2\/product_cat?post=176751"},{"taxonomy":"product_tag","embeddable":true,"href":"https:\/\/www.claret.cat\/es\/wp-json\/wp\/v2\/product_tag?post=176751"}],"curies":[{"name":"wp","href":"https:\/\/api.w.org\/{rel}","templated":true}]}}