{"id":176817,"date":"2022-10-20T02:09:40","date_gmt":"2022-10-20T00:09:40","guid":{"rendered":"http:\/\/dev.claret.cat\/producte\/los-olvidados-serie-john-puller-2\/"},"modified":"2023-01-28T16:24:06","modified_gmt":"2023-01-28T15:24:06","slug":"los-olvidados-serie-john-puller-2-9788490706732","status":"publish","type":"product","link":"https:\/\/www.claret.cat\/es\/libro\/los-olvidados-serie-john-puller-2-9788490706732\/","title":{"rendered":"LOS OLVIDADOS (SERIE JOHN PULLER 2)"},"content":{"rendered":"<p>Un nuevo caso de John Puller, el protagonista de D\u00eda Cero. En el Para\u00edso nada es lo que parece. John Puller es el mejor. Veterano de guerra y agente especial, es el  hombre en quien el ej\u00e9rcito de Estados Unidos conf\u00eda para investigar los delitos m\u00e1s complicados a los que se enfrenta la naci\u00f3n. Ahora debe resolver un nuevo caso, pero esta vez el delito lo afecta  personalmente: su t\u00eda ha sido hallada muerta en Paradise, una ciudad muy bonita situada en la costa del golfo de Florida, que prospera gracias a los turistas ricos, atra\u00eddos por sus estupendas playas y su clima maravilloso. La polic\u00eda del lugar ha decidido que la muerte de su t\u00eda se debi\u00f3 a un desgraciado accidente. Pero justo antes de morir le envi\u00f3 una carta al padre de Puller donde le dec\u00eda que, bajo su bello y lustroso exterior, Paradise no era lo que parec\u00eda. Lo que Puller descubre lo convence de que la muerte de su t\u00eda no fue un accidente&#8230; Rese\u00f1as:<br \/>\u00abOtra apasionante novela de David Baldacci que te mantendr\u00e1 pegado al sof\u00e1.\u00bb<br \/>Examiner \u00abBaldacci es un maestro cuando se trata de escribir sobre conspiraciones  en peque\u00f1as ciudades y un h\u00e9roe solitario que lucha contra  viento y  marea para erradicar la corrupci\u00f3n&#8230;La revelaci\u00f3n final sorprender\u00e1 incluso a los lectores m\u00e1s avezados.\u00bb<br \/>The Washington Post \u00abBaldacci posee el talento suficiente para evitar que la trama pierda  inter\u00e9s desde la primera p\u00e1gina hasta el final de la historia.\u00bb<br \/>The Huffington Post \u00abRepleto de personajes fascinantes y memorables, y de situaciones tensas# con mano maestra, proporciona un espl\u00e9ndido entretenimiento y un relato de un ritmo vertiginoso.\u00bb<br \/>Lansing State  Journal<\/p>\n","protected":false},"excerpt":{"rendered":"<p>BALDACCI, DAVID<\/p>\n","protected":false},"featured_media":176818,"template":"","meta":{"_acf_changed":false,"om_disable_all_campaigns":false,"rs_blank_template":"","rs_page_bg_color":"","slide_template_v7":"","inline_featured_image":false,"_monsterinsights_skip_tracking":false,"_monsterinsights_sitenote_active":false,"_monsterinsights_sitenote_note":"","_monsterinsights_sitenote_category":0},"product_brand":[],"product_cat":[87],"product_tag":[],"class_list":{"0":"post-176817","1":"product","2":"type-product","3":"status-publish","4":"has-post-thumbnail","6":"product_cat-literatura","8":"first","9":"instock","10":"taxable","11":"shipping-taxable","12":"purchasable","13":"product-type-simple"},"acf":{"autor":"BALDACCI, DAVID","codart":"849070673","libros-coleccion":"Ficci\u00f3n","ediciones":"1","encuadernacion":"R\u00fastica","fecha_de_publicacion":"01\/09\/2018","novedad":"1","paginas":"462","subtitulo":"","orden":"0","portada":"0","idioma":"spa","editorial":[{"ID":6138,"post_author":"3","post_date":"2022-07-28 17:45:42","post_date_gmt":"2022-07-28 15:45:42","post_content":"","post_title":"B de Bolsillo (Ediciones B)","post_excerpt":"","post_status":"publish","comment_status":"closed","ping_status":"closed","post_password":"","post_name":"b-de-bolsillo-ediciones-b","to_ping":"","pinged":"","post_modified":"2022-07-28 17:45:42","post_modified_gmt":"2022-07-28 15:45:42","post_content_filtered":"","post_parent":0,"guid":"http:\/\/dev.claret.cat\/editorial\/b-de-bolsillo-ediciones-b\/","menu_order":0,"post_type":"editorial","post_mime_type":"","comment_count":"0","filter":"raw"}],"autores-libros":[{"ID":153747,"post_author":"3","post_date":"2022-10-14 14:59:12","post_date_gmt":"2022-10-14 12:59:12","post_content":"","post_title":"DAVID BALDACCI","post_excerpt":"","post_status":"publish","comment_status":"closed","ping_status":"closed","post_password":"","post_name":"david-baldacci","to_ping":"","pinged":"","post_modified":"2022-10-14 14:59:12","post_modified_gmt":"2022-10-14 12:59:12","post_content_filtered":"","post_parent":0,"guid":"http:\/\/dev.claret.cat\/autor\/david-baldacci\/","menu_order":0,"post_type":"autor","post_mime_type":"","comment_count":"0","filter":"raw"}]},"aioseo_notices":[],"_links":{"self":[{"href":"https:\/\/www.claret.cat\/es\/wp-json\/wp\/v2\/product\/176817","targetHints":{"allow":["GET"]}}],"collection":[{"href":"https:\/\/www.claret.cat\/es\/wp-json\/wp\/v2\/product"}],"about":[{"href":"https:\/\/www.claret.cat\/es\/wp-json\/wp\/v2\/types\/product"}],"wp:featuredmedia":[{"embeddable":true,"href":"https:\/\/www.claret.cat\/es\/wp-json\/wp\/v2\/media\/176818"}],"wp:attachment":[{"href":"https:\/\/www.claret.cat\/es\/wp-json\/wp\/v2\/media?parent=176817"}],"wp:term":[{"taxonomy":"product_brand","embeddable":true,"href":"https:\/\/www.claret.cat\/es\/wp-json\/wp\/v2\/product_brand?post=176817"},{"taxonomy":"product_cat","embeddable":true,"href":"https:\/\/www.claret.cat\/es\/wp-json\/wp\/v2\/product_cat?post=176817"},{"taxonomy":"product_tag","embeddable":true,"href":"https:\/\/www.claret.cat\/es\/wp-json\/wp\/v2\/product_tag?post=176817"}],"curies":[{"name":"wp","href":"https:\/\/api.w.org\/{rel}","templated":true}]}}