{"id":176871,"date":"2022-10-20T02:10:44","date_gmt":"2022-10-20T00:10:44","guid":{"rendered":"http:\/\/dev.claret.cat\/producte\/breve-historia-de-la-reconquista\/"},"modified":"2025-06-03T13:32:14","modified_gmt":"2025-06-03T11:32:14","slug":"breve-historia-de-la-reconquista-9788499679648","status":"publish","type":"product","link":"https:\/\/www.claret.cat\/es\/libro\/breve-historia-de-la-reconquista-9788499679648\/","title":{"rendered":"BREVE HISTORIA DE LA RECONQUISTA"},"content":{"rendered":"<p>La fascinante historia del proceso de recuperaci\u00f3n de Hispania bajo control musulm\u00e1n desde el a\u00f1o 711. Desde los primeros g\u00e9rmenes del reino Astur-Leon\u00e9s y la expansi\u00f3n cristiana en el siglo XIII, hasta las Taifas, las Navas de Tolosa y la entrega final del reino nazar\u00ed de Granada a los Reyes Cat\u00f3licos en 1492. Una rigurosa y actualizada historia de los 800 a\u00f1os que definen el medievo peninsular.El a\u00f1o 711 marcar\u00e1 profundamente a la pen\u00ednsula ib\u00e9rica. La concatenaci\u00f3n de diversos factores que provocaron el caos en el reino visigodo, permitir\u00e1 la invasi\u00f3n peninsular del creciente poder isl\u00e1mico al punto que en unos pocos a\u00f1os todo el territorio ib\u00e9rico qued\u00f3 bajo su control e incluso se adentraron en territorio franco. Los cristianos tan s\u00f3lo lograron poner un m\u00ednimo de resistencia y reorganizarse en las monta\u00f1as del norte (Cordillera Cant\u00e1brica y Pirineos) donde se crear\u00e1n diversos n\u00facleos g\u00e9rmenes de los reinos medievales de Asturias-Le\u00f3n y Navarra y los condados Portucalense, Castilla, Arag\u00f3n y los condados catalanes. Estos n\u00facleos cristianos, gracias a campa\u00f1as militares decididas, lograron asentarse y prosperar aunque muy lentamente, especialmente el reino astur le\u00f3n\u00e9s, ya que Zaragoza supon\u00eda un freno muy importante para el desarrollo de los n\u00facleos pirenaicos.<br \/> Tras el momento de las campa\u00f1as de Almanzor y la formaci\u00f3n de los reinos de Taifas que supusieron la desmembraci\u00f3n del califato, la balanza del poder cambi\u00f3 siendo la iniciativa ya propia de los reinos cristianos en detrimento de los taifas. Ni la ayuda de las tribus almor\u00e1vides, almohades y benimerines supusieron un cambio sustancial en la situaci\u00f3n. Los reinos cristianos siguieron ocupando plazas musulmanas especialmente en el siglo XIII, momento en que el que Castilla y Le\u00f3n ocupa Andaluc\u00eda, Portugal logra reconquistar el Algarve y Arag\u00f3n puede incluso hacer operaciones anfibias y atacar las Baleares. Al final de dicho siglo s\u00f3lo resistir\u00e1 el reino nazar\u00ed de Granada.<br \/> La Granada nazar\u00ed sobrevivir\u00e1 doscientos a\u00f1os m\u00e1s, su configuraci\u00f3n geogr\u00e1fica, su riqueza medida en el pago de parias (impuestos) a Castilla y la din\u00e1mica interna de la corona castellana envuelta en diversos conflictos explica en gran parte la persistencia de Granada. La llegada al trono de Castilla de Isabel I y su marido Fernando de Arag\u00f3n marcar\u00e1 el fin. Los Reyes Cat\u00f3licos convertir\u00e1n la conquista de Granada en uno de los principales ejes de su pol\u00edtica y para ello pondr\u00e1n todos los recursos de su reino. Granada se entreg\u00f3 un 3 de enero de 1492, casi ochocientos a\u00f1os despu\u00e9s de la llegada de los musulmanes.<\/p>\n","protected":false},"excerpt":{"rendered":"<p>DE LA TORRE RODR\u00cdGUEZ, JOS\u00c9 IGNACIO<\/p>\n","protected":false},"featured_media":176872,"template":"","meta":{"_acf_changed":false,"om_disable_all_campaigns":false,"rs_blank_template":"","rs_page_bg_color":"","slide_template_v7":"","inline_featured_image":false,"_monsterinsights_skip_tracking":false,"_monsterinsights_sitenote_active":false,"_monsterinsights_sitenote_note":"","_monsterinsights_sitenote_category":0},"product_brand":[],"product_cat":[85,351],"product_tag":[],"class_list":{"0":"post-176871","1":"product","2":"type-product","3":"status-publish","4":"has-post-thumbnail","6":"product_cat-historia","7":"product_cat-historia-2_humanidades","9":"first","10":"instock","11":"taxable","12":"shipping-taxable","13":"purchasable","14":"product-type-simple"},"acf":{"autor":"DE LA TORRE RODR\u00cdGUEZ, JOS\u00c9 IGNACIO","codart":"849967964","libros-coleccion":"Breve Historia","ediciones":"1","encuadernacion":"R\u00fastica","fecha_de_publicacion":"01\/09\/2018","novedad":"1","paginas":"334","subtitulo":"","orden":"0","portada":"0","idioma":"spa","editorial":[{"ID":148589,"post_author":"3","post_date":"2022-10-14 11:59:25","post_date_gmt":"2022-10-14 09:59:25","post_content":"","post_title":"NOWTILUS EDITORIAL","post_excerpt":"","post_status":"publish","comment_status":"closed","ping_status":"closed","post_password":"","post_name":"nowtilus-editorial","to_ping":"","pinged":"","post_modified":"2022-10-14 11:59:25","post_modified_gmt":"2022-10-14 09:59:25","post_content_filtered":"","post_parent":0,"guid":"http:\/\/dev.claret.cat\/editorial\/nowtilus-editorial\/","menu_order":0,"post_type":"editorial","post_mime_type":"","comment_count":"0","filter":"raw"}],"autores-libros":[{"ID":160275,"post_author":"3","post_date":"2022-10-14 15:51:45","post_date_gmt":"2022-10-14 13:51:45","post_content":"","post_title":"JOS\u00c9 IGNACIO DE LA TORRE RODR\u00cdGUEZ","post_excerpt":"","post_status":"publish","comment_status":"closed","ping_status":"closed","post_password":"","post_name":"jose-ignacio-de-la-torre-rodriguez","to_ping":"","pinged":"","post_modified":"2022-10-14 15:51:45","post_modified_gmt":"2022-10-14 13:51:45","post_content_filtered":"","post_parent":0,"guid":"http:\/\/dev.claret.cat\/autor\/jose-ignacio-de-la-torre-rodriguez\/","menu_order":0,"post_type":"autor","post_mime_type":"","comment_count":"0","filter":"raw"}],"booktrailer":"","resenas":""},"aioseo_notices":[],"_links":{"self":[{"href":"https:\/\/www.claret.cat\/es\/wp-json\/wp\/v2\/product\/176871","targetHints":{"allow":["GET"]}}],"collection":[{"href":"https:\/\/www.claret.cat\/es\/wp-json\/wp\/v2\/product"}],"about":[{"href":"https:\/\/www.claret.cat\/es\/wp-json\/wp\/v2\/types\/product"}],"wp:featuredmedia":[{"embeddable":true,"href":"https:\/\/www.claret.cat\/es\/wp-json\/wp\/v2\/media\/176872"}],"wp:attachment":[{"href":"https:\/\/www.claret.cat\/es\/wp-json\/wp\/v2\/media?parent=176871"}],"wp:term":[{"taxonomy":"product_brand","embeddable":true,"href":"https:\/\/www.claret.cat\/es\/wp-json\/wp\/v2\/product_brand?post=176871"},{"taxonomy":"product_cat","embeddable":true,"href":"https:\/\/www.claret.cat\/es\/wp-json\/wp\/v2\/product_cat?post=176871"},{"taxonomy":"product_tag","embeddable":true,"href":"https:\/\/www.claret.cat\/es\/wp-json\/wp\/v2\/product_tag?post=176871"}],"curies":[{"name":"wp","href":"https:\/\/api.w.org\/{rel}","templated":true}]}}