{"id":176907,"date":"2022-10-20T02:11:27","date_gmt":"2022-10-20T00:11:27","guid":{"rendered":"http:\/\/dev.claret.cat\/producte\/tormenta-de-guerra\/"},"modified":"2023-01-28T13:34:18","modified_gmt":"2023-01-28T12:34:18","slug":"tormenta-de-guerra-9788494799778","status":"publish","type":"product","link":"https:\/\/www.claret.cat\/es\/libro\/tormenta-de-guerra-9788494799778\/","title":{"rendered":"TORMENTA DE GUERRA"},"content":{"rendered":"<p>\u00abLa reina Roja es una historia sugerente e imaginativa donde el amor y la revoluci\u00f3n colisionan, y donde el poder y la justicia se baten en duelo. Es excitante, absorbente, est\u00e1 llena de acci\u00f3n y no podr\u00e1s dejar de leerla.\u00bb USA Today<br \/>\u00abT\u00fa forjaste esta corona, \u00fasala ahora, o no lo hagas jam\u00e1s.\u00bb<br \/>Mare Barrow aprendi\u00f3 que toda victoria tiene un precio cuando fue traicionada por Cal. Ahora, decidida a proteger su coraz\u00f3n y a asegurar la libertad de los Rojos y los nueva-sangre como ella, Mare resuelve derrocar el reino de Norta de una vez por todas? comenzando con su nuevo monarca, el rey Maven.<br \/>Pero ninguna corona se conquista sola y antes de que los Rojos se levanten, Mare debe unirse al muchacho que le rompi\u00f3 el coraz\u00f3n para poder vencer al joven que casi acaba con ella. La guerra est\u00e1 a punto de estallar, y aquello por lo que Mare ha dado su vida se encuentra en juego. \u00bfSer\u00e1 suficiente lograr la victoria para destronar a los reinos Plateados o se acallar\u00e1 a la Ni\u00f1a Rel\u00e1mpago para siempre?<\/p>\n","protected":false},"excerpt":{"rendered":"<p>AVEYARD, VICTORIA<\/p>\n","protected":false},"featured_media":176908,"template":"","meta":{"_acf_changed":false,"om_disable_all_campaigns":false,"rs_blank_template":"","rs_page_bg_color":"","slide_template_v7":"","inline_featured_image":false,"_monsterinsights_skip_tracking":false,"_monsterinsights_sitenote_active":false,"_monsterinsights_sitenote_note":"","_monsterinsights_sitenote_category":0},"product_brand":[],"product_cat":[117,87],"product_tag":[],"class_list":{"0":"post-176907","1":"product","2":"type-product","3":"status-publish","4":"has-post-thumbnail","6":"product_cat-juvenil","7":"product_cat-literatura","9":"first","10":"instock","11":"taxable","12":"shipping-taxable","13":"purchasable","14":"product-type-simple"},"acf":{"autor":"AVEYARD, VICTORIA","codart":"849479977","libros-coleccion":"GRAN TRAVES\u00cdA","ediciones":"1","encuadernacion":"R\u00fastica","fecha_de_publicacion":"01\/09\/2018","novedad":"1","paginas":"772","subtitulo":"","orden":"0","portada":"0","idioma":"spa","editorial":[{"ID":148219,"post_author":"3","post_date":"2022-10-14 11:56:33","post_date_gmt":"2022-10-14 09:56:33","post_content":"","post_title":"GRAN TRAVESIA","post_excerpt":"","post_status":"publish","comment_status":"closed","ping_status":"closed","post_password":"","post_name":"gran-travesia","to_ping":"","pinged":"","post_modified":"2022-10-14 11:56:33","post_modified_gmt":"2022-10-14 09:56:33","post_content_filtered":"","post_parent":0,"guid":"http:\/\/dev.claret.cat\/editorial\/gran-travesia\/","menu_order":0,"post_type":"editorial","post_mime_type":"","comment_count":"0","filter":"raw"}],"autores-libros":[{"ID":171069,"post_author":"3","post_date":"2022-10-14 22:40:26","post_date_gmt":"2022-10-14 20:40:26","post_content":"","post_title":"VICTORIA AVEYARD","post_excerpt":"","post_status":"publish","comment_status":"closed","ping_status":"closed","post_password":"","post_name":"victoria-aveyard","to_ping":"","pinged":"","post_modified":"2022-10-14 22:40:26","post_modified_gmt":"2022-10-14 20:40:26","post_content_filtered":"","post_parent":0,"guid":"http:\/\/dev.claret.cat\/autor\/victoria-aveyard\/","menu_order":0,"post_type":"autor","post_mime_type":"","comment_count":"0","filter":"raw"}]},"aioseo_notices":[],"_links":{"self":[{"href":"https:\/\/www.claret.cat\/es\/wp-json\/wp\/v2\/product\/176907","targetHints":{"allow":["GET"]}}],"collection":[{"href":"https:\/\/www.claret.cat\/es\/wp-json\/wp\/v2\/product"}],"about":[{"href":"https:\/\/www.claret.cat\/es\/wp-json\/wp\/v2\/types\/product"}],"wp:featuredmedia":[{"embeddable":true,"href":"https:\/\/www.claret.cat\/es\/wp-json\/wp\/v2\/media\/176908"}],"wp:attachment":[{"href":"https:\/\/www.claret.cat\/es\/wp-json\/wp\/v2\/media?parent=176907"}],"wp:term":[{"taxonomy":"product_brand","embeddable":true,"href":"https:\/\/www.claret.cat\/es\/wp-json\/wp\/v2\/product_brand?post=176907"},{"taxonomy":"product_cat","embeddable":true,"href":"https:\/\/www.claret.cat\/es\/wp-json\/wp\/v2\/product_cat?post=176907"},{"taxonomy":"product_tag","embeddable":true,"href":"https:\/\/www.claret.cat\/es\/wp-json\/wp\/v2\/product_tag?post=176907"}],"curies":[{"name":"wp","href":"https:\/\/api.w.org\/{rel}","templated":true}]}}